{"id":7602,"date":"2026-04-16T15:12:56","date_gmt":"2026-04-16T13:12:56","guid":{"rendered":"https:\/\/impulsmethode.at\/?post_type=product&#038;p=7602"},"modified":"2026-04-16T15:19:15","modified_gmt":"2026-04-16T13:19:15","slug":"equimpulse","status":"publish","type":"product","link":"https:\/\/impulsmethode.at\/en\/product-2\/equimpulse\/","title":{"rendered":"EquImpulse &#8211; Ganzheitliches Trainings- und Rehabilitationssystem f\u00fcr Pferde"},"content":{"rendered":"<p class=\"p1\"><strong><em>\u201eWir glauben, dass wahre St\u00e4rke mit Freundlichkeit beginnt. Deshalb basiert EquImpulse auf ethischem Training: Es ist eine Einladung an das Pferd, seine nat\u00fcrliche Symmetrie und Balance wiederzufinden \u2013 ganz ohne Zwang oder mechanische Einschr\u00e4nkung.\u201c<\/em><\/strong><\/p>\n<p class=\"p1\">The <a href=\"https:\/\/equimpulse.com\/produkt\/equimpulse\/?currency=eur\">EquImpulse<\/a>-System ist ein intelligentes Konzept f\u00fcr Muskelaufbau und Rehabilitation. Es entstand aus der engen Zusammenarbeit zwischen der erfolgreichen Reiterin Denise und der internationalen Pferdetherapeutin Adrienne. Inspiriert wurde die Entwicklung durch Denises Stute Rosie, die nach einer Operation und langer Boxenruhe feststeckte. Wir wollten eine L\u00f6sung schaffen, die Pferden hilft, ihren K\u00f6rper wieder positiv zu sp\u00fcren.<\/p>\n<p class=\"p1\">Das Herzst\u00fcck ist das spezielle,\u00a0<b>korsett\u00e4hnliche Bodyband<\/b>. Es wird als\u00a0<b>Ma\u00dfanfertigung aus exklusivem orthop\u00e4dischem Elastikmaterial<\/b>\u00a0gefertigt und bietet genau dort Halt und Stabilit\u00e4t, wo Ihr Pferd es braucht. Es ist robust genug f\u00fcr echte St\u00fctzkraft, aber elastisch genug, um die volle Bewegungsfreiheit und Lebensfreude zu erhalten.<\/p>\n<p>EquImpulse bietet eine <strong>effektive und pferdefreundliche Methode<\/strong> zur Verbesserung von<\/p>\n<ul>\n<li class=\"li1\">\n<p class=\"p1\">Geometrische Haltungsausrichtung (Korrekt Aufrichtung &amp; Symmetrie)<\/p>\n<\/li>\n<li class=\"li1\">\n<p class=\"p1\">Fasziengesundheit &amp; Tensegrity<\/p>\n<\/li>\n<li class=\"li1\">\n<p class=\"p1\">Balance &amp; dynamische Tragkraft<\/p>\n<\/li>\n<li class=\"li1\">\n<p class=\"p1\">Somatische Regulation &amp; Wohlbefinden<\/p>\n<\/li>\n<li class=\"li1\">Zentrische Integrit\u00e4t (Core &amp; Rumpfstabilit\u00e4t)<\/li>\n<\/ul>\n<p><strong>Ideal f\u00fcr Training, Muskelaufbau, Rekonditionierung und Rehabilitation.<br \/>\n<\/strong><\/p>\n<p class=\"p1\"><strong>Das Trainingssystem, das dein Pferd versteht.<\/strong><\/p>\n<p>&nbsp;<\/p>\n<p>BESUCHE <a href=\"https:\/\/equimpulse.com\/produkt\/equimpulse\/?currency=eur\">equimpulse.com\/shop<\/a> f\u00fcr mehrere Information.<\/p>","protected":false},"excerpt":{"rendered":"<p>Sei unter den Ersten, die mit dem neuen EquImpulse Trainingsband starten.<br \/>\nAktuell bieten wir Dir eine <em>limitierte Vorverkaufsaktion von nur 28 B\u00e4nde <\/em>an:<\/p>\n<p><strong>Sichere Dir Dein EquImpulse Trainingsband f\u00fcr \u20ac295 statt \u20ac325. <\/strong><\/p>\n<p>Du zahlst heute nur 50 % an, um Deinen Lieferplatz f\u00fcr Mai 2026 fest zu reservieren.<br \/>\nDie Restzahlung erfolgt bequem erst kurz vor Versand. Reserviere jetzt Dein EquImpulse Trainingsband und profitiere vom Fr\u00fchbucher-Rabatt.<\/p>","protected":false},"featured_media":7613,"comment_status":"closed","ping_status":"closed","template":"","meta":{"jetpack_publicize_message":"","jetpack_publicize_feature_enabled":true,"jetpack_social_post_already_shared":true,"jetpack_social_options":{"image_generator_settings":{"template":"highway","default_image_id":0,"font":"","enabled":false},"version":2}},"product_brand":[],"product_cat":[79,37],"product_tag":[],"class_list":{"0":"post-7602","1":"product","2":"type-product","3":"status-publish","4":"has-post-thumbnail","6":"product_cat-therapie-produkte","7":"product_cat-unkategorisiert","9":"first","10":"onbackorder","11":"sale","12":"taxable","13":"shipping-taxable","14":"purchasable","15":"product-type-variable"},"yoast_head":"<!-- This site is optimized with the Yoast SEO Premium plugin v26.9 (Yoast SEO v27.4) - https:\/\/yoast.com\/product\/yoast-seo-premium-wordpress\/ -->\n<title>EquImpulse - Ganzheitliches Trainings- und Rehabilitationssystem f\u00fcr Pferde - Impuls Methode<\/title>\n<meta name=\"robots\" content=\"index, follow, max-snippet:-1, max-image-preview:large, max-video-preview:-1\" \/>\n<link rel=\"canonical\" href=\"https:\/\/impulsmethode.at\/en\/product-2\/equimpulse\/\" \/>\n<meta property=\"og:locale\" content=\"en_US\" \/>\n<meta property=\"og:type\" content=\"article\" \/>\n<meta property=\"og:title\" content=\"EquImpulse - Ganzheitliches Trainings- und Rehabilitationssystem f\u00fcr Pferde\" \/>\n<meta property=\"og:description\" content=\"Sei unter den Ersten, die mit dem neuen EquImpulse Trainingsband starten. Aktuell bieten wir Dir eine limitierte Vorverkaufsaktion von nur 28 B\u00e4nde an:  Sichere Dir Dein EquImpulse Trainingsband f\u00fcr \u20ac295 statt \u20ac325.   Du zahlst heute nur 50 % an, um Deinen Lieferplatz f\u00fcr Mai 2026 fest zu reservieren. Die Restzahlung erfolgt bequem erst kurz vor Versand. Reserviere jetzt Dein EquImpulse Trainingsband und profitiere vom Fr\u00fchbucher-Rabatt.\" \/>\n<meta property=\"og:url\" content=\"https:\/\/impulsmethode.at\/en\/product-2\/equimpulse\/\" \/>\n<meta property=\"og:site_name\" content=\"Impuls Methode\" \/>\n<meta property=\"article:publisher\" content=\"https:\/\/www.facebook.com\/ImPulsMethode\" \/>\n<meta property=\"article:modified_time\" content=\"2026-04-16T13:19:15+00:00\" \/>\n<meta property=\"og:image\" content=\"https:\/\/impulsmethode.at\/wp-content\/uploads\/2026\/04\/logo-blk-fratz.avif\" \/>\n\t<meta property=\"og:image:width\" content=\"1536\" \/>\n\t<meta property=\"og:image:height\" content=\"1024\" \/>\n\t<meta property=\"og:image:type\" content=\"image\/png\" \/>\n<meta name=\"twitter:card\" content=\"summary_large_image\" \/>\n<meta name=\"twitter:label1\" content=\"Availability\" \/>\n\t<meta name=\"twitter:data1\" content=\"On backorder\" \/>\n<script type=\"application\/ld+json\" class=\"yoast-schema-graph\">{\"@context\":\"https:\\\/\\\/schema.org\",\"@graph\":[{\"@type\":\"WebPage\",\"@id\":\"https:\\\/\\\/impulsmethode.at\\\/produkt\\\/equimpulse\\\/\",\"url\":\"https:\\\/\\\/impulsmethode.at\\\/produkt\\\/equimpulse\\\/\",\"name\":\"EquImpulse - Ganzheitliches Trainings- und Rehabilitationssystem f\u00fcr Pferde - Impuls Methode\",\"isPartOf\":{\"@id\":\"https:\\\/\\\/impulsmethode.at\\\/#website\"},\"primaryImageOfPage\":{\"@id\":\"https:\\\/\\\/impulsmethode.at\\\/produkt\\\/equimpulse\\\/#primaryimage\"},\"image\":{\"@id\":\"https:\\\/\\\/impulsmethode.at\\\/produkt\\\/equimpulse\\\/#primaryimage\"},\"thumbnailUrl\":\"https:\\\/\\\/impulsmethode.at\\\/wp-content\\\/uploads\\\/2026\\\/04\\\/logo-blk-fratz.avif\",\"datePublished\":\"2026-04-16T13:12:56+00:00\",\"dateModified\":\"2026-04-16T13:19:15+00:00\",\"breadcrumb\":{\"@id\":\"https:\\\/\\\/impulsmethode.at\\\/produkt\\\/equimpulse\\\/#breadcrumb\"},\"inLanguage\":\"en-AU\",\"potentialAction\":[{\"@type\":\"ReadAction\",\"target\":[\"https:\\\/\\\/impulsmethode.at\\\/produkt\\\/equimpulse\\\/\"]}]},{\"@type\":\"ImageObject\",\"inLanguage\":\"en-AU\",\"@id\":\"https:\\\/\\\/impulsmethode.at\\\/produkt\\\/equimpulse\\\/#primaryimage\",\"url\":\"https:\\\/\\\/impulsmethode.at\\\/wp-content\\\/uploads\\\/2026\\\/04\\\/logo-blk-fratz.avif\",\"contentUrl\":\"https:\\\/\\\/impulsmethode.at\\\/wp-content\\\/uploads\\\/2026\\\/04\\\/logo-blk-fratz.avif\",\"width\":1536,\"height\":1024},{\"@type\":\"BreadcrumbList\",\"@id\":\"https:\\\/\\\/impulsmethode.at\\\/produkt\\\/equimpulse\\\/#breadcrumb\",\"itemListElement\":[{\"@type\":\"ListItem\",\"position\":1,\"name\":\"Home\",\"item\":\"https:\\\/\\\/impulsmethode.at\\\/\"},{\"@type\":\"ListItem\",\"position\":2,\"name\":\"Shop\",\"item\":\"https:\\\/\\\/impulsmethode.at\\\/shop-2\\\/\"},{\"@type\":\"ListItem\",\"position\":3,\"name\":\"EquImpulse &#8211; Ganzheitliches Trainings- und Rehabilitationssystem f\u00fcr Pferde\"}]},{\"@type\":\"WebSite\",\"@id\":\"https:\\\/\\\/impulsmethode.at\\\/#website\",\"url\":\"https:\\\/\\\/impulsmethode.at\\\/\",\"name\":\"ImPuls Methode\",\"description\":\"Weil du dein Pferd liebst\",\"publisher\":{\"@id\":\"https:\\\/\\\/impulsmethode.at\\\/#organization\"},\"potentialAction\":[{\"@type\":\"SearchAction\",\"target\":{\"@type\":\"EntryPoint\",\"urlTemplate\":\"https:\\\/\\\/impulsmethode.at\\\/?s={search_term_string}\"},\"query-input\":{\"@type\":\"PropertyValueSpecification\",\"valueRequired\":true,\"valueName\":\"search_term_string\"}}],\"inLanguage\":\"en-AU\"},{\"@type\":[\"Organization\",\"Place\"],\"@id\":\"https:\\\/\\\/impulsmethode.at\\\/#organization\",\"name\":\"ImPuls Methode\",\"url\":\"https:\\\/\\\/impulsmethode.at\\\/\",\"logo\":{\"@id\":\"https:\\\/\\\/impulsmethode.at\\\/produkt\\\/equimpulse\\\/#local-main-organization-logo\"},\"image\":{\"@id\":\"https:\\\/\\\/impulsmethode.at\\\/produkt\\\/equimpulse\\\/#local-main-organization-logo\"},\"sameAs\":[\"https:\\\/\\\/www.facebook.com\\\/ImPulsMethode\",\"https:\\\/\\\/www.instagram.com\\\/impulsmethode\\\/\",\"https:\\\/\\\/www.linkedin.com\\\/in\\\/adrienne-t-98349299\\\/\",\"https:\\\/\\\/www.youtube.com\\\/@impulsmethode768\",\"https:\\\/\\\/www.tiktok.com\\\/@impulsmethode\"],\"telephone\":[],\"openingHoursSpecification\":[{\"@type\":\"OpeningHoursSpecification\",\"dayOfWeek\":[\"Monday\",\"Tuesday\",\"Wednesday\",\"Thursday\",\"Friday\",\"Saturday\",\"Sunday\"],\"opens\":\"09:00\",\"closes\":\"17:00\"}]},{\"@type\":\"ImageObject\",\"inLanguage\":\"en-AU\",\"@id\":\"https:\\\/\\\/impulsmethode.at\\\/produkt\\\/equimpulse\\\/#local-main-organization-logo\",\"url\":\"https:\\\/\\\/impulsmethode.at\\\/wp-content\\\/uploads\\\/2022\\\/04\\\/impuls_methode_logo_dark.png\",\"contentUrl\":\"https:\\\/\\\/impulsmethode.at\\\/wp-content\\\/uploads\\\/2022\\\/04\\\/impuls_methode_logo_dark.png\",\"width\":750,\"height\":278,\"caption\":\"ImPuls Methode\"}]}<\/script>\n<meta property=\"og:availability\" content=\"backorder\" \/>\n<meta property=\"product:availability\" content=\"available for order\" \/>\n<meta property=\"product:condition\" content=\"new\" \/>\n<!-- \/ Yoast SEO Premium plugin. -->","yoast_head_json":{"title":"EquImpulse - Ganzheitliches Trainings- und Rehabilitationssystem f\u00fcr Pferde - Impuls Methode","robots":{"index":"index","follow":"follow","max-snippet":"max-snippet:-1","max-image-preview":"max-image-preview:large","max-video-preview":"max-video-preview:-1"},"canonical":"https:\/\/impulsmethode.at\/en\/product-2\/equimpulse\/","og_locale":"en_US","og_type":"article","og_title":"EquImpulse - Ganzheitliches Trainings- und Rehabilitationssystem f\u00fcr Pferde","og_description":"Sei unter den Ersten, die mit dem neuen EquImpulse Trainingsband starten. Aktuell bieten wir Dir eine limitierte Vorverkaufsaktion von nur 28 B\u00e4nde an:  Sichere Dir Dein EquImpulse Trainingsband f\u00fcr \u20ac295 statt \u20ac325.   Du zahlst heute nur 50 % an, um Deinen Lieferplatz f\u00fcr Mai 2026 fest zu reservieren. Die Restzahlung erfolgt bequem erst kurz vor Versand. Reserviere jetzt Dein EquImpulse Trainingsband und profitiere vom Fr\u00fchbucher-Rabatt.","og_url":"https:\/\/impulsmethode.at\/en\/product-2\/equimpulse\/","og_site_name":"Impuls Methode","article_publisher":"https:\/\/www.facebook.com\/ImPulsMethode","article_modified_time":"2026-04-16T13:19:15+00:00","og_image":[{"width":1536,"height":1024,"url":"https:\/\/impulsmethode.at\/wp-content\/uploads\/2026\/04\/logo-blk-fratz.avif","type":"image\/png"}],"twitter_card":"summary_large_image","twitter_misc":{"Availability":"On backorder"},"schema":{"@context":"https:\/\/schema.org","@graph":[{"@type":"WebPage","@id":"https:\/\/impulsmethode.at\/produkt\/equimpulse\/","url":"https:\/\/impulsmethode.at\/produkt\/equimpulse\/","name":"EquImpulse - Ganzheitliches Trainings- und Rehabilitationssystem f\u00fcr Pferde - Impuls Methode","isPartOf":{"@id":"https:\/\/impulsmethode.at\/#website"},"primaryImageOfPage":{"@id":"https:\/\/impulsmethode.at\/produkt\/equimpulse\/#primaryimage"},"image":{"@id":"https:\/\/impulsmethode.at\/produkt\/equimpulse\/#primaryimage"},"thumbnailUrl":"https:\/\/impulsmethode.at\/wp-content\/uploads\/2026\/04\/logo-blk-fratz.avif","datePublished":"2026-04-16T13:12:56+00:00","dateModified":"2026-04-16T13:19:15+00:00","breadcrumb":{"@id":"https:\/\/impulsmethode.at\/produkt\/equimpulse\/#breadcrumb"},"inLanguage":"en-AU","potentialAction":[{"@type":"ReadAction","target":["https:\/\/impulsmethode.at\/produkt\/equimpulse\/"]}]},{"@type":"ImageObject","inLanguage":"en-AU","@id":"https:\/\/impulsmethode.at\/produkt\/equimpulse\/#primaryimage","url":"https:\/\/impulsmethode.at\/wp-content\/uploads\/2026\/04\/logo-blk-fratz.avif","contentUrl":"https:\/\/impulsmethode.at\/wp-content\/uploads\/2026\/04\/logo-blk-fratz.avif","width":1536,"height":1024},{"@type":"BreadcrumbList","@id":"https:\/\/impulsmethode.at\/produkt\/equimpulse\/#breadcrumb","itemListElement":[{"@type":"ListItem","position":1,"name":"Home","item":"https:\/\/impulsmethode.at\/"},{"@type":"ListItem","position":2,"name":"Shop","item":"https:\/\/impulsmethode.at\/shop-2\/"},{"@type":"ListItem","position":3,"name":"EquImpulse &#8211; Ganzheitliches Trainings- und Rehabilitationssystem f\u00fcr Pferde"}]},{"@type":"WebSite","@id":"https:\/\/impulsmethode.at\/#website","url":"https:\/\/impulsmethode.at\/","name":"ImPuls method","description":"Because you love your horse","publisher":{"@id":"https:\/\/impulsmethode.at\/#organization"},"potentialAction":[{"@type":"SearchAction","target":{"@type":"EntryPoint","urlTemplate":"https:\/\/impulsmethode.at\/?s={search_term_string}"},"query-input":{"@type":"PropertyValueSpecification","valueRequired":true,"valueName":"search_term_string"}}],"inLanguage":"en-AU"},{"@type":["Organization","Place"],"@id":"https:\/\/impulsmethode.at\/#organization","name":"ImPuls method","url":"https:\/\/impulsmethode.at\/","logo":{"@id":"https:\/\/impulsmethode.at\/produkt\/equimpulse\/#local-main-organization-logo"},"image":{"@id":"https:\/\/impulsmethode.at\/produkt\/equimpulse\/#local-main-organization-logo"},"sameAs":["https:\/\/www.facebook.com\/ImPulsMethode","https:\/\/www.instagram.com\/impulsmethode\/","https:\/\/www.linkedin.com\/in\/adrienne-t-98349299\/","https:\/\/www.youtube.com\/@impulsmethode768","https:\/\/www.tiktok.com\/@impulsmethode"],"telephone":[],"openingHoursSpecification":[{"@type":"OpeningHoursSpecification","dayOfWeek":["Monday","Tuesday","Wednesday","Thursday","Friday","Saturday","Sunday"],"opens":"09:00","closes":"17:00"}]},{"@type":"ImageObject","inLanguage":"en-AU","@id":"https:\/\/impulsmethode.at\/produkt\/equimpulse\/#local-main-organization-logo","url":"https:\/\/impulsmethode.at\/wp-content\/uploads\/2022\/04\/impuls_methode_logo_dark.png","contentUrl":"https:\/\/impulsmethode.at\/wp-content\/uploads\/2022\/04\/impuls_methode_logo_dark.png","width":750,"height":278,"caption":"ImPuls Methode"}]},"og_availability":"backorder","product_availability":"available for order","product_condition":"new"},"jetpack_publicize_connections":[],"jetpack_sharing_enabled":true,"_links":{"self":[{"href":"https:\/\/impulsmethode.at\/en\/wp-json\/wp\/v2\/product\/7602","targetHints":{"allow":["GET"]}}],"collection":[{"href":"https:\/\/impulsmethode.at\/en\/wp-json\/wp\/v2\/product"}],"about":[{"href":"https:\/\/impulsmethode.at\/en\/wp-json\/wp\/v2\/types\/product"}],"replies":[{"embeddable":true,"href":"https:\/\/impulsmethode.at\/en\/wp-json\/wp\/v2\/comments?post=7602"}],"wp:featuredmedia":[{"embeddable":true,"href":"https:\/\/impulsmethode.at\/en\/wp-json\/wp\/v2\/media\/7613"}],"wp:attachment":[{"href":"https:\/\/impulsmethode.at\/en\/wp-json\/wp\/v2\/media?parent=7602"}],"wp:term":[{"taxonomy":"product_brand","embeddable":true,"href":"https:\/\/impulsmethode.at\/en\/wp-json\/wp\/v2\/product_brand?post=7602"},{"taxonomy":"product_cat","embeddable":true,"href":"https:\/\/impulsmethode.at\/en\/wp-json\/wp\/v2\/product_cat?post=7602"},{"taxonomy":"product_tag","embeddable":true,"href":"https:\/\/impulsmethode.at\/en\/wp-json\/wp\/v2\/product_tag?post=7602"}],"curies":[{"name":"wp","href":"https:\/\/api.w.org\/{rel}","templated":true}]}}