{"id":7487,"date":"2025-09-30T18:21:17","date_gmt":"2025-09-30T16:21:17","guid":{"rendered":"https:\/\/impulsmethode.at\/?post_type=product&#038;p=7487"},"modified":"2025-10-01T14:24:37","modified_gmt":"2025-10-01T12:24:37","slug":"incrediwear-equine-circulation-exercise-bandages","status":"publish","type":"product","link":"https:\/\/impulsmethode.at\/en\/product-2\/incrediwear-equine-circulation-exercise-bandages\/","title":{"rendered":"Incrediwear Equine Circulation Exercise Bandages"},"content":{"rendered":"<h2 class=\"p1\"><b>Circulation Exercise Bandagen SCHWARZ\/WEISS\/GRAU<\/b><b><\/b><\/h2>\n<p class=\"p4\"><b>WIRD IM ZWEIERPACK GELIEFERT<\/b><\/p>\n<p class=\"p1\">Incrediwear Equine Circulation Exercise Bandages passen sich bequem an das Bein des Pferdes an und wurden entwickelt, um Verletzungen vorzubeugen, die Genesungszeit zu verk\u00fcrzen und die Leistung zu verbessern. Sie werden mit einem zuverl\u00e4ssigen Klettverschluss befestigt.<\/p>\n<p class=\"p1\"><b>Verwendung:<\/b><\/p>\n<p class=\"p1\">Training<br \/>\nVerletzungsheilung<br \/>\nSofortige K\u00fchlung (im nassen Zustand).<\/p>\n<p class=\"p2\"><b>Vorteile:<\/b><b><\/b><\/p>\n<ul class=\"ul1\">\n<li class=\"li3\"><span class=\"s1\">Reduziert Schwellungen und Entz\u00fcndungen;<\/span><\/li>\n<li class=\"li3\"><span class=\"s1\">Reduziert Muskelkater und Muskelerm\u00fcdung;<\/span><\/li>\n<li class=\"li3\"><span class=\"s1\">F\u00f6rdert die Durchblutung;<\/span><\/li>\n<li class=\"li3\"><span class=\"s1\">F\u00f6rdert die Lymphdrainage;<\/span><\/li>\n<li class=\"li3\"><span class=\"s1\">Beschleunigt die Regeneration;<\/span><\/li>\n<li class=\"li3\"><span class=\"s1\">K\u00fchlt die Beine.<\/span><\/li>\n<\/ul>\n<h3><strong>Regular Gro\u00dfe: 12,5 cm x 275 cm \/ 5&#8243; x 108&#8243;<br \/>\n<\/strong><\/h3>\n<h3 class=\"p1\">Pony Gr\u00f6\u00dfe: 9 cm x 185 cm \/ 3,5\u201d x 73\u201d<\/h3>\n<h3><strong>\u00a0<\/strong><\/h3>\n<p class=\"p2\"><b>ANWENDUNGSHINWEISE:<\/b><b><\/b><\/p>\n<ul class=\"ul1\">\n<li class=\"li5\"><span class=\"s1\">Tragen Sie die Circulation Exercise Bandages w\u00e4hrend des Trainings Ihres Pferdes.<\/span><\/li>\n<li class=\"li5\"><span class=\"s1\">Befeuchten Sie die Bandagen unmittelbar nach dem Training Ihres Pferdes und lassen Sie sie etwa 45 Minuten bis zu einer Stunde lang an. Die Circulation Exercise Bandages wirken 45 Minuten bis zu einer Stunde lang wie ein Eisbeutel und reduzieren Schwellungen.<\/span><\/li>\n<li class=\"li5\"><span class=\"s1\">Entfernen Sie die Circulations Bandagen und legen Sie die Incrediwear Equine Circulation Standing Wraps und\/oder Incrediwear Circulation Hoof Socks f\u00fcr bis zu 24 Stunden (trocken) an.<\/span><\/li>\n<\/ul>\n<p class=\"p7\"><b>Da sie nicht auf Kompression basieren, k\u00f6nnen sie \u00fcber l\u00e4ngere Zeitr\u00e4ume trocken verwendet werden.<\/b><\/p>\n<p class=\"p1\"><b>K\u00e4ltetherapie <\/b>\u2013 Befeuchten Sie die Circulation Exercise Bandages einfach mit normalem Wasser, um einen sofortigen K\u00fchleffekt zu erzielen. Die Wirkung der K\u00e4ltetherapie h\u00e4lt 45 Minuten bis zu einer Stunde an und reduziert Schwellungen. F\u00fcr einen noch st\u00e4rkeren K\u00fchleffekt kann hei\u00dfes Wasser verwendet werden \u2013 legen Sie die Exercise Bandages 2 Minuten lang in hei\u00dfes Wasser, sp\u00fclen Sie \u00fcbersch\u00fcssiges Wasser ab, warten Sie eine Minute, bis die Bandage etwas abgek\u00fchlt ist, und legen Sie sie dann an. Dies kann unmittelbar nach dem Training erfolgen, w\u00e4hrend die Bandagen noch angelegt sind, oder bei Bedarf speziell f\u00fcr die K\u00e4ltetherapie.<\/p>\n<p>&nbsp;<\/p>\n<h3 class=\"p1\">Die Incrediwear Equine Exercise Bandages<\/h3>\n<p><em>Die Incrediwear Equine Exercise Bandages k\u00f6nnen trocken oder nass getragen werden.<\/em><br \/>\n<em>Bei trockener Anwendung lassen sich die Produkte rund um die Uhr zur F\u00f6rderung der Durchblutung tragen.<\/em><br \/>\n<em>Nass angewendet erzeugen die Exercise Bandages einen bis zu einst\u00fcndigen \u201eEis\u201c-Effekt.<\/em><\/p>\n<p class=\"p1\"><strong>Fesseltr\u00e4gerschaden\/Sehnenentz\u00fcndung<span class=\"Apple-converted-space\">\u00a0 <\/span>(Tendinitis \/ Suspensory Desmitis)<\/strong><\/p>\n<p class=\"p1\">Beide Erkrankungen k\u00f6nnen Entz\u00fcndung, Verletzung und\/oder Degeneration von Sehnen oder B\u00e4ndern mit Beteiligung der Matrix umfassen. Das Tragen der Incrediwear Equine Exercise Bandages f\u00fcr mindestens eine Stunde vor der Arbeit hat sich als wirksam erwiesen, pathologische Schwellungen zu reduzieren, die die normale Funktion beeintr\u00e4chtigen k\u00f6nnen. In der akuten Phase (Schmerz bei Palpation) ist es vorteilhaft, die Bandagen nass als Eisbandagen f\u00fcr mindestens eine Stunde t\u00e4glich zu verwenden. In chronischen F\u00e4llen kann das Trainieren des Pferdes mit trockenen Exercise Bandages hilfreich sein.<\/p>\n<p>&nbsp;<\/p>\n<p class=\"p1\"><strong><span class=\"s1\">Unterst\u00fctzungsband bzw. <\/span>Fesseltr\u00e4ger Desmitis<span class=\"s1\">\/Inferior Check Ligament Desmitis<\/span><\/strong><\/p>\n<p class=\"p2\">Diese Erkrankung geht h\u00e4ufig mit schmerzhafter Entz\u00fcndung und m\u00f6glichen Verwachsungen zwischen dem Unterst\u00fctzungsband (Inferioren Check-Ligament (ICL) und dem oberfl\u00e4chliche oder tiefe Beugesehnen (Superficial Digital Flexor Tendon &#8211; SDFT oder Deep Digital Flexor Tendon &#8211; DDFT) einher. Incrediwear Equine Standing Wraps oder Exercise Bandages k\u00f6nnen rund um die Uhr trocken getragen werden, um Entz\u00fcndungen zu reduzieren und die Bildung von Verwachsungen zu verhindern oder zu behandeln, insbesondere wenn das Pferd wieder mit der trainieren beginnt.<\/p>\n<p>&nbsp;<\/p>\n<p class=\"p1\"><strong>Schienbein-Kanten-Syndrom bzw. Exostosen \/ Bucked Shins \/ Splints<\/strong><\/p>\n<p class=\"p1\">Beide Zust\u00e4nde betreffen Entz\u00fcndungen von Knochen und\/oder Periosts. Standing Wraps oder Exercise Bandages k\u00f6nnen rund um die Uhr getragen werden, um Entz\u00fcndungen zu reduzieren und die Knochenremodellierung zu f\u00f6rdern. W\u00e4hrend der akuten Phase (Schmerzen bei Palpation des betroffenen Bereichs) ist es empfehlenswert und vorteilhaft, die Incrediwear Equine Exercise Bandages mindestens eine Stunde pro Tag als Eisbandagen feucht zu tragen.<\/p>\n<p>&nbsp;<\/p>\n<p class=\"p1\"><strong>Osselets\u00a0(Fesselgelenksarthrose) \/ <span class=\"s1\">Green Osselts<\/span><\/strong><\/p>\n<p class=\"p2\">Bei jungen Rennpferden kommt es zu einer generalisierten Entz\u00fcndung des Fesselgelenks, oft an der Gelenkkapselansatzstelle zum R\u00f6hrbein. Die Incrediwear Equine Exercise Bandages k\u00f6nnen in der akuten Phase nass oder trocken getragen werden, um die Entz\u00fcndung zu reduzieren.<\/p>\n<p>&nbsp;<\/p>\n<p class=\"p1\"><strong>Verstopfung der Beine bzw. Fl\u00fcssigkeitsansammlung \/ Durchblutungsst\u00f6rung \/ Stocking up<\/strong><\/p>\n<p class=\"p1\">Dies ist ein Zustand, der am h\u00e4ufigsten die Lymphdrainage der distalen Gliedma\u00dfen beeintr\u00e4chtigt und zu einer Ansammlung von \u201e\u201cPitting-\u00d6demen\u201d im subkutanes Gewebe der Gliedma\u00dfen f\u00fchrt. Incrediwear Equine Standing Wraps darf rund um die Uhr getragen werden, oder Incrediwear Equine Exercise Bandages k\u00f6nnen eine Stunde vor der Aktivit\u00e4t angelegt oder w\u00e4hrend des Trainings getragen werden.<\/p>\n<p>&nbsp;<\/p>\n<p class=\"p1\"><b>WASCHANLEITUNG: In einen Kopfkissenbezug oder Waschbeutel geben. Bei maximal 40 \u00b0C warm oder kalt waschen. Bei niedriger Temperatur im Trockner trocknen. NICHT bleichen. NICHT b\u00fcgeln. NICHT chemisch reinigen.<\/b><\/p>\n<p class=\"p1\"><b>ALLGEMEINE RICHTLINIEN: <\/b>Incrediwear ist ein neuartiger \u201eSportstoff\u201c, der seit vielen Jahren in der Sportindustrie verwendet wird. Incrediwear ist eine mit Germanium\/Kohlenstoff versetzte Faser, die bei Kontakt mit K\u00f6rperw\u00e4rme aktiviert wird. Dabei werden negative Ionen freigesetzt, die eine mechanische Steigerung der Durchblutung in diesem Bereich ausl\u00f6sen, verbunden mit einer erh\u00f6hten Lymphdrainage aus diesem Bereich, was zu seinen einzigartigen Eigenschaften f\u00fchrt.<span class=\"Apple-converted-space\">\u00a0 <\/span>Incrediwear Equine hat diese Konzepte in eine neue Produktlinie \u00fcbernommen, die sich auf die distalen Beine von Pferden konzentriert. Grunds\u00e4tzlich erh\u00f6ht das Produkt bei trockener Anwendung die Durchblutung und f\u00f6rdert die Lymphdrainage. Bei nasser Anwendung (insbesondere mit warmem oder hei\u00dfem Wasser) kommt es zu einer endothermen Reaktion, die zu einer Senkung der Oberfl\u00e4chentemperatur f\u00fchrt und einen \u201eEisbandagen\u201d-Effekt hervorruft. Unter Anwendung dieser allgemeinen Grunds\u00e4tze kann das Produkt vor dem Training trocken angewendet werden, um die Durchblutung zu erh\u00f6hen, und nach dem Training nass, um den \u201eEis\u201d-Effekt zu erzielen. Alle Anwendungen sollten unter der Aufsicht und\/oder nach R\u00fccksprache mit Ihrem Tierarzt erfolgen. Wenn Ihr Tierarzt mit Incrediwear Equine nicht vertraut ist, bitten Sie ihn, sich f\u00fcr weitere Informationen an unser B\u00fcro zu wenden.<\/p>","protected":false},"excerpt":{"rendered":"<p><strong>Ideal f\u00fcr Training und Verletzungsheilung Incrediwear Equine Bandages reduzieren: <\/strong><\/p>\n<ul>\n<li>Schwellungen<\/li>\n<li>Entz\u00fcndungen<\/li>\n<li>Muskelkater<\/li>\n<li>M\u00fcdigkeit<\/li>\n<li>F\u00f6rdern Durchblutung &amp; Lymphdrainage<\/li>\n<li>Beschleunigen die Regeneration und k\u00fchlen (bei nasser Anwendung).<\/li>\n<li>Nur Vorbestellung<\/li>\n<\/ul>","protected":false},"featured_media":7491,"comment_status":"closed","ping_status":"closed","template":"","meta":{"jetpack_publicize_message":"","jetpack_publicize_feature_enabled":true,"jetpack_social_post_already_shared":true,"jetpack_social_options":{"image_generator_settings":{"template":"highway","default_image_id":0,"font":"","enabled":false},"version":2}},"product_brand":[80],"product_cat":[79],"product_tag":[],"class_list":{"0":"post-7487","1":"product","2":"type-product","3":"status-publish","4":"has-post-thumbnail","6":"product_brand-incrediwear","7":"product_cat-therapie-produkte","8":"pa_farbe-grau","9":"pa_farbe-schwarz","10":"pa_farbe-weiss","11":"pa_groesse-full","12":"pa_groesse-pony","14":"first","15":"instock","16":"taxable","17":"shipping-taxable","18":"purchasable","19":"product-type-variable"},"yoast_head":"<!-- This site is optimized with the Yoast SEO Premium plugin v26.9 (Yoast SEO v27.3) - https:\/\/yoast.com\/product\/yoast-seo-premium-wordpress\/ -->\n<title>Incrediwear Equine Circulation Exercise Bandages - Impuls Methode<\/title>\n<meta name=\"description\" content=\"Ideal f\u00fcr Training und Verletzungsheilung: Incrediwear Equine Bandages reduzieren Schwellungen, Entz\u00fcndungen, Muskelkater und M\u00fcdigkeit, f\u00f6rdern Durchblutung &amp; Lymphdrainage, beschleunigen die Regeneration und k\u00fchlen (bei nasser Anwendung).\" \/>\n<meta name=\"robots\" content=\"index, follow, max-snippet:-1, max-image-preview:large, max-video-preview:-1\" \/>\n<link rel=\"canonical\" href=\"https:\/\/impulsmethode.at\/en\/product-2\/incrediwear-equine-circulation-exercise-bandages\/\" \/>\n<meta property=\"og:locale\" content=\"en_US\" \/>\n<meta property=\"og:type\" content=\"article\" \/>\n<meta property=\"og:title\" content=\"Incrediwear Equine Circulation Exercise Bandages\" \/>\n<meta property=\"og:description\" content=\"Ideal f\u00fcr Training und Verletzungsheilung: Incrediwear Equine Bandages reduzieren Schwellungen, Entz\u00fcndungen, Muskelkater und M\u00fcdigkeit, f\u00f6rdern Durchblutung &amp; Lymphdrainage, beschleunigen die Regeneration und k\u00fchlen (bei nasser Anwendung).\" \/>\n<meta property=\"og:url\" content=\"https:\/\/impulsmethode.at\/en\/product-2\/incrediwear-equine-circulation-exercise-bandages\/\" \/>\n<meta property=\"og:site_name\" content=\"Impuls Methode\" \/>\n<meta property=\"article:publisher\" content=\"https:\/\/www.facebook.com\/ImPulsMethode\" \/>\n<meta property=\"article:modified_time\" content=\"2025-10-01T12:24:37+00:00\" \/>\n<meta property=\"og:image\" content=\"https:\/\/impulsmethode.at\/wp-content\/uploads\/2025\/09\/BLack-Bandages-WEB-2.avif\" \/>\n\t<meta property=\"og:image:width\" content=\"1460\" \/>\n\t<meta property=\"og:image:height\" content=\"1642\" \/>\n\t<meta property=\"og:image:type\" content=\"image\/jpeg\" \/>\n<meta name=\"twitter:card\" content=\"summary_large_image\" \/>\n<meta name=\"twitter:label1\" content=\"Availability\" \/>\n\t<meta name=\"twitter:data1\" content=\"In stock\" \/>\n<script type=\"application\/ld+json\" class=\"yoast-schema-graph\">{\"@context\":\"https:\\\/\\\/schema.org\",\"@graph\":[{\"@type\":\"WebPage\",\"@id\":\"https:\\\/\\\/impulsmethode.at\\\/produkt\\\/incrediwear-equine-circulation-exercise-bandages\\\/\",\"url\":\"https:\\\/\\\/impulsmethode.at\\\/produkt\\\/incrediwear-equine-circulation-exercise-bandages\\\/\",\"name\":\"Incrediwear Equine Circulation Exercise Bandages - Impuls Methode\",\"isPartOf\":{\"@id\":\"https:\\\/\\\/impulsmethode.at\\\/#website\"},\"primaryImageOfPage\":{\"@id\":\"https:\\\/\\\/impulsmethode.at\\\/produkt\\\/incrediwear-equine-circulation-exercise-bandages\\\/#primaryimage\"},\"image\":{\"@id\":\"https:\\\/\\\/impulsmethode.at\\\/produkt\\\/incrediwear-equine-circulation-exercise-bandages\\\/#primaryimage\"},\"thumbnailUrl\":\"https:\\\/\\\/impulsmethode.at\\\/wp-content\\\/uploads\\\/2025\\\/09\\\/BLack-Bandages-WEB-2.avif\",\"datePublished\":\"2025-09-30T16:21:17+00:00\",\"dateModified\":\"2025-10-01T12:24:37+00:00\",\"description\":\"Ideal f\u00fcr Training und Verletzungsheilung: Incrediwear Equine Bandages reduzieren Schwellungen, Entz\u00fcndungen, Muskelkater und M\u00fcdigkeit, f\u00f6rdern Durchblutung & Lymphdrainage, beschleunigen die Regeneration und k\u00fchlen (bei nasser Anwendung).\",\"breadcrumb\":{\"@id\":\"https:\\\/\\\/impulsmethode.at\\\/produkt\\\/incrediwear-equine-circulation-exercise-bandages\\\/#breadcrumb\"},\"inLanguage\":\"en-AU\",\"potentialAction\":[{\"@type\":\"ReadAction\",\"target\":[\"https:\\\/\\\/impulsmethode.at\\\/produkt\\\/incrediwear-equine-circulation-exercise-bandages\\\/\"]}]},{\"@type\":\"ImageObject\",\"inLanguage\":\"en-AU\",\"@id\":\"https:\\\/\\\/impulsmethode.at\\\/produkt\\\/incrediwear-equine-circulation-exercise-bandages\\\/#primaryimage\",\"url\":\"https:\\\/\\\/impulsmethode.at\\\/wp-content\\\/uploads\\\/2025\\\/09\\\/BLack-Bandages-WEB-2.avif\",\"contentUrl\":\"https:\\\/\\\/impulsmethode.at\\\/wp-content\\\/uploads\\\/2025\\\/09\\\/BLack-Bandages-WEB-2.avif\",\"width\":1460,\"height\":1642},{\"@type\":\"BreadcrumbList\",\"@id\":\"https:\\\/\\\/impulsmethode.at\\\/produkt\\\/incrediwear-equine-circulation-exercise-bandages\\\/#breadcrumb\",\"itemListElement\":[{\"@type\":\"ListItem\",\"position\":1,\"name\":\"Home\",\"item\":\"https:\\\/\\\/impulsmethode.at\\\/\"},{\"@type\":\"ListItem\",\"position\":2,\"name\":\"Shop\",\"item\":\"https:\\\/\\\/impulsmethode.at\\\/shop-2\\\/\"},{\"@type\":\"ListItem\",\"position\":3,\"name\":\"Incrediwear Equine Circulation Exercise Bandages\"}]},{\"@type\":\"WebSite\",\"@id\":\"https:\\\/\\\/impulsmethode.at\\\/#website\",\"url\":\"https:\\\/\\\/impulsmethode.at\\\/\",\"name\":\"ImPuls Methode\",\"description\":\"Weil du dein Pferd liebst\",\"publisher\":{\"@id\":\"https:\\\/\\\/impulsmethode.at\\\/#organization\"},\"potentialAction\":[{\"@type\":\"SearchAction\",\"target\":{\"@type\":\"EntryPoint\",\"urlTemplate\":\"https:\\\/\\\/impulsmethode.at\\\/?s={search_term_string}\"},\"query-input\":{\"@type\":\"PropertyValueSpecification\",\"valueRequired\":true,\"valueName\":\"search_term_string\"}}],\"inLanguage\":\"en-AU\"},{\"@type\":[\"Organization\",\"Place\"],\"@id\":\"https:\\\/\\\/impulsmethode.at\\\/#organization\",\"name\":\"ImPuls Methode\",\"url\":\"https:\\\/\\\/impulsmethode.at\\\/\",\"logo\":{\"@id\":\"https:\\\/\\\/impulsmethode.at\\\/produkt\\\/incrediwear-equine-circulation-exercise-bandages\\\/#local-main-organization-logo\"},\"image\":{\"@id\":\"https:\\\/\\\/impulsmethode.at\\\/produkt\\\/incrediwear-equine-circulation-exercise-bandages\\\/#local-main-organization-logo\"},\"sameAs\":[\"https:\\\/\\\/www.facebook.com\\\/ImPulsMethode\",\"https:\\\/\\\/www.instagram.com\\\/impulsmethode\\\/\",\"https:\\\/\\\/www.linkedin.com\\\/in\\\/adrienne-t-98349299\\\/\",\"https:\\\/\\\/www.youtube.com\\\/@impulsmethode768\",\"https:\\\/\\\/www.tiktok.com\\\/@impulsmethode\"],\"telephone\":[],\"openingHoursSpecification\":[{\"@type\":\"OpeningHoursSpecification\",\"dayOfWeek\":[\"Monday\",\"Tuesday\",\"Wednesday\",\"Thursday\",\"Friday\",\"Saturday\",\"Sunday\"],\"opens\":\"09:00\",\"closes\":\"17:00\"}]},{\"@type\":\"ImageObject\",\"inLanguage\":\"en-AU\",\"@id\":\"https:\\\/\\\/impulsmethode.at\\\/produkt\\\/incrediwear-equine-circulation-exercise-bandages\\\/#local-main-organization-logo\",\"url\":\"https:\\\/\\\/impulsmethode.at\\\/wp-content\\\/uploads\\\/2022\\\/04\\\/impuls_methode_logo_dark.png\",\"contentUrl\":\"https:\\\/\\\/impulsmethode.at\\\/wp-content\\\/uploads\\\/2022\\\/04\\\/impuls_methode_logo_dark.png\",\"width\":750,\"height\":278,\"caption\":\"ImPuls Methode\"}]}<\/script>\n<meta property=\"og:availability\" content=\"instock\" \/>\n<meta property=\"product:availability\" content=\"instock\" \/>\n<meta property=\"product:condition\" content=\"new\" \/>\n<!-- \/ Yoast SEO Premium plugin. -->","yoast_head_json":{"title":"Incrediwear Equine Circulation Exercise Bandages - Impuls Methode","description":"Ideal f\u00fcr Training und Verletzungsheilung: Incrediwear Equine Bandages reduzieren Schwellungen, Entz\u00fcndungen, Muskelkater und M\u00fcdigkeit, f\u00f6rdern Durchblutung & Lymphdrainage, beschleunigen die Regeneration und k\u00fchlen (bei nasser Anwendung).","robots":{"index":"index","follow":"follow","max-snippet":"max-snippet:-1","max-image-preview":"max-image-preview:large","max-video-preview":"max-video-preview:-1"},"canonical":"https:\/\/impulsmethode.at\/en\/product-2\/incrediwear-equine-circulation-exercise-bandages\/","og_locale":"en_US","og_type":"article","og_title":"Incrediwear Equine Circulation Exercise Bandages","og_description":"Ideal f\u00fcr Training und Verletzungsheilung: Incrediwear Equine Bandages reduzieren Schwellungen, Entz\u00fcndungen, Muskelkater und M\u00fcdigkeit, f\u00f6rdern Durchblutung & Lymphdrainage, beschleunigen die Regeneration und k\u00fchlen (bei nasser Anwendung).","og_url":"https:\/\/impulsmethode.at\/en\/product-2\/incrediwear-equine-circulation-exercise-bandages\/","og_site_name":"Impuls Methode","article_publisher":"https:\/\/www.facebook.com\/ImPulsMethode","article_modified_time":"2025-10-01T12:24:37+00:00","og_image":[{"width":1460,"height":1642,"url":"https:\/\/impulsmethode.at\/wp-content\/uploads\/2025\/09\/BLack-Bandages-WEB-2.avif","type":"image\/jpeg"}],"twitter_card":"summary_large_image","twitter_misc":{"Availability":"In stock"},"schema":{"@context":"https:\/\/schema.org","@graph":[{"@type":"WebPage","@id":"https:\/\/impulsmethode.at\/produkt\/incrediwear-equine-circulation-exercise-bandages\/","url":"https:\/\/impulsmethode.at\/produkt\/incrediwear-equine-circulation-exercise-bandages\/","name":"Incrediwear Equine Circulation Exercise Bandages - Impuls Methode","isPartOf":{"@id":"https:\/\/impulsmethode.at\/#website"},"primaryImageOfPage":{"@id":"https:\/\/impulsmethode.at\/produkt\/incrediwear-equine-circulation-exercise-bandages\/#primaryimage"},"image":{"@id":"https:\/\/impulsmethode.at\/produkt\/incrediwear-equine-circulation-exercise-bandages\/#primaryimage"},"thumbnailUrl":"https:\/\/impulsmethode.at\/wp-content\/uploads\/2025\/09\/BLack-Bandages-WEB-2.avif","datePublished":"2025-09-30T16:21:17+00:00","dateModified":"2025-10-01T12:24:37+00:00","description":"Ideal f\u00fcr Training und Verletzungsheilung: Incrediwear Equine Bandages reduzieren Schwellungen, Entz\u00fcndungen, Muskelkater und M\u00fcdigkeit, f\u00f6rdern Durchblutung & Lymphdrainage, beschleunigen die Regeneration und k\u00fchlen (bei nasser Anwendung).","breadcrumb":{"@id":"https:\/\/impulsmethode.at\/produkt\/incrediwear-equine-circulation-exercise-bandages\/#breadcrumb"},"inLanguage":"en-AU","potentialAction":[{"@type":"ReadAction","target":["https:\/\/impulsmethode.at\/produkt\/incrediwear-equine-circulation-exercise-bandages\/"]}]},{"@type":"ImageObject","inLanguage":"en-AU","@id":"https:\/\/impulsmethode.at\/produkt\/incrediwear-equine-circulation-exercise-bandages\/#primaryimage","url":"https:\/\/impulsmethode.at\/wp-content\/uploads\/2025\/09\/BLack-Bandages-WEB-2.avif","contentUrl":"https:\/\/impulsmethode.at\/wp-content\/uploads\/2025\/09\/BLack-Bandages-WEB-2.avif","width":1460,"height":1642},{"@type":"BreadcrumbList","@id":"https:\/\/impulsmethode.at\/produkt\/incrediwear-equine-circulation-exercise-bandages\/#breadcrumb","itemListElement":[{"@type":"ListItem","position":1,"name":"Home","item":"https:\/\/impulsmethode.at\/"},{"@type":"ListItem","position":2,"name":"Shop","item":"https:\/\/impulsmethode.at\/shop-2\/"},{"@type":"ListItem","position":3,"name":"Incrediwear Equine Circulation Exercise Bandages"}]},{"@type":"WebSite","@id":"https:\/\/impulsmethode.at\/#website","url":"https:\/\/impulsmethode.at\/","name":"ImPuls method","description":"Because you love your horse","publisher":{"@id":"https:\/\/impulsmethode.at\/#organization"},"potentialAction":[{"@type":"SearchAction","target":{"@type":"EntryPoint","urlTemplate":"https:\/\/impulsmethode.at\/?s={search_term_string}"},"query-input":{"@type":"PropertyValueSpecification","valueRequired":true,"valueName":"search_term_string"}}],"inLanguage":"en-AU"},{"@type":["Organization","Place"],"@id":"https:\/\/impulsmethode.at\/#organization","name":"ImPuls method","url":"https:\/\/impulsmethode.at\/","logo":{"@id":"https:\/\/impulsmethode.at\/produkt\/incrediwear-equine-circulation-exercise-bandages\/#local-main-organization-logo"},"image":{"@id":"https:\/\/impulsmethode.at\/produkt\/incrediwear-equine-circulation-exercise-bandages\/#local-main-organization-logo"},"sameAs":["https:\/\/www.facebook.com\/ImPulsMethode","https:\/\/www.instagram.com\/impulsmethode\/","https:\/\/www.linkedin.com\/in\/adrienne-t-98349299\/","https:\/\/www.youtube.com\/@impulsmethode768","https:\/\/www.tiktok.com\/@impulsmethode"],"telephone":[],"openingHoursSpecification":[{"@type":"OpeningHoursSpecification","dayOfWeek":["Monday","Tuesday","Wednesday","Thursday","Friday","Saturday","Sunday"],"opens":"09:00","closes":"17:00"}]},{"@type":"ImageObject","inLanguage":"en-AU","@id":"https:\/\/impulsmethode.at\/produkt\/incrediwear-equine-circulation-exercise-bandages\/#local-main-organization-logo","url":"https:\/\/impulsmethode.at\/wp-content\/uploads\/2022\/04\/impuls_methode_logo_dark.png","contentUrl":"https:\/\/impulsmethode.at\/wp-content\/uploads\/2022\/04\/impuls_methode_logo_dark.png","width":750,"height":278,"caption":"ImPuls Methode"}]},"og_availability":"instock","product_availability":"instock","product_condition":"new"},"jetpack_publicize_connections":[],"jetpack_sharing_enabled":true,"_links":{"self":[{"href":"https:\/\/impulsmethode.at\/en\/wp-json\/wp\/v2\/product\/7487","targetHints":{"allow":["GET"]}}],"collection":[{"href":"https:\/\/impulsmethode.at\/en\/wp-json\/wp\/v2\/product"}],"about":[{"href":"https:\/\/impulsmethode.at\/en\/wp-json\/wp\/v2\/types\/product"}],"replies":[{"embeddable":true,"href":"https:\/\/impulsmethode.at\/en\/wp-json\/wp\/v2\/comments?post=7487"}],"wp:featuredmedia":[{"embeddable":true,"href":"https:\/\/impulsmethode.at\/en\/wp-json\/wp\/v2\/media\/7491"}],"wp:attachment":[{"href":"https:\/\/impulsmethode.at\/en\/wp-json\/wp\/v2\/media?parent=7487"}],"wp:term":[{"taxonomy":"product_brand","embeddable":true,"href":"https:\/\/impulsmethode.at\/en\/wp-json\/wp\/v2\/product_brand?post=7487"},{"taxonomy":"product_cat","embeddable":true,"href":"https:\/\/impulsmethode.at\/en\/wp-json\/wp\/v2\/product_cat?post=7487"},{"taxonomy":"product_tag","embeddable":true,"href":"https:\/\/impulsmethode.at\/en\/wp-json\/wp\/v2\/product_tag?post=7487"}],"curies":[{"name":"wp","href":"https:\/\/api.w.org\/{rel}","templated":true}]}}