{"id":7482,"date":"2025-09-26T18:10:29","date_gmt":"2025-09-26T16:10:29","guid":{"rendered":"https:\/\/impulsmethode.at\/?post_type=product&#038;p=7482"},"modified":"2026-02-13T14:31:32","modified_gmt":"2026-02-13T13:31:32","slug":"incrediwear-equine-circulation-hoof-socks-durchblutungs-huf-socken","status":"publish","type":"product","link":"https:\/\/impulsmethode.at\/en\/product-2\/incrediwear-equine-circulation-hoof-socks-durchblutungs-huf-socken\/","title":{"rendered":"Incrediwear Equine Circulation Hoof Socks"},"content":{"rendered":"<div id=\"fws_69db8380a9a00\"  data-column-margin=\"default\" data-midnight=\"dark\"  class=\"wpb_row vc_row-fluid vc_row\"  style=\"padding-top: 0px; padding-bottom: 0px; \"><div class=\"row-bg-wrap\" data-bg-animation=\"none\" data-bg-overlay=\"false\"><div class=\"inner-wrap\"><div class=\"row-bg viewport-desktop\"  style=\"\"><\/div><\/div><\/div><div class=\"row_col_wrap_12 col span_12 dark left\">\n\t<div  class=\"vc_col-sm-12 wpb_column column_container vc_column_container col no-extra-padding inherit_tablet inherit_phone\"  data-padding-pos=\"all\" data-has-bg-color=\"false\" data-bg-color=\"\" data-bg-opacity=\"1\" data-animation=\"\" data-delay=\"0\" >\n\t\t<div class=\"vc_column-inner\" >\n\t\t\t<div class=\"wpb_wrapper\">\n\t\t\t\t\n<div class=\"wpb_text_column wpb_content_element\" >\n\t<div class=\"wpb_wrapper\">\n\t\t<h2>Incrediwear Circulation Hoof Socks<\/h2>\n<p>&nbsp;<\/p>\n<h4 class=\"p1\">WIRD ALS PAAR MIT ZWEI SOCKEN GELIEFERT<\/h4>\n<p class=\"p1\">Die Incrediwear-Technologie basiert auf den Halbleitern Germanium und Kohlenstoff, die in die Fasern eingebettet sind und bei Kontakt mit K\u00f6rperw\u00e4rme negative Ionen freisetzen. Negative Ionen versetzen die Zellen in Schwingung, was die Durchblutung und den Lymphabfluss f\u00f6rdert. Dadurch werden Schwellungen, Entz\u00fcndungen, Muskelkater und M\u00fcdigkeit reduziert und der Erholungs- und Heilungsprozess beschleunigt. Da die Technologie nicht auf Kompression basiert, kann sie \u00fcber l\u00e4ngere Zeitr\u00e4ume ohne negative Nebenwirkungen angewendet werden. Die Technologie ist durch Studien am Menschen wissenschaftlich belegt.<\/p>\n<p class=\"p1\">Die Durchblutung Huf-Socken von Incrediwear Equine passen sich bequem an die Beine des Pferdes an und wurden entwickelt, um die Regenerationszeit zu verk\u00fcrzen und die Leistung zu verbessern. Nicht auf Kompression basierend. Basierend auf Negativ-Ionen-Technologie.<\/p>\n<h3 class=\"p1\">Verwendung:<\/h3>\n<ul class=\"ul1\">\n<li class=\"li1\">Regeneration nach dem Training;<\/li>\n<li class=\"li1\">Verletzungsheilung (entz\u00fcndungshemmend);<\/li>\n<li class=\"li1\">Transport und Nachtruhe (nur in Verbindung mit Standing Wraps);<\/li>\n<li class=\"li1\">Sofortige K\u00fchlung (wenn nass).<\/li>\n<\/ul>\n<h3 class=\"p1\">Vorteile:<\/h3>\n<ul class=\"ul1\">\n<li class=\"li1\">Reduziert Schwellungen und Entz\u00fcndungen;<\/li>\n<li class=\"li1\">Reduziert Muskelkater und Muskelerm\u00fcdung;<\/li>\n<li class=\"li1\">F\u00f6rdert die Durchblutung;<\/li>\n<li class=\"li1\">F\u00f6rdert die Lymphdrainage;<\/li>\n<li class=\"li1\">Beschleunigt die Regeneration;<\/li>\n<li class=\"li1\">K\u00fchleffekt.<\/li>\n<\/ul>\n<p class=\"p1\">Da die Socken nicht auf Kompression basieren, k\u00f6nnen sie \u00fcber einen l\u00e4ngeren Zeitraum verwendet werden.<\/p>\n<p class=\"p1\">K\u00e4ltetherapie \u2013 Einfach die Circulation Hufsocken mit normalem Wasser abspritzen, um einen sofortigen K\u00fchleffekt zu erzielen.<br \/>\nDie K\u00e4ltetherapie wirkt 45 Minuten bis zu einer Stunde lang und reduziert Schwellungen.<\/p>\n<p class=\"p1\">F\u00fcr einen noch st\u00e4rkeren K\u00fchleffekt kann hei\u00dfes Wasser verwendet werden \u2013 legen Sie die Hoof Socks 2 Minuten lang in hei\u00dfes Wasser, sp\u00fclen Sie \u00fcbersch\u00fcssiges Wasser ab, warten Sie eine Minute, bis die Socken etwas abgek\u00fchlt sind, und ziehen Sie sie dann an.<\/p>\n<p>&nbsp;<\/p>\n<p class=\"p1\"><b>DETAILLIERTE ANWENDUNGSHINWEISE:<\/b><\/p>\n<p class=\"p1\"><b><br \/>\n<\/b>Ziehen Sie die Circulation Hoof Socks unmittelbar nach der Arbeit, dem Training oder dem Turnier mit Ihrem Pferd an und spritzen Sie sie mit Wasser ab. Lassen Sie sie dann 45 Minuten bis 1 Stunde lang am Pferd. Circulation Hoof Socks sorgen 45 Minuten bis 1 Stunde lang f\u00fcr einen K\u00fchleffekt, um Schwellungen zu reduzieren.<\/p>\n<p class=\"p1\">Trockene Circulation Hoof Socks k\u00f6nnen bis zu 24 Stunden lang getragen werden. Bei mittelgro\u00dfen bis gro\u00dfen Beinen bleiben die Socken \u00fcber Nacht sehr gut an Ort und Stelle, wenn sie \u00fcber Nacht oder \u00fcber einen l\u00e4ngeren Zeitraum verwendet werden. Bei d\u00fcnnen Beinen m\u00fcssen die Hoof Socks jedoch mit Circulation Standing Wraps oder anderen nicht-therapeutischen Polsterbandagen fixiert werden, damit sie an der richtigen Stelle bleiben, oder der obere Teil der Socken kann umgeschlagen werden.<\/p>\n<p>&nbsp;<\/p>\n<h3>Anwendungsbereiche und Beschwerden<\/h3>\n<p>&#8211; Laminitis: Laminitis ist besonders in der akuten Phase eine schwere Erkrankung. Eistherapie kann in diesem Stadium helfen. Die Hoof Socks lassen sich nass auftragen, um laminare Entz\u00fcndungen durch den \u201eEis\u201c-Effekt zu reduzieren. Durch wiederholtes Befeuchten l\u00e4sst sich die K\u00fchlwirkung verl\u00e4ngern.<\/p>\n<p>&#8211; Navicular\/Fu\u00dfprobleme: Viele Beschwerden im Bereich der Huf\u2011\/Fersenregion gehen mit Entz\u00fcndungen einher und k\u00f6nnen von der Anwendung der Hoof Socks im Stall profitieren.<\/p>\n<p>&#8211; L\u00e4sionen der tiefen Beugesehne (DDFT): DDFT\u2011L\u00e4sionen im Huf werden meist per MRT diagnostiziert. Neben regenerativen Therapien ist vor allem l\u00e4ngere Stallruhe wichtig. Die Hoof Socks k\u00f6nnen w\u00e4hrend dieser Ruhephase getragen werden.<\/p>\n<p>&#8211; \u201eSchlechtf\u00fc\u00dfige\u201c Pferde: Durch Anregung der Durchblutung am Kronrand k\u00f6nnen die Hoof Socks das Hufwachstum bei Pferden mit br\u00fcchigen Hufen, langsamem Wachstum, Ballentrennungen, Klauenrissen oder kontrahierten Fersen unterst\u00fctzen. Sie k\u00f6nnen rund um die Uhr im Stall getragen werden.<\/p>\n<p>&#8211; Huf- und Fesselverletzungen: Geeignet bei Verletzungen im Fesselbereich, z. B. an den Sesambeinb\u00e4ndern, DDFT\u2011 oder SDFT\u2011\u00c4sten sowie der Sehnenscheide.<\/p>\n<p>&#8211; Arthritis im Huf oder Fesselgelenk: Bei degenerativen Gelenkver\u00e4nderungen k\u00f6nnen die Hoof Socks durch F\u00f6rderung der Durchblutung und Reduktion von Entz\u00fcndungsreaktionen Schmerzen lindern und die Mobilit\u00e4t unterst\u00fctzen. Trocken getragen sind sie ideal f\u00fcr l\u00e4ngere Anwendung im Stall; nass angewendet bieten sie zus\u00e4tzlichen k\u00fchlenden Effekt.<\/p>\n<p>* In seltenen F\u00e4llen kann ein Pferd durch die gesteigerte Durchblutung \u201e\u00fcberstimuliert\u201c werden und anfangen, an den Bandagen zu scharren oder zu rei\u00dfen. In diesem Fall sollte das Produkt entfernt werden; es kann an einem sp\u00e4teren Tag oder f\u00fcr einen k\u00fcrzeren Zeitraum erneut angewendet werden.<\/p>\n<p class=\"p1\"><b>ALLGEMEINE RICHTLINIEN:<br \/>\n<\/b>Incrediwear ist ein neuartiger \u201eSportstoff\u201c, der seit vielen Jahren in der Sportindustrie f\u00fcr Menschen verwendet wird. Incrediwear ist eine mit Germanium\/Kohlenstoff versetzte Faser, die bei Kontakt mit K\u00f6rperw\u00e4rme aktiviert wird. Die Freisetzung negativer Ionen l\u00f6st eine mechanische Steigerung der Durchblutung in diesem Bereich aus, verbunden mit einer erh\u00f6hten Lymphdrainage aus diesem Bereich, was zu seinen einzigartigen Eigenschaften f\u00fchrt. Incrediwear Equine hat diese Konzepte in eine neue Produktlinie \u00fcbernommen, die sich auf die distalen Gliedma\u00dfen von Pferden konzentriert. Grunds\u00e4tzlich erh\u00f6ht das Produkt bei trockener Anwendung die Durchblutung und f\u00f6rdert die Lymphdrainage. Bei nasser Anwendung (insbesondere mit warmem oder hei\u00dfem Wasser) kommt es zu einer endothermen Reaktion, die zu einer Senkung der Oberfl\u00e4chentemperatur f\u00fchrt und einen \u201eEisbandagen\u201d-Effekt hervorruft. Unter Anwendung dieser allgemeinen Grunds\u00e4tze kann das Produkt vor dem Training trocken angewendet werden, um die Durchblutung zu erh\u00f6hen, und nach dem Training nass, um den \u201eEis\u201d-Effekt zu erzielen. Alle Anwendungen sollten unter der Aufsicht und\/oder nach R\u00fccksprache mit Ihrem Tierarzt erfolgen. Wenn Ihr Tierarzt mit Incrediwear Equine nicht vertraut ist, bitten Sie ihn, sich f\u00fcr weitere Informationen an unser B\u00fcro zu wenden.<\/p>\n<p class=\"p1\"><b>WASCHANLEITUNG:<br \/>\n<\/b>In einen Kopfkissenbezug oder Waschbeutel geben. Bei maximal 40 \u00b0C warm oder kalt waschen. Bei niedriger Temperatur im Trockner trocknen. NICHT bleichen. NICHT b\u00fcgeln. NICHT chemisch reinigen.<\/p>\n\t<\/div>\n<\/div>\n\n\n\n\n\t\t\t<\/div> \n\t\t<\/div>\n\t<\/div> \n<\/div><\/div>","protected":false},"excerpt":{"rendered":"<p>Incrediwear-Technologie mit Germanium und Kohlenstoff setzt bei K\u00f6rperw\u00e4rme negative Ionen frei,<\/p>\n<ul>\n<li>F\u00f6rdert Durchblutung und Lymphfluss,<\/li>\n<li>Reduziert Schwellungen,<\/li>\n<li>Entz\u00fcndungen und Muskelkater,<\/li>\n<li>Beschleunigt die Regeneration.<\/li>\n<li>Nicht kompressionsbasiert \u2014 f\u00fcr langen Tragekomfort.<\/li>\n<li>Wissenschaftlich belegt.<\/li>\n<\/ul>\n<p>Jetzt Vorbestellen.<\/p>","protected":false},"featured_media":7481,"comment_status":"closed","ping_status":"closed","template":"","meta":{"jetpack_publicize_message":"","jetpack_publicize_feature_enabled":true,"jetpack_social_post_already_shared":true,"jetpack_social_options":{"image_generator_settings":{"template":"highway","default_image_id":0,"font":"","enabled":false},"version":2}},"product_brand":[],"product_cat":[79],"product_tag":[],"class_list":{"0":"post-7482","1":"product","2":"type-product","3":"status-publish","4":"has-post-thumbnail","6":"product_cat-therapie-produkte","7":"pa_farbe-grau","8":"pa_farbe-schwarz","10":"first","11":"instock","12":"taxable","13":"shipping-taxable","14":"purchasable","15":"product-type-variable","16":"has-default-attributes"},"yoast_head":"<!-- This site is optimized with the Yoast SEO Premium plugin v26.9 (Yoast SEO v27.3) - https:\/\/yoast.com\/product\/yoast-seo-premium-wordpress\/ -->\n<title>Incrediwear Equine Circulation Hoof Socks - Impuls Methode<\/title>\n<meta name=\"description\" content=\"Maximieren Sie die Regeneration Ihres Pferdes mit Incrediwear Equine Circulation Hoof Socks! Ideal f\u00fcr Training, Verletzungsheilung und Nachtruhe.\" \/>\n<meta name=\"robots\" content=\"index, follow, max-snippet:-1, max-image-preview:large, max-video-preview:-1\" \/>\n<link rel=\"canonical\" href=\"https:\/\/impulsmethode.at\/en\/product-2\/incrediwear-equine-circulation-hoof-socks-durchblutungs-huf-socken\/\" \/>\n<meta property=\"og:locale\" content=\"en_US\" \/>\n<meta property=\"og:type\" content=\"article\" \/>\n<meta property=\"og:title\" content=\"Incrediwear Equine Circulation Hoof Socks\" \/>\n<meta property=\"og:description\" content=\"Maximieren Sie die Regeneration Ihres Pferdes mit Incrediwear Equine Circulation Hoof Socks! Ideal f\u00fcr Training, Verletzungsheilung und Nachtruhe.\" \/>\n<meta property=\"og:url\" content=\"https:\/\/impulsmethode.at\/en\/product-2\/incrediwear-equine-circulation-hoof-socks-durchblutungs-huf-socken\/\" \/>\n<meta property=\"og:site_name\" content=\"Impuls Methode\" \/>\n<meta property=\"article:publisher\" content=\"https:\/\/www.facebook.com\/ImPulsMethode\" \/>\n<meta property=\"article:modified_time\" content=\"2026-02-13T13:31:32+00:00\" \/>\n<meta property=\"og:image\" content=\"https:\/\/impulsmethode.at\/wp-content\/uploads\/2025\/09\/hoofsocks.web_.avif\" \/>\n\t<meta property=\"og:image:width\" content=\"700\" \/>\n\t<meta property=\"og:image:height\" content=\"700\" \/>\n\t<meta property=\"og:image:type\" content=\"image\/png\" \/>\n<meta name=\"twitter:card\" content=\"summary_large_image\" \/>\n<meta name=\"twitter:label1\" content=\"Availability\" \/>\n\t<meta name=\"twitter:data1\" content=\"In stock\" \/>\n<script type=\"application\/ld+json\" class=\"yoast-schema-graph\">{\"@context\":\"https:\\\/\\\/schema.org\",\"@graph\":[{\"@type\":\"WebPage\",\"@id\":\"https:\\\/\\\/impulsmethode.at\\\/produkt\\\/incrediwear-equine-circulation-hoof-socks-durchblutungs-huf-socken\\\/\",\"url\":\"https:\\\/\\\/impulsmethode.at\\\/produkt\\\/incrediwear-equine-circulation-hoof-socks-durchblutungs-huf-socken\\\/\",\"name\":\"Incrediwear Equine Circulation Hoof Socks - Impuls Methode\",\"isPartOf\":{\"@id\":\"https:\\\/\\\/impulsmethode.at\\\/#website\"},\"primaryImageOfPage\":{\"@id\":\"https:\\\/\\\/impulsmethode.at\\\/produkt\\\/incrediwear-equine-circulation-hoof-socks-durchblutungs-huf-socken\\\/#primaryimage\"},\"image\":{\"@id\":\"https:\\\/\\\/impulsmethode.at\\\/produkt\\\/incrediwear-equine-circulation-hoof-socks-durchblutungs-huf-socken\\\/#primaryimage\"},\"thumbnailUrl\":\"https:\\\/\\\/impulsmethode.at\\\/wp-content\\\/uploads\\\/2025\\\/09\\\/hoofsocks.web_.avif\",\"datePublished\":\"2025-09-26T16:10:29+00:00\",\"dateModified\":\"2026-02-13T13:31:32+00:00\",\"description\":\"Maximieren Sie die Regeneration Ihres Pferdes mit Incrediwear Equine Circulation Hoof Socks! Ideal f\u00fcr Training, Verletzungsheilung und Nachtruhe.\",\"breadcrumb\":{\"@id\":\"https:\\\/\\\/impulsmethode.at\\\/produkt\\\/incrediwear-equine-circulation-hoof-socks-durchblutungs-huf-socken\\\/#breadcrumb\"},\"inLanguage\":\"en-AU\",\"potentialAction\":[{\"@type\":\"ReadAction\",\"target\":[\"https:\\\/\\\/impulsmethode.at\\\/produkt\\\/incrediwear-equine-circulation-hoof-socks-durchblutungs-huf-socken\\\/\"]}]},{\"@type\":\"ImageObject\",\"inLanguage\":\"en-AU\",\"@id\":\"https:\\\/\\\/impulsmethode.at\\\/produkt\\\/incrediwear-equine-circulation-hoof-socks-durchblutungs-huf-socken\\\/#primaryimage\",\"url\":\"https:\\\/\\\/impulsmethode.at\\\/wp-content\\\/uploads\\\/2025\\\/09\\\/hoofsocks.web_.avif\",\"contentUrl\":\"https:\\\/\\\/impulsmethode.at\\\/wp-content\\\/uploads\\\/2025\\\/09\\\/hoofsocks.web_.avif\",\"width\":700,\"height\":700},{\"@type\":\"BreadcrumbList\",\"@id\":\"https:\\\/\\\/impulsmethode.at\\\/produkt\\\/incrediwear-equine-circulation-hoof-socks-durchblutungs-huf-socken\\\/#breadcrumb\",\"itemListElement\":[{\"@type\":\"ListItem\",\"position\":1,\"name\":\"Home\",\"item\":\"https:\\\/\\\/impulsmethode.at\\\/\"},{\"@type\":\"ListItem\",\"position\":2,\"name\":\"Shop\",\"item\":\"https:\\\/\\\/impulsmethode.at\\\/shop-2\\\/\"},{\"@type\":\"ListItem\",\"position\":3,\"name\":\"Incrediwear Equine Circulation Hoof Socks\"}]},{\"@type\":\"WebSite\",\"@id\":\"https:\\\/\\\/impulsmethode.at\\\/#website\",\"url\":\"https:\\\/\\\/impulsmethode.at\\\/\",\"name\":\"ImPuls Methode\",\"description\":\"Weil du dein Pferd liebst\",\"publisher\":{\"@id\":\"https:\\\/\\\/impulsmethode.at\\\/#organization\"},\"potentialAction\":[{\"@type\":\"SearchAction\",\"target\":{\"@type\":\"EntryPoint\",\"urlTemplate\":\"https:\\\/\\\/impulsmethode.at\\\/?s={search_term_string}\"},\"query-input\":{\"@type\":\"PropertyValueSpecification\",\"valueRequired\":true,\"valueName\":\"search_term_string\"}}],\"inLanguage\":\"en-AU\"},{\"@type\":[\"Organization\",\"Place\"],\"@id\":\"https:\\\/\\\/impulsmethode.at\\\/#organization\",\"name\":\"ImPuls Methode\",\"url\":\"https:\\\/\\\/impulsmethode.at\\\/\",\"logo\":{\"@id\":\"https:\\\/\\\/impulsmethode.at\\\/produkt\\\/incrediwear-equine-circulation-hoof-socks-durchblutungs-huf-socken\\\/#local-main-organization-logo\"},\"image\":{\"@id\":\"https:\\\/\\\/impulsmethode.at\\\/produkt\\\/incrediwear-equine-circulation-hoof-socks-durchblutungs-huf-socken\\\/#local-main-organization-logo\"},\"sameAs\":[\"https:\\\/\\\/www.facebook.com\\\/ImPulsMethode\",\"https:\\\/\\\/www.instagram.com\\\/impulsmethode\\\/\",\"https:\\\/\\\/www.linkedin.com\\\/in\\\/adrienne-t-98349299\\\/\",\"https:\\\/\\\/www.youtube.com\\\/@impulsmethode768\",\"https:\\\/\\\/www.tiktok.com\\\/@impulsmethode\"],\"telephone\":[],\"openingHoursSpecification\":[{\"@type\":\"OpeningHoursSpecification\",\"dayOfWeek\":[\"Monday\",\"Tuesday\",\"Wednesday\",\"Thursday\",\"Friday\",\"Saturday\",\"Sunday\"],\"opens\":\"09:00\",\"closes\":\"17:00\"}]},{\"@type\":\"ImageObject\",\"inLanguage\":\"en-AU\",\"@id\":\"https:\\\/\\\/impulsmethode.at\\\/produkt\\\/incrediwear-equine-circulation-hoof-socks-durchblutungs-huf-socken\\\/#local-main-organization-logo\",\"url\":\"https:\\\/\\\/impulsmethode.at\\\/wp-content\\\/uploads\\\/2022\\\/04\\\/impuls_methode_logo_dark.png\",\"contentUrl\":\"https:\\\/\\\/impulsmethode.at\\\/wp-content\\\/uploads\\\/2022\\\/04\\\/impuls_methode_logo_dark.png\",\"width\":750,\"height\":278,\"caption\":\"ImPuls Methode\"}]}<\/script>\n<meta property=\"og:availability\" content=\"instock\" \/>\n<meta property=\"product:availability\" content=\"instock\" \/>\n<meta property=\"product:condition\" content=\"new\" \/>\n<!-- \/ Yoast SEO Premium plugin. -->","yoast_head_json":{"title":"Incrediwear Equine Circulation Hoof Socks - Impuls Methode","description":"Maximieren Sie die Regeneration Ihres Pferdes mit Incrediwear Equine Circulation Hoof Socks! Ideal f\u00fcr Training, Verletzungsheilung und Nachtruhe.","robots":{"index":"index","follow":"follow","max-snippet":"max-snippet:-1","max-image-preview":"max-image-preview:large","max-video-preview":"max-video-preview:-1"},"canonical":"https:\/\/impulsmethode.at\/en\/product-2\/incrediwear-equine-circulation-hoof-socks-durchblutungs-huf-socken\/","og_locale":"en_US","og_type":"article","og_title":"Incrediwear Equine Circulation Hoof Socks","og_description":"Maximieren Sie die Regeneration Ihres Pferdes mit Incrediwear Equine Circulation Hoof Socks! Ideal f\u00fcr Training, Verletzungsheilung und Nachtruhe.","og_url":"https:\/\/impulsmethode.at\/en\/product-2\/incrediwear-equine-circulation-hoof-socks-durchblutungs-huf-socken\/","og_site_name":"Impuls Methode","article_publisher":"https:\/\/www.facebook.com\/ImPulsMethode","article_modified_time":"2026-02-13T13:31:32+00:00","og_image":[{"width":700,"height":700,"url":"https:\/\/impulsmethode.at\/wp-content\/uploads\/2025\/09\/hoofsocks.web_.avif","type":"image\/png"}],"twitter_card":"summary_large_image","twitter_misc":{"Availability":"In stock"},"schema":{"@context":"https:\/\/schema.org","@graph":[{"@type":"WebPage","@id":"https:\/\/impulsmethode.at\/produkt\/incrediwear-equine-circulation-hoof-socks-durchblutungs-huf-socken\/","url":"https:\/\/impulsmethode.at\/produkt\/incrediwear-equine-circulation-hoof-socks-durchblutungs-huf-socken\/","name":"Incrediwear Equine Circulation Hoof Socks - Impuls Methode","isPartOf":{"@id":"https:\/\/impulsmethode.at\/#website"},"primaryImageOfPage":{"@id":"https:\/\/impulsmethode.at\/produkt\/incrediwear-equine-circulation-hoof-socks-durchblutungs-huf-socken\/#primaryimage"},"image":{"@id":"https:\/\/impulsmethode.at\/produkt\/incrediwear-equine-circulation-hoof-socks-durchblutungs-huf-socken\/#primaryimage"},"thumbnailUrl":"https:\/\/impulsmethode.at\/wp-content\/uploads\/2025\/09\/hoofsocks.web_.avif","datePublished":"2025-09-26T16:10:29+00:00","dateModified":"2026-02-13T13:31:32+00:00","description":"Maximieren Sie die Regeneration Ihres Pferdes mit Incrediwear Equine Circulation Hoof Socks! Ideal f\u00fcr Training, Verletzungsheilung und Nachtruhe.","breadcrumb":{"@id":"https:\/\/impulsmethode.at\/produkt\/incrediwear-equine-circulation-hoof-socks-durchblutungs-huf-socken\/#breadcrumb"},"inLanguage":"en-AU","potentialAction":[{"@type":"ReadAction","target":["https:\/\/impulsmethode.at\/produkt\/incrediwear-equine-circulation-hoof-socks-durchblutungs-huf-socken\/"]}]},{"@type":"ImageObject","inLanguage":"en-AU","@id":"https:\/\/impulsmethode.at\/produkt\/incrediwear-equine-circulation-hoof-socks-durchblutungs-huf-socken\/#primaryimage","url":"https:\/\/impulsmethode.at\/wp-content\/uploads\/2025\/09\/hoofsocks.web_.avif","contentUrl":"https:\/\/impulsmethode.at\/wp-content\/uploads\/2025\/09\/hoofsocks.web_.avif","width":700,"height":700},{"@type":"BreadcrumbList","@id":"https:\/\/impulsmethode.at\/produkt\/incrediwear-equine-circulation-hoof-socks-durchblutungs-huf-socken\/#breadcrumb","itemListElement":[{"@type":"ListItem","position":1,"name":"Home","item":"https:\/\/impulsmethode.at\/"},{"@type":"ListItem","position":2,"name":"Shop","item":"https:\/\/impulsmethode.at\/shop-2\/"},{"@type":"ListItem","position":3,"name":"Incrediwear Equine Circulation Hoof Socks"}]},{"@type":"WebSite","@id":"https:\/\/impulsmethode.at\/#website","url":"https:\/\/impulsmethode.at\/","name":"ImPuls method","description":"Because you love your horse","publisher":{"@id":"https:\/\/impulsmethode.at\/#organization"},"potentialAction":[{"@type":"SearchAction","target":{"@type":"EntryPoint","urlTemplate":"https:\/\/impulsmethode.at\/?s={search_term_string}"},"query-input":{"@type":"PropertyValueSpecification","valueRequired":true,"valueName":"search_term_string"}}],"inLanguage":"en-AU"},{"@type":["Organization","Place"],"@id":"https:\/\/impulsmethode.at\/#organization","name":"ImPuls method","url":"https:\/\/impulsmethode.at\/","logo":{"@id":"https:\/\/impulsmethode.at\/produkt\/incrediwear-equine-circulation-hoof-socks-durchblutungs-huf-socken\/#local-main-organization-logo"},"image":{"@id":"https:\/\/impulsmethode.at\/produkt\/incrediwear-equine-circulation-hoof-socks-durchblutungs-huf-socken\/#local-main-organization-logo"},"sameAs":["https:\/\/www.facebook.com\/ImPulsMethode","https:\/\/www.instagram.com\/impulsmethode\/","https:\/\/www.linkedin.com\/in\/adrienne-t-98349299\/","https:\/\/www.youtube.com\/@impulsmethode768","https:\/\/www.tiktok.com\/@impulsmethode"],"telephone":[],"openingHoursSpecification":[{"@type":"OpeningHoursSpecification","dayOfWeek":["Monday","Tuesday","Wednesday","Thursday","Friday","Saturday","Sunday"],"opens":"09:00","closes":"17:00"}]},{"@type":"ImageObject","inLanguage":"en-AU","@id":"https:\/\/impulsmethode.at\/produkt\/incrediwear-equine-circulation-hoof-socks-durchblutungs-huf-socken\/#local-main-organization-logo","url":"https:\/\/impulsmethode.at\/wp-content\/uploads\/2022\/04\/impuls_methode_logo_dark.png","contentUrl":"https:\/\/impulsmethode.at\/wp-content\/uploads\/2022\/04\/impuls_methode_logo_dark.png","width":750,"height":278,"caption":"ImPuls Methode"}]},"og_availability":"instock","product_availability":"instock","product_condition":"new"},"jetpack_publicize_connections":[],"jetpack_sharing_enabled":true,"_links":{"self":[{"href":"https:\/\/impulsmethode.at\/en\/wp-json\/wp\/v2\/product\/7482","targetHints":{"allow":["GET"]}}],"collection":[{"href":"https:\/\/impulsmethode.at\/en\/wp-json\/wp\/v2\/product"}],"about":[{"href":"https:\/\/impulsmethode.at\/en\/wp-json\/wp\/v2\/types\/product"}],"replies":[{"embeddable":true,"href":"https:\/\/impulsmethode.at\/en\/wp-json\/wp\/v2\/comments?post=7482"}],"wp:featuredmedia":[{"embeddable":true,"href":"https:\/\/impulsmethode.at\/en\/wp-json\/wp\/v2\/media\/7481"}],"wp:attachment":[{"href":"https:\/\/impulsmethode.at\/en\/wp-json\/wp\/v2\/media?parent=7482"}],"wp:term":[{"taxonomy":"product_brand","embeddable":true,"href":"https:\/\/impulsmethode.at\/en\/wp-json\/wp\/v2\/product_brand?post=7482"},{"taxonomy":"product_cat","embeddable":true,"href":"https:\/\/impulsmethode.at\/en\/wp-json\/wp\/v2\/product_cat?post=7482"},{"taxonomy":"product_tag","embeddable":true,"href":"https:\/\/impulsmethode.at\/en\/wp-json\/wp\/v2\/product_tag?post=7482"}],"curies":[{"name":"wp","href":"https:\/\/api.w.org\/{rel}","templated":true}]}}