{"id":7430,"date":"2025-03-20T09:15:01","date_gmt":"2025-03-20T08:15:01","guid":{"rendered":"https:\/\/impulsmethode.at\/?post_type=product&#038;p=7430"},"modified":"2025-03-20T09:30:52","modified_gmt":"2025-03-20T08:30:52","slug":"cbd-vital-oel-fuer-pferde","status":"publish","type":"product","link":"https:\/\/impulsmethode.at\/en\/product-2\/cbd-vital-oel-fuer-pferde\/","title":{"rendered":"CBD Vital \u00d6l f\u00fcr Pferde"},"content":{"rendered":"<p class=\"p2\"><b>CBD \u00d6l f\u00fcr Pferde <\/b><b><\/b><\/p>\n<p class=\"p3\">Premium Qualit\u00e4t mit 3000mg CBD. Die nat\u00fcrliche Pflege f\u00fcr das Wohlbefinden der Pferde.<\/p>\n<p class=\"p4\">Pferde besitzen, wie wir Menschen, ein k\u00f6rpereigenes Endocannabinoid-System und k\u00f6nnen von den wohltuenden Effekten von CBD profitieren. Das speziell entwickelte CBD \u00d6l f\u00fcr Pferde kombiniert den nat\u00fcrlichen CBD Gehalt (30%) von Hanf\u00f6l mit den Vorz\u00fcgen von Bio Leinsamen\u00f6l. Die Vorteile von Lein\u00f6l sind besonders f\u00fcr die Haut- und Fellpflege der geliebten Vierbeiner beliebt. Zudem ist Lein\u00f6l reich an Eiwei\u00df, Selen und den Vitaminen B1, B2 und B6. Das Hanfsamen\u00f6l enth\u00e4lt wertvolle Omega 3 plus 6 Fetts\u00e4uren, Linolens\u00e4ure und reichlich Vitamin E. Deshalb setzt sich das Tr\u00e4ger\u00f6l unseres CBD \u00d6ls speziell f\u00fcr Pferde aus BIO-Leinsamen- und Bio Hanf\u00f6l im Verh\u00e4ltnis von 50:50 zusammen.<\/p>\n<p class=\"p4\">Erg\u00e4nzt mit dem Hanfmehl-Kamillen-Mazerat bringen wir die nat\u00fcrlichen Cannabinoide aus Hanf und sekund\u00e4ren Pflanzenstoffe der Kamillenbl\u00fcte in das CBD \u00d6l f\u00fcr Pferde.<\/p>\n<p class=\"p3\">Benefits f\u00fcr das Wohlbefinden der Pferde:<\/p>\n<ul class=\"ul1\">\n<li class=\"li5\">\u2022 Enth\u00e4lt 3000mg CBD pro 10ml (30%)<\/li>\n<li class=\"li5\">\u2022 Mit den pflegenden Eigenschaften von Kamille, Hanf- und Leinsamen\u00f6l<\/li>\n<li class=\"li5\">\u2022 Aus kontrolliert biologischem Anbau<\/li>\n<li class=\"li5\">\u2022 Ideal abgestimmt und vielseitig anwendbar<\/li>\n<li class=\"li4\">\u2022 Sehr ergiebig<\/li>\n<\/ul>\n<p class=\"p3\">Anwendungsempfehlung<\/p>\n<p class=\"p4\">Meist werden 8 Tropfen t\u00e4glich zur Pflege empfohlen.<\/p>\n<p class=\"p4\">Verzichten Sie nicht auf tier\u00e4rztlichen Rat. Bei der Teilnahme an Turnieren empfehlen wir, vor dem Einsatz die Richtlinien zu pr\u00fcfen.<\/p>\n<p class=\"p4\"><span class=\"s2\">Tierpflegeprodukt speziell f\u00fcr Pferde: <\/span>Hanfmehl-Kamillen Mazerat mit 30 %, CBD\/CBDA sowie &gt; 0,5 % CBG\/CBGA, Bio Hanf\u00f6l, Bio Leinsamen\u00f6l, nat\u00fcrliches Vitamin E &gt; 250 mg\/10 ml.<\/p>\n<p><img data-dominant-color=\"7a8043\" data-has-transparency=\"false\" style=\"--dominant-color: #7a8043;\" loading=\"lazy\" decoding=\"async\" class=\"size-medium wp-image-7431 not-transparent\" src=\"https:\/\/impulsmethode.at\/wp-content\/uploads\/2025\/03\/cbdmedicine-300x200.avif\" alt=\"\" width=\"300\" height=\"200\" srcset=\"https:\/\/impulsmethode.at\/wp-content\/uploads\/2025\/03\/cbdmedicine-300x200.avif 300w, https:\/\/impulsmethode.at\/wp-content\/uploads\/2025\/03\/cbdmedicine-1024x683.avif 1024w, https:\/\/impulsmethode.at\/wp-content\/uploads\/2025\/03\/cbdmedicine-768x513.avif 768w, https:\/\/impulsmethode.at\/wp-content\/uploads\/2025\/03\/cbdmedicine-1536x1025.avif 1536w, https:\/\/impulsmethode.at\/wp-content\/uploads\/2025\/03\/cbdmedicine-2048x1367.avif 2048w, https:\/\/impulsmethode.at\/wp-content\/uploads\/2025\/03\/cbdmedicine-18x12.avif 18w, https:\/\/impulsmethode.at\/wp-content\/uploads\/2025\/03\/cbdmedicine-900x600.avif 900w, https:\/\/impulsmethode.at\/wp-content\/uploads\/2025\/03\/cbdmedicine-600x400.avif 600w, https:\/\/impulsmethode.at\/wp-content\/uploads\/2025\/03\/cbdmedicine-135x90.avif 135w\" sizes=\"auto, (max-width: 300px) 100vw, 300px\" \/><\/p>","protected":false},"excerpt":{"rendered":"<p>CBD \u00d6l f\u00fcr Pferde Premium Qualit\u00e4t mit 3000mg CBD. Die nat\u00fcrliche Pflege f\u00fcr das Wohlbefinden der Pferde. Pferde besitzen, wie wir Menschen, ein k\u00f6rpereigenes Endocannabinoid-System und k\u00f6nnen von den wohltuenden&#8230;<\/p>","protected":false},"featured_media":7445,"comment_status":"closed","ping_status":"closed","template":"","meta":{"jetpack_publicize_message":"","jetpack_publicize_feature_enabled":true,"jetpack_social_post_already_shared":false,"jetpack_social_options":{"image_generator_settings":{"template":"highway","default_image_id":0,"font":"","enabled":false},"version":2}},"product_brand":[75,76],"product_cat":[57,37],"product_tag":[78,77],"class_list":{"0":"post-7430","1":"product","2":"type-product","3":"status-publish","4":"has-post-thumbnail","6":"product_brand-cbd-vital","7":"product_brand-impuls-methode","8":"product_cat-cbd","9":"product_cat-unkategorisiert","10":"product_tag-cbd-gel","11":"product_tag-cbd-oel","13":"first","14":"instock","15":"taxable","16":"shipping-taxable","17":"product-type-external"},"yoast_head":"<!-- This site is optimized with the Yoast SEO Premium plugin v26.9 (Yoast SEO v27.5) - https:\/\/yoast.com\/product\/yoast-seo-premium-wordpress\/ -->\n<title>CBD Vital \u00d6l f\u00fcr Pferde - Impuls Methode<\/title>\n<meta name=\"robots\" content=\"index, follow, max-snippet:-1, max-image-preview:large, max-video-preview:-1\" \/>\n<link rel=\"canonical\" href=\"https:\/\/impulsmethode.at\/en\/product-2\/cbd-vital-oel-fuer-pferde\/\" \/>\n<meta property=\"og:locale\" content=\"en_US\" \/>\n<meta property=\"og:type\" content=\"article\" \/>\n<meta property=\"og:title\" content=\"CBD Vital \u00d6l f\u00fcr Pferde\" \/>\n<meta property=\"og:description\" content=\"CBD \u00d6l f\u00fcr Pferde Premium Qualit\u00e4t mit 3000mg CBD. Die nat\u00fcrliche Pflege f\u00fcr das Wohlbefinden der Pferde. Pferde besitzen, wie wir Menschen, ein k\u00f6rpereigenes Endocannabinoid-System und k\u00f6nnen von den wohltuenden...\" \/>\n<meta property=\"og:url\" content=\"https:\/\/impulsmethode.at\/en\/product-2\/cbd-vital-oel-fuer-pferde\/\" \/>\n<meta property=\"og:site_name\" content=\"Impuls Methode\" \/>\n<meta property=\"article:publisher\" content=\"https:\/\/www.facebook.com\/ImPulsMethode\" \/>\n<meta property=\"article:modified_time\" content=\"2025-03-20T08:30:52+00:00\" \/>\n<meta property=\"og:image\" content=\"https:\/\/impulsmethode.at\/wp-content\/uploads\/2025\/03\/cbdvital_tiere_cbdoel_pferde_10ml_01-png.avif\" \/>\n\t<meta property=\"og:image:width\" content=\"1000\" \/>\n\t<meta property=\"og:image:height\" content=\"1000\" \/>\n\t<meta property=\"og:image:type\" content=\"image\/png\" \/>\n<meta name=\"twitter:card\" content=\"summary_large_image\" \/>\n<meta name=\"twitter:label1\" content=\"Price\" \/>\n\t<meta name=\"twitter:data1\" content=\"&euro;139.90 inkl MwSt.\" \/>\n\t<meta name=\"twitter:label2\" content=\"Availability\" \/>\n\t<meta name=\"twitter:data2\" content=\"In stock\" \/>\n<script type=\"application\/ld+json\" class=\"yoast-schema-graph\">{\"@context\":\"https:\\\/\\\/schema.org\",\"@graph\":[{\"@type\":\"WebPage\",\"@id\":\"https:\\\/\\\/impulsmethode.at\\\/produkt\\\/cbd-vital-oel-fuer-pferde\\\/\",\"url\":\"https:\\\/\\\/impulsmethode.at\\\/produkt\\\/cbd-vital-oel-fuer-pferde\\\/\",\"name\":\"CBD Vital \u00d6l f\u00fcr Pferde - Impuls Methode\",\"isPartOf\":{\"@id\":\"https:\\\/\\\/impulsmethode.at\\\/#website\"},\"primaryImageOfPage\":{\"@id\":\"https:\\\/\\\/impulsmethode.at\\\/produkt\\\/cbd-vital-oel-fuer-pferde\\\/#primaryimage\"},\"image\":{\"@id\":\"https:\\\/\\\/impulsmethode.at\\\/produkt\\\/cbd-vital-oel-fuer-pferde\\\/#primaryimage\"},\"thumbnailUrl\":\"https:\\\/\\\/impulsmethode.at\\\/wp-content\\\/uploads\\\/2025\\\/03\\\/cbdvital_tiere_cbdoel_pferde_10ml_01-png.avif\",\"datePublished\":\"2025-03-20T08:15:01+00:00\",\"dateModified\":\"2025-03-20T08:30:52+00:00\",\"breadcrumb\":{\"@id\":\"https:\\\/\\\/impulsmethode.at\\\/produkt\\\/cbd-vital-oel-fuer-pferde\\\/#breadcrumb\"},\"inLanguage\":\"en-AU\",\"potentialAction\":[{\"@type\":\"ReadAction\",\"target\":[\"https:\\\/\\\/impulsmethode.at\\\/produkt\\\/cbd-vital-oel-fuer-pferde\\\/\"]}]},{\"@type\":\"ImageObject\",\"inLanguage\":\"en-AU\",\"@id\":\"https:\\\/\\\/impulsmethode.at\\\/produkt\\\/cbd-vital-oel-fuer-pferde\\\/#primaryimage\",\"url\":\"https:\\\/\\\/impulsmethode.at\\\/wp-content\\\/uploads\\\/2025\\\/03\\\/cbdvital_tiere_cbdoel_pferde_10ml_01-png.avif\",\"contentUrl\":\"https:\\\/\\\/impulsmethode.at\\\/wp-content\\\/uploads\\\/2025\\\/03\\\/cbdvital_tiere_cbdoel_pferde_10ml_01-png.avif\",\"width\":1000,\"height\":1000},{\"@type\":\"BreadcrumbList\",\"@id\":\"https:\\\/\\\/impulsmethode.at\\\/produkt\\\/cbd-vital-oel-fuer-pferde\\\/#breadcrumb\",\"itemListElement\":[{\"@type\":\"ListItem\",\"position\":1,\"name\":\"Home\",\"item\":\"https:\\\/\\\/impulsmethode.at\\\/\"},{\"@type\":\"ListItem\",\"position\":2,\"name\":\"Shop\",\"item\":\"https:\\\/\\\/impulsmethode.at\\\/shop-2\\\/\"},{\"@type\":\"ListItem\",\"position\":3,\"name\":\"CBD Vital \u00d6l f\u00fcr Pferde\"}]},{\"@type\":\"WebSite\",\"@id\":\"https:\\\/\\\/impulsmethode.at\\\/#website\",\"url\":\"https:\\\/\\\/impulsmethode.at\\\/\",\"name\":\"ImPuls Methode\",\"description\":\"Weil du dein Pferd liebst\",\"publisher\":{\"@id\":\"https:\\\/\\\/impulsmethode.at\\\/#organization\"},\"potentialAction\":[{\"@type\":\"SearchAction\",\"target\":{\"@type\":\"EntryPoint\",\"urlTemplate\":\"https:\\\/\\\/impulsmethode.at\\\/?s={search_term_string}\"},\"query-input\":{\"@type\":\"PropertyValueSpecification\",\"valueRequired\":true,\"valueName\":\"search_term_string\"}}],\"inLanguage\":\"en-AU\"},{\"@type\":[\"Organization\",\"Place\"],\"@id\":\"https:\\\/\\\/impulsmethode.at\\\/#organization\",\"name\":\"ImPuls Methode\",\"url\":\"https:\\\/\\\/impulsmethode.at\\\/\",\"logo\":{\"@id\":\"https:\\\/\\\/impulsmethode.at\\\/produkt\\\/cbd-vital-oel-fuer-pferde\\\/#local-main-organization-logo\"},\"image\":{\"@id\":\"https:\\\/\\\/impulsmethode.at\\\/produkt\\\/cbd-vital-oel-fuer-pferde\\\/#local-main-organization-logo\"},\"sameAs\":[\"https:\\\/\\\/www.facebook.com\\\/ImPulsMethode\",\"https:\\\/\\\/www.instagram.com\\\/impulsmethode\\\/\",\"https:\\\/\\\/www.linkedin.com\\\/in\\\/adrienne-t-98349299\\\/\",\"https:\\\/\\\/www.youtube.com\\\/@impulsmethode768\",\"https:\\\/\\\/www.tiktok.com\\\/@impulsmethode\"],\"telephone\":[],\"openingHoursSpecification\":[{\"@type\":\"OpeningHoursSpecification\",\"dayOfWeek\":[\"Monday\",\"Tuesday\",\"Wednesday\",\"Thursday\",\"Friday\",\"Saturday\",\"Sunday\"],\"opens\":\"09:00\",\"closes\":\"17:00\"}]},{\"@type\":\"ImageObject\",\"inLanguage\":\"en-AU\",\"@id\":\"https:\\\/\\\/impulsmethode.at\\\/produkt\\\/cbd-vital-oel-fuer-pferde\\\/#local-main-organization-logo\",\"url\":\"https:\\\/\\\/impulsmethode.at\\\/wp-content\\\/uploads\\\/2022\\\/04\\\/impuls_methode_logo_dark.png\",\"contentUrl\":\"https:\\\/\\\/impulsmethode.at\\\/wp-content\\\/uploads\\\/2022\\\/04\\\/impuls_methode_logo_dark.png\",\"width\":750,\"height\":278,\"caption\":\"ImPuls Methode\"}]}<\/script>\n<meta property=\"product:price:amount\" content=\"139.90\" \/>\n<meta property=\"product:price:currency\" content=\"EUR\" \/>\n<meta property=\"og:availability\" content=\"instock\" \/>\n<meta property=\"product:availability\" content=\"instock\" \/>\n<meta property=\"product:condition\" content=\"new\" \/>\n<!-- \/ Yoast SEO Premium plugin. -->","yoast_head_json":{"title":"CBD Vital \u00d6l f\u00fcr Pferde - Impuls Methode","robots":{"index":"index","follow":"follow","max-snippet":"max-snippet:-1","max-image-preview":"max-image-preview:large","max-video-preview":"max-video-preview:-1"},"canonical":"https:\/\/impulsmethode.at\/en\/product-2\/cbd-vital-oel-fuer-pferde\/","og_locale":"en_US","og_type":"article","og_title":"CBD Vital \u00d6l f\u00fcr Pferde","og_description":"CBD \u00d6l f\u00fcr Pferde Premium Qualit\u00e4t mit 3000mg CBD. Die nat\u00fcrliche Pflege f\u00fcr das Wohlbefinden der Pferde. Pferde besitzen, wie wir Menschen, ein k\u00f6rpereigenes Endocannabinoid-System und k\u00f6nnen von den wohltuenden...","og_url":"https:\/\/impulsmethode.at\/en\/product-2\/cbd-vital-oel-fuer-pferde\/","og_site_name":"Impuls Methode","article_publisher":"https:\/\/www.facebook.com\/ImPulsMethode","article_modified_time":"2025-03-20T08:30:52+00:00","og_image":[{"width":1000,"height":1000,"url":"https:\/\/impulsmethode.at\/wp-content\/uploads\/2025\/03\/cbdvital_tiere_cbdoel_pferde_10ml_01-png.avif","type":"image\/png"}],"twitter_card":"summary_large_image","twitter_misc":{"Price":"&euro;139.90 inkl MwSt.","Availability":"In stock"},"schema":{"@context":"https:\/\/schema.org","@graph":[{"@type":"WebPage","@id":"https:\/\/impulsmethode.at\/produkt\/cbd-vital-oel-fuer-pferde\/","url":"https:\/\/impulsmethode.at\/produkt\/cbd-vital-oel-fuer-pferde\/","name":"CBD Vital \u00d6l f\u00fcr Pferde - Impuls Methode","isPartOf":{"@id":"https:\/\/impulsmethode.at\/#website"},"primaryImageOfPage":{"@id":"https:\/\/impulsmethode.at\/produkt\/cbd-vital-oel-fuer-pferde\/#primaryimage"},"image":{"@id":"https:\/\/impulsmethode.at\/produkt\/cbd-vital-oel-fuer-pferde\/#primaryimage"},"thumbnailUrl":"https:\/\/impulsmethode.at\/wp-content\/uploads\/2025\/03\/cbdvital_tiere_cbdoel_pferde_10ml_01-png.avif","datePublished":"2025-03-20T08:15:01+00:00","dateModified":"2025-03-20T08:30:52+00:00","breadcrumb":{"@id":"https:\/\/impulsmethode.at\/produkt\/cbd-vital-oel-fuer-pferde\/#breadcrumb"},"inLanguage":"en-AU","potentialAction":[{"@type":"ReadAction","target":["https:\/\/impulsmethode.at\/produkt\/cbd-vital-oel-fuer-pferde\/"]}]},{"@type":"ImageObject","inLanguage":"en-AU","@id":"https:\/\/impulsmethode.at\/produkt\/cbd-vital-oel-fuer-pferde\/#primaryimage","url":"https:\/\/impulsmethode.at\/wp-content\/uploads\/2025\/03\/cbdvital_tiere_cbdoel_pferde_10ml_01-png.avif","contentUrl":"https:\/\/impulsmethode.at\/wp-content\/uploads\/2025\/03\/cbdvital_tiere_cbdoel_pferde_10ml_01-png.avif","width":1000,"height":1000},{"@type":"BreadcrumbList","@id":"https:\/\/impulsmethode.at\/produkt\/cbd-vital-oel-fuer-pferde\/#breadcrumb","itemListElement":[{"@type":"ListItem","position":1,"name":"Home","item":"https:\/\/impulsmethode.at\/"},{"@type":"ListItem","position":2,"name":"Shop","item":"https:\/\/impulsmethode.at\/shop-2\/"},{"@type":"ListItem","position":3,"name":"CBD Vital \u00d6l f\u00fcr Pferde"}]},{"@type":"WebSite","@id":"https:\/\/impulsmethode.at\/#website","url":"https:\/\/impulsmethode.at\/","name":"ImPuls method","description":"Because you love your horse","publisher":{"@id":"https:\/\/impulsmethode.at\/#organization"},"potentialAction":[{"@type":"SearchAction","target":{"@type":"EntryPoint","urlTemplate":"https:\/\/impulsmethode.at\/?s={search_term_string}"},"query-input":{"@type":"PropertyValueSpecification","valueRequired":true,"valueName":"search_term_string"}}],"inLanguage":"en-AU"},{"@type":["Organization","Place"],"@id":"https:\/\/impulsmethode.at\/#organization","name":"ImPuls method","url":"https:\/\/impulsmethode.at\/","logo":{"@id":"https:\/\/impulsmethode.at\/produkt\/cbd-vital-oel-fuer-pferde\/#local-main-organization-logo"},"image":{"@id":"https:\/\/impulsmethode.at\/produkt\/cbd-vital-oel-fuer-pferde\/#local-main-organization-logo"},"sameAs":["https:\/\/www.facebook.com\/ImPulsMethode","https:\/\/www.instagram.com\/impulsmethode\/","https:\/\/www.linkedin.com\/in\/adrienne-t-98349299\/","https:\/\/www.youtube.com\/@impulsmethode768","https:\/\/www.tiktok.com\/@impulsmethode"],"telephone":[],"openingHoursSpecification":[{"@type":"OpeningHoursSpecification","dayOfWeek":["Monday","Tuesday","Wednesday","Thursday","Friday","Saturday","Sunday"],"opens":"09:00","closes":"17:00"}]},{"@type":"ImageObject","inLanguage":"en-AU","@id":"https:\/\/impulsmethode.at\/produkt\/cbd-vital-oel-fuer-pferde\/#local-main-organization-logo","url":"https:\/\/impulsmethode.at\/wp-content\/uploads\/2022\/04\/impuls_methode_logo_dark.png","contentUrl":"https:\/\/impulsmethode.at\/wp-content\/uploads\/2022\/04\/impuls_methode_logo_dark.png","width":750,"height":278,"caption":"ImPuls Methode"}]},"product_price_amount":"139.90","product_price_currency":"EUR","og_availability":"instock","product_availability":"instock","product_condition":"new"},"jetpack_publicize_connections":[],"jetpack_sharing_enabled":true,"_links":{"self":[{"href":"https:\/\/impulsmethode.at\/en\/wp-json\/wp\/v2\/product\/7430","targetHints":{"allow":["GET"]}}],"collection":[{"href":"https:\/\/impulsmethode.at\/en\/wp-json\/wp\/v2\/product"}],"about":[{"href":"https:\/\/impulsmethode.at\/en\/wp-json\/wp\/v2\/types\/product"}],"replies":[{"embeddable":true,"href":"https:\/\/impulsmethode.at\/en\/wp-json\/wp\/v2\/comments?post=7430"}],"wp:featuredmedia":[{"embeddable":true,"href":"https:\/\/impulsmethode.at\/en\/wp-json\/wp\/v2\/media\/7445"}],"wp:attachment":[{"href":"https:\/\/impulsmethode.at\/en\/wp-json\/wp\/v2\/media?parent=7430"}],"wp:term":[{"taxonomy":"product_brand","embeddable":true,"href":"https:\/\/impulsmethode.at\/en\/wp-json\/wp\/v2\/product_brand?post=7430"},{"taxonomy":"product_cat","embeddable":true,"href":"https:\/\/impulsmethode.at\/en\/wp-json\/wp\/v2\/product_cat?post=7430"},{"taxonomy":"product_tag","embeddable":true,"href":"https:\/\/impulsmethode.at\/en\/wp-json\/wp\/v2\/product_tag?post=7430"}],"curies":[{"name":"wp","href":"https:\/\/api.w.org\/{rel}","templated":true}]}}