{"id":7267,"date":"2025-02-14T17:27:54","date_gmt":"2025-02-14T16:27:54","guid":{"rendered":"https:\/\/impulsmethode.at\/?post_type=product&#038;p=7267"},"modified":"2025-08-11T19:22:01","modified_gmt":"2025-08-11T17:22:01","slug":"verbesserung-der-muskulatur-deines-pferdes","status":"publish","type":"product","link":"https:\/\/impulsmethode.at\/en\/product-2\/verbesserung-der-muskulatur-deines-pferdes\/","title":{"rendered":"Verbesserung der Muskulatur Deines Pferdes durch Aktivgymnastik"},"content":{"rendered":"<h3><em><strong>Ein gut trainiertes Pferd ist nicht nur leistungsf\u00e4higer, sondern auch ges\u00fcnder und zufriedener. Durch gezielte Aktivgymnastik kannst Du die k\u00f6rperliche Stabilit\u00e4t, Reitf\u00e4higkeit und langfristige Gesundheit Deines Pferdes effektiv f\u00f6rdern.<span class=\"Apple-converted-space\">\u00a0<\/span><\/strong><\/em><\/h3>\n<p>Die Leistung Deines Pferdes mit unserem Expertenratgeber verbessern: \u201eVerbesserung der Muskulatur Deines Pferdes durch Aktivgymnastik\u201c<\/p>\n<p>Dieses umfassende eBook bietet praktische, evidenzbasierte Strategien f\u00fcr Pferdebesitzer, die die Muskelgesundheit und die Gesamtleistung beim Pferde verbessern wollen. Es ist \u00fcbersichtlich und benutzerfreundlich gestaltet und bietet eine Schritt-f\u00fcr-Schritt-Anleitung, um die k\u00f6rperliche Entwicklung jedes Pferdes sicher und effektiv zu unterst\u00fctzen.<\/p>\n<p><strong>In diesem Leitfaden lernst Du, wie Du:<\/strong><\/p>\n<p><strong>&#8211; Erkennen und Korrigieren von Muskelfehlfunktionen und Ungleichgewichten: Spezifische Schw\u00e4chen und Ungleichgewichte zu erkennen, um Verletzungen vorzubeugen und eine ausgewogene Entwicklung zu f\u00f6rdern.<\/strong><\/p>\n<p><strong>&#8211; Entwicklung eigener ma\u00dfgeschneiderter Trainingspl\u00e4ne: Erarbeitung ma\u00dfgeschneiderter Trainingsroutinen, die auf die individuellen Bed\u00fcrfnisse und F\u00e4higkeiten Deines Pferdes abgestimmt sind.<\/strong><\/p>\n<p><strong>&#8211; Effektive und sichere \u00dcbungen ausf\u00fchren: Nutze eine Auswahl an bew\u00e4hrten \u00dcbungen zur St\u00e4rkung der Muskulatur, Verbesserung der Flexibilit\u00e4t und Steigerung der Gesamtleistung.<\/strong><\/p>\n<p>Erweiterter das Wissen, um die physische Kondition Deines Pferdes durch gezieltes Training zu optimieren. Ob Du bereits ein erfahrener Reiter oder ein engagierter Pferdebesitzer bist, dieser Leitfaden ist ein wertvolles Hilfsmittel, das Dich bei Deinen laufenden Bem\u00fchungen um die Gesundheit und Leistungsf\u00e4higkeit Deines Pferdes unterst\u00fctzt.<\/p>\n<p>Sorgst Du noch heute f\u00fcr das Wohlbefinden Deines Pferdes, kannst Du mit fachkundiger Anleitung nachhaltige Ergebnisse erzielen. Weil Du Dein Pferd liebst!<\/p>","protected":false},"excerpt":{"rendered":"<p>Mein eBook zeigt, wie aktive Gymnastik Kraft, Beweglichkeit und allgemeine Gesundheit ver\u00e4ndern kann &#8211; und damit die Grundlage f\u00fcr ein gl\u00fccklicheres, ges\u00fcnderes Pferd schafft.<\/p>\n<p>Lade es jetzt herunter!<\/p>","protected":false},"featured_media":7461,"comment_status":"closed","ping_status":"closed","template":"","meta":{"jetpack_publicize_message":"","jetpack_publicize_feature_enabled":true,"jetpack_social_post_already_shared":false,"jetpack_social_options":{"image_generator_settings":{"template":"highway","default_image_id":0,"font":"","enabled":false},"version":2}},"product_brand":[],"product_cat":[37],"product_tag":[],"class_list":{"0":"post-7267","1":"product","2":"type-product","3":"status-publish","4":"has-post-thumbnail","6":"product_cat-unkategorisiert","8":"first","9":"instock","10":"downloadable","11":"virtual","12":"taxable","13":"purchasable","14":"product-type-simple"},"yoast_head":"<!-- This site is optimized with the Yoast SEO Premium plugin v26.9 (Yoast SEO v27.3) - https:\/\/yoast.com\/product\/yoast-seo-premium-wordpress\/ -->\n<title>Verbesserung der Muskulatur Deines Pferdes durch Aktivgymnastik - Impuls Methode<\/title>\n<meta name=\"description\" content=\"Mein eBook zeigt, wie aktive Gymnastik Kraft, Beweglichkeit und allgemeine Gesundheit ver\u00e4ndern kann - und damit die Grundlage f\u00fcr ein gl\u00fccklicheres, ges\u00fcnderes Pferd schafft. Lade es jetzt herunter!\" \/>\n<meta name=\"robots\" content=\"index, follow, max-snippet:-1, max-image-preview:large, max-video-preview:-1\" \/>\n<link rel=\"canonical\" href=\"https:\/\/impulsmethode.at\/en\/product-2\/verbesserung-der-muskulatur-deines-pferdes\/\" \/>\n<meta property=\"og:locale\" content=\"en_US\" \/>\n<meta property=\"og:type\" content=\"article\" \/>\n<meta property=\"og:title\" content=\"Verbesserung der Muskulatur Deines Pferdes durch Aktivgymnastik\" \/>\n<meta property=\"og:description\" content=\"Mein eBook zeigt, wie aktive Gymnastik Kraft, Beweglichkeit und allgemeine Gesundheit ver\u00e4ndern kann - und damit die Grundlage f\u00fcr ein gl\u00fccklicheres, ges\u00fcnderes Pferd schafft. Lade es jetzt herunter!\" \/>\n<meta property=\"og:url\" content=\"https:\/\/impulsmethode.at\/en\/product-2\/verbesserung-der-muskulatur-deines-pferdes\/\" \/>\n<meta property=\"og:site_name\" content=\"Impuls Methode\" \/>\n<meta property=\"article:publisher\" content=\"https:\/\/www.facebook.com\/ImPulsMethode\" \/>\n<meta property=\"article:modified_time\" content=\"2025-08-11T17:22:01+00:00\" \/>\n<meta property=\"og:image\" content=\"https:\/\/impulsmethode.at\/wp-content\/uploads\/2025\/02\/Screenshot-2025-08-11-at-14.14.36.avif\" \/>\n\t<meta property=\"og:image:width\" content=\"884\" \/>\n\t<meta property=\"og:image:height\" content=\"898\" \/>\n\t<meta property=\"og:image:type\" content=\"image\/png\" \/>\n<meta name=\"twitter:card\" content=\"summary_large_image\" \/>\n<meta name=\"twitter:label1\" content=\"Price\" \/>\n\t<meta name=\"twitter:data1\" content=\"&euro;37.00 inkl MwSt.\" \/>\n\t<meta name=\"twitter:label2\" content=\"Availability\" \/>\n\t<meta name=\"twitter:data2\" content=\"In stock\" \/>\n<script type=\"application\/ld+json\" class=\"yoast-schema-graph\">{\"@context\":\"https:\\\/\\\/schema.org\",\"@graph\":[{\"@type\":\"WebPage\",\"@id\":\"https:\\\/\\\/impulsmethode.at\\\/produkt\\\/verbesserung-der-muskulatur-deines-pferdes\\\/\",\"url\":\"https:\\\/\\\/impulsmethode.at\\\/produkt\\\/verbesserung-der-muskulatur-deines-pferdes\\\/\",\"name\":\"Verbesserung der Muskulatur Deines Pferdes durch Aktivgymnastik - Impuls Methode\",\"isPartOf\":{\"@id\":\"https:\\\/\\\/impulsmethode.at\\\/#website\"},\"primaryImageOfPage\":{\"@id\":\"https:\\\/\\\/impulsmethode.at\\\/produkt\\\/verbesserung-der-muskulatur-deines-pferdes\\\/#primaryimage\"},\"image\":{\"@id\":\"https:\\\/\\\/impulsmethode.at\\\/produkt\\\/verbesserung-der-muskulatur-deines-pferdes\\\/#primaryimage\"},\"thumbnailUrl\":\"https:\\\/\\\/impulsmethode.at\\\/wp-content\\\/uploads\\\/2025\\\/02\\\/Screenshot-2025-08-11-at-14.14.36.avif\",\"datePublished\":\"2025-02-14T16:27:54+00:00\",\"dateModified\":\"2025-08-11T17:22:01+00:00\",\"description\":\"Mein eBook zeigt, wie aktive Gymnastik Kraft, Beweglichkeit und allgemeine Gesundheit ver\u00e4ndern kann - und damit die Grundlage f\u00fcr ein gl\u00fccklicheres, ges\u00fcnderes Pferd schafft. Lade es jetzt herunter!\",\"breadcrumb\":{\"@id\":\"https:\\\/\\\/impulsmethode.at\\\/produkt\\\/verbesserung-der-muskulatur-deines-pferdes\\\/#breadcrumb\"},\"inLanguage\":\"en-AU\",\"potentialAction\":[{\"@type\":\"ReadAction\",\"target\":[\"https:\\\/\\\/impulsmethode.at\\\/produkt\\\/verbesserung-der-muskulatur-deines-pferdes\\\/\"]}]},{\"@type\":\"ImageObject\",\"inLanguage\":\"en-AU\",\"@id\":\"https:\\\/\\\/impulsmethode.at\\\/produkt\\\/verbesserung-der-muskulatur-deines-pferdes\\\/#primaryimage\",\"url\":\"https:\\\/\\\/impulsmethode.at\\\/wp-content\\\/uploads\\\/2025\\\/02\\\/Screenshot-2025-08-11-at-14.14.36.avif\",\"contentUrl\":\"https:\\\/\\\/impulsmethode.at\\\/wp-content\\\/uploads\\\/2025\\\/02\\\/Screenshot-2025-08-11-at-14.14.36.avif\",\"width\":884,\"height\":898},{\"@type\":\"BreadcrumbList\",\"@id\":\"https:\\\/\\\/impulsmethode.at\\\/produkt\\\/verbesserung-der-muskulatur-deines-pferdes\\\/#breadcrumb\",\"itemListElement\":[{\"@type\":\"ListItem\",\"position\":1,\"name\":\"Home\",\"item\":\"https:\\\/\\\/impulsmethode.at\\\/\"},{\"@type\":\"ListItem\",\"position\":2,\"name\":\"Shop\",\"item\":\"https:\\\/\\\/impulsmethode.at\\\/shop-2\\\/\"},{\"@type\":\"ListItem\",\"position\":3,\"name\":\"Verbesserung der Muskulatur Deines Pferdes durch Aktivgymnastik\"}]},{\"@type\":\"WebSite\",\"@id\":\"https:\\\/\\\/impulsmethode.at\\\/#website\",\"url\":\"https:\\\/\\\/impulsmethode.at\\\/\",\"name\":\"ImPuls Methode\",\"description\":\"Weil du dein Pferd liebst\",\"publisher\":{\"@id\":\"https:\\\/\\\/impulsmethode.at\\\/#organization\"},\"potentialAction\":[{\"@type\":\"SearchAction\",\"target\":{\"@type\":\"EntryPoint\",\"urlTemplate\":\"https:\\\/\\\/impulsmethode.at\\\/?s={search_term_string}\"},\"query-input\":{\"@type\":\"PropertyValueSpecification\",\"valueRequired\":true,\"valueName\":\"search_term_string\"}}],\"inLanguage\":\"en-AU\"},{\"@type\":[\"Organization\",\"Place\"],\"@id\":\"https:\\\/\\\/impulsmethode.at\\\/#organization\",\"name\":\"ImPuls Methode\",\"url\":\"https:\\\/\\\/impulsmethode.at\\\/\",\"logo\":{\"@id\":\"https:\\\/\\\/impulsmethode.at\\\/produkt\\\/verbesserung-der-muskulatur-deines-pferdes\\\/#local-main-organization-logo\"},\"image\":{\"@id\":\"https:\\\/\\\/impulsmethode.at\\\/produkt\\\/verbesserung-der-muskulatur-deines-pferdes\\\/#local-main-organization-logo\"},\"sameAs\":[\"https:\\\/\\\/www.facebook.com\\\/ImPulsMethode\",\"https:\\\/\\\/www.instagram.com\\\/impulsmethode\\\/\",\"https:\\\/\\\/www.linkedin.com\\\/in\\\/adrienne-t-98349299\\\/\",\"https:\\\/\\\/www.youtube.com\\\/@impulsmethode768\",\"https:\\\/\\\/www.tiktok.com\\\/@impulsmethode\"],\"telephone\":[],\"openingHoursSpecification\":[{\"@type\":\"OpeningHoursSpecification\",\"dayOfWeek\":[\"Monday\",\"Tuesday\",\"Wednesday\",\"Thursday\",\"Friday\",\"Saturday\",\"Sunday\"],\"opens\":\"09:00\",\"closes\":\"17:00\"}]},{\"@type\":\"ImageObject\",\"inLanguage\":\"en-AU\",\"@id\":\"https:\\\/\\\/impulsmethode.at\\\/produkt\\\/verbesserung-der-muskulatur-deines-pferdes\\\/#local-main-organization-logo\",\"url\":\"https:\\\/\\\/impulsmethode.at\\\/wp-content\\\/uploads\\\/2022\\\/04\\\/impuls_methode_logo_dark.png\",\"contentUrl\":\"https:\\\/\\\/impulsmethode.at\\\/wp-content\\\/uploads\\\/2022\\\/04\\\/impuls_methode_logo_dark.png\",\"width\":750,\"height\":278,\"caption\":\"ImPuls Methode\"}]}<\/script>\n<meta property=\"product:price:amount\" content=\"37.00\" \/>\n<meta property=\"product:price:currency\" content=\"EUR\" \/>\n<meta property=\"og:availability\" content=\"instock\" \/>\n<meta property=\"product:availability\" content=\"instock\" \/>\n<meta property=\"product:condition\" content=\"new\" \/>\n<!-- \/ Yoast SEO Premium plugin. -->","yoast_head_json":{"title":"Verbesserung der Muskulatur Deines Pferdes durch Aktivgymnastik - Impuls Methode","description":"Mein eBook zeigt, wie aktive Gymnastik Kraft, Beweglichkeit und allgemeine Gesundheit ver\u00e4ndern kann - und damit die Grundlage f\u00fcr ein gl\u00fccklicheres, ges\u00fcnderes Pferd schafft. Lade es jetzt herunter!","robots":{"index":"index","follow":"follow","max-snippet":"max-snippet:-1","max-image-preview":"max-image-preview:large","max-video-preview":"max-video-preview:-1"},"canonical":"https:\/\/impulsmethode.at\/en\/product-2\/verbesserung-der-muskulatur-deines-pferdes\/","og_locale":"en_US","og_type":"article","og_title":"Verbesserung der Muskulatur Deines Pferdes durch Aktivgymnastik","og_description":"Mein eBook zeigt, wie aktive Gymnastik Kraft, Beweglichkeit und allgemeine Gesundheit ver\u00e4ndern kann - und damit die Grundlage f\u00fcr ein gl\u00fccklicheres, ges\u00fcnderes Pferd schafft. Lade es jetzt herunter!","og_url":"https:\/\/impulsmethode.at\/en\/product-2\/verbesserung-der-muskulatur-deines-pferdes\/","og_site_name":"Impuls Methode","article_publisher":"https:\/\/www.facebook.com\/ImPulsMethode","article_modified_time":"2025-08-11T17:22:01+00:00","og_image":[{"width":884,"height":898,"url":"https:\/\/impulsmethode.at\/wp-content\/uploads\/2025\/02\/Screenshot-2025-08-11-at-14.14.36.avif","type":"image\/png"}],"twitter_card":"summary_large_image","twitter_misc":{"Price":"&euro;37.00 inkl MwSt.","Availability":"In stock"},"schema":{"@context":"https:\/\/schema.org","@graph":[{"@type":"WebPage","@id":"https:\/\/impulsmethode.at\/produkt\/verbesserung-der-muskulatur-deines-pferdes\/","url":"https:\/\/impulsmethode.at\/produkt\/verbesserung-der-muskulatur-deines-pferdes\/","name":"Verbesserung der Muskulatur Deines Pferdes durch Aktivgymnastik - Impuls Methode","isPartOf":{"@id":"https:\/\/impulsmethode.at\/#website"},"primaryImageOfPage":{"@id":"https:\/\/impulsmethode.at\/produkt\/verbesserung-der-muskulatur-deines-pferdes\/#primaryimage"},"image":{"@id":"https:\/\/impulsmethode.at\/produkt\/verbesserung-der-muskulatur-deines-pferdes\/#primaryimage"},"thumbnailUrl":"https:\/\/impulsmethode.at\/wp-content\/uploads\/2025\/02\/Screenshot-2025-08-11-at-14.14.36.avif","datePublished":"2025-02-14T16:27:54+00:00","dateModified":"2025-08-11T17:22:01+00:00","description":"Mein eBook zeigt, wie aktive Gymnastik Kraft, Beweglichkeit und allgemeine Gesundheit ver\u00e4ndern kann - und damit die Grundlage f\u00fcr ein gl\u00fccklicheres, ges\u00fcnderes Pferd schafft. Lade es jetzt herunter!","breadcrumb":{"@id":"https:\/\/impulsmethode.at\/produkt\/verbesserung-der-muskulatur-deines-pferdes\/#breadcrumb"},"inLanguage":"en-AU","potentialAction":[{"@type":"ReadAction","target":["https:\/\/impulsmethode.at\/produkt\/verbesserung-der-muskulatur-deines-pferdes\/"]}]},{"@type":"ImageObject","inLanguage":"en-AU","@id":"https:\/\/impulsmethode.at\/produkt\/verbesserung-der-muskulatur-deines-pferdes\/#primaryimage","url":"https:\/\/impulsmethode.at\/wp-content\/uploads\/2025\/02\/Screenshot-2025-08-11-at-14.14.36.avif","contentUrl":"https:\/\/impulsmethode.at\/wp-content\/uploads\/2025\/02\/Screenshot-2025-08-11-at-14.14.36.avif","width":884,"height":898},{"@type":"BreadcrumbList","@id":"https:\/\/impulsmethode.at\/produkt\/verbesserung-der-muskulatur-deines-pferdes\/#breadcrumb","itemListElement":[{"@type":"ListItem","position":1,"name":"Home","item":"https:\/\/impulsmethode.at\/"},{"@type":"ListItem","position":2,"name":"Shop","item":"https:\/\/impulsmethode.at\/shop-2\/"},{"@type":"ListItem","position":3,"name":"Verbesserung der Muskulatur Deines Pferdes durch Aktivgymnastik"}]},{"@type":"WebSite","@id":"https:\/\/impulsmethode.at\/#website","url":"https:\/\/impulsmethode.at\/","name":"ImPuls method","description":"Because you love your horse","publisher":{"@id":"https:\/\/impulsmethode.at\/#organization"},"potentialAction":[{"@type":"SearchAction","target":{"@type":"EntryPoint","urlTemplate":"https:\/\/impulsmethode.at\/?s={search_term_string}"},"query-input":{"@type":"PropertyValueSpecification","valueRequired":true,"valueName":"search_term_string"}}],"inLanguage":"en-AU"},{"@type":["Organization","Place"],"@id":"https:\/\/impulsmethode.at\/#organization","name":"ImPuls method","url":"https:\/\/impulsmethode.at\/","logo":{"@id":"https:\/\/impulsmethode.at\/produkt\/verbesserung-der-muskulatur-deines-pferdes\/#local-main-organization-logo"},"image":{"@id":"https:\/\/impulsmethode.at\/produkt\/verbesserung-der-muskulatur-deines-pferdes\/#local-main-organization-logo"},"sameAs":["https:\/\/www.facebook.com\/ImPulsMethode","https:\/\/www.instagram.com\/impulsmethode\/","https:\/\/www.linkedin.com\/in\/adrienne-t-98349299\/","https:\/\/www.youtube.com\/@impulsmethode768","https:\/\/www.tiktok.com\/@impulsmethode"],"telephone":[],"openingHoursSpecification":[{"@type":"OpeningHoursSpecification","dayOfWeek":["Monday","Tuesday","Wednesday","Thursday","Friday","Saturday","Sunday"],"opens":"09:00","closes":"17:00"}]},{"@type":"ImageObject","inLanguage":"en-AU","@id":"https:\/\/impulsmethode.at\/produkt\/verbesserung-der-muskulatur-deines-pferdes\/#local-main-organization-logo","url":"https:\/\/impulsmethode.at\/wp-content\/uploads\/2022\/04\/impuls_methode_logo_dark.png","contentUrl":"https:\/\/impulsmethode.at\/wp-content\/uploads\/2022\/04\/impuls_methode_logo_dark.png","width":750,"height":278,"caption":"ImPuls Methode"}]},"product_price_amount":"37.00","product_price_currency":"EUR","og_availability":"instock","product_availability":"instock","product_condition":"new"},"jetpack_publicize_connections":[],"jetpack_sharing_enabled":true,"_links":{"self":[{"href":"https:\/\/impulsmethode.at\/en\/wp-json\/wp\/v2\/product\/7267","targetHints":{"allow":["GET"]}}],"collection":[{"href":"https:\/\/impulsmethode.at\/en\/wp-json\/wp\/v2\/product"}],"about":[{"href":"https:\/\/impulsmethode.at\/en\/wp-json\/wp\/v2\/types\/product"}],"replies":[{"embeddable":true,"href":"https:\/\/impulsmethode.at\/en\/wp-json\/wp\/v2\/comments?post=7267"}],"wp:featuredmedia":[{"embeddable":true,"href":"https:\/\/impulsmethode.at\/en\/wp-json\/wp\/v2\/media\/7461"}],"wp:attachment":[{"href":"https:\/\/impulsmethode.at\/en\/wp-json\/wp\/v2\/media?parent=7267"}],"wp:term":[{"taxonomy":"product_brand","embeddable":true,"href":"https:\/\/impulsmethode.at\/en\/wp-json\/wp\/v2\/product_brand?post=7267"},{"taxonomy":"product_cat","embeddable":true,"href":"https:\/\/impulsmethode.at\/en\/wp-json\/wp\/v2\/product_cat?post=7267"},{"taxonomy":"product_tag","embeddable":true,"href":"https:\/\/impulsmethode.at\/en\/wp-json\/wp\/v2\/product_tag?post=7267"}],"curies":[{"name":"wp","href":"https:\/\/api.w.org\/{rel}","templated":true}]}}