{"id":6749,"date":"2023-11-15T16:29:42","date_gmt":"2023-11-15T15:29:42","guid":{"rendered":"https:\/\/impulsmethode.at\/?post_type=product&#038;p=6749"},"modified":"2024-09-03T17:05:38","modified_gmt":"2024-09-03T15:05:38","slug":"tamacan-pet-cream-care-cream-for-animals-with-cbd-and-honey","status":"publish","type":"product","link":"https:\/\/impulsmethode.at\/en\/product-2\/tamacan-pet-cream-care-cream-for-animals-with-cbd-and-honey\/","title":{"rendered":"Tamacan Pet Cream care cream for animals with CBD and honey"},"content":{"rendered":"","protected":false},"excerpt":{"rendered":"<div class=\"elementor-column elementor-col-50 elementor-inner-column elementor-element elementor-element-45601c9f\" data-id=\"45601c9f\" data-element_type=\"column\">\n<div class=\"elementor-widget-wrap elementor-element-populated\">\n<div class=\"elementor-element elementor-element-ac01f6d elementor-widget elementor-widget-text-editor\" data-id=\"ac01f6d\" data-element_type=\"widget\" data-widget_type=\"text-editor.default\">\n<div class=\"elementor-widget-container\">\n<p>The CBD care cream for animals offers a true variety of possibilities. <strong>TAMACAN Pet Cream<\/strong> supports stressed skin areas with the power of nature.<\/p>\n<p>The moisturising TAMACAN Pet Cream is ideal for daily use. It has a moisturising effect and can support the regeneration of the skin, for calluses, skin irritations or for paw care.<\/p>\n<p><strong>Application:<\/strong> Before use, clean the affected skin area and, if necessary, remove any unwanted fur. TAMACAN Pet Cream can be applied several times a day.<\/p>\n<ul>\n<li>Shelf life 12 months after opening<\/li>\n<li>Storage instructions: Store in a cool and dry place<\/li>\n<li>Important note: Keep away from children<\/li>\n<\/ul>\n<p><em>Animal care<\/em><\/p>\n<\/div>\n<\/div>\n<\/div>\n<\/div>\n<div class=\"elementor-column elementor-col-50 elementor-inner-column elementor-element elementor-element-5e01a582\" data-id=\"5e01a582\" data-element_type=\"column\">\n<div class=\"elementor-widget-wrap elementor-element-populated\">\n<div class=\"elementor-element elementor-element-4a2b7d51 elementor-widget elementor-widget-image\" data-id=\"4a2b7d51\" data-element_type=\"widget\" data-widget_type=\"image.default\">\n<div class=\"elementor-widget-container\"><img loading=\"lazy\" decoding=\"async\" class=\"attachment-large size-large\" src=\"https:\/\/www.herosan.eu\/app\/uploads\/2022\/05\/beschreibung_hund_2-1024x788.jpg\" sizes=\"auto, (max-width: 1024px) 100vw, 1024px\" srcset=\"https:\/\/www.herosan.eu\/app\/uploads\/2022\/05\/beschreibung_hund_2-1024x788.jpg 1024w, https:\/\/www.herosan.eu\/app\/uploads\/2022\/05\/beschreibung_hund_2-300x231.jpg 300w, https:\/\/www.herosan.eu\/app\/uploads\/2022\/05\/beschreibung_hund_2-768x591.jpg 768w, https:\/\/www.herosan.eu\/app\/uploads\/2022\/05\/beschreibung_hund_2.jpg 1300w\" alt=\"entoVITAL dog food dog food hypoallergenic insect protein food supplement cover photo\" width=\"1024\" height=\"788\" \/><\/div>\n<\/div>\n<\/div>\n<\/div>","protected":false},"featured_media":6750,"comment_status":"closed","ping_status":"closed","template":"","meta":{"jetpack_publicize_message":"","jetpack_publicize_feature_enabled":true,"jetpack_social_post_already_shared":false,"jetpack_social_options":{"image_generator_settings":{"template":"highway","default_image_id":0,"font":"","enabled":false},"version":2}},"product_brand":[],"product_cat":[57],"product_tag":[],"class_list":{"0":"post-6749","1":"product","2":"type-product","3":"status-publish","4":"has-post-thumbnail","6":"product_cat-cbd","8":"first","9":"instock","10":"taxable","11":"shipping-taxable","12":"product-type-external"},"yoast_head":"<!-- This site is optimized with the Yoast SEO Premium plugin v26.9 (Yoast SEO v27.4) - https:\/\/yoast.com\/product\/yoast-seo-premium-wordpress\/ -->\n<title>Tamacan Pet Cream Pflegecreme f\u00fcr Tiere mit CBD und Honig - Impuls Methode<\/title>\n<meta name=\"robots\" content=\"index, follow, max-snippet:-1, max-image-preview:large, max-video-preview:-1\" \/>\n<link rel=\"canonical\" href=\"https:\/\/impulsmethode.at\/en\/product-2\/tamacan-pet-cream-care-cream-for-animals-with-cbd-and-honey\/\" \/>\n<meta property=\"og:locale\" content=\"en_US\" \/>\n<meta property=\"og:type\" content=\"article\" \/>\n<meta property=\"og:title\" content=\"Tamacan Pet Cream Pflegecreme f\u00fcr Tiere mit CBD und Honig\" \/>\n<meta property=\"og:description\" content=\"Die CBD Pflegecreme f\u00fcr Tiere bietet eine wahre Vielfalt an M\u00f6glichkeiten. TAMACAN Pet Cream unterst\u00fctzt beanspruchte Hautstellen mit der Kraft der Natur.  Die pflegende TAMACAN Pet Cream eignet sich hervorragend zur t\u00e4glichen Anwendung. Sie wirkt feuchtigkeitsspendend und kann die Regeneration der Haut unterst\u00fctzen, bei Liegeschwielen, Hautreizungen oder zur Pfotenpflege.  Anwendung: Vor der Anwendung die betroffene Hautstelle s\u00e4ubern und im Bedarfsfall von st\u00f6rendem Fell befreien. TAMACAN Pet Cream kann mehrmals t\u00e4glich angewandt werden.   Nach dem \u00d6ffnen 12 Monate haltbar  Lagerhinweis: K\u00fchl und trocken lagern  Wichtiger Hinweis: Von Kindern fernhalten  Tierpflege\" \/>\n<meta property=\"og:url\" content=\"https:\/\/impulsmethode.at\/en\/product-2\/tamacan-pet-cream-care-cream-for-animals-with-cbd-and-honey\/\" \/>\n<meta property=\"og:site_name\" content=\"Impuls Methode\" \/>\n<meta property=\"article:publisher\" content=\"https:\/\/www.facebook.com\/ImPulsMethode\" \/>\n<meta property=\"article:modified_time\" content=\"2024-09-03T15:05:38+00:00\" \/>\n<meta property=\"og:image\" content=\"https:\/\/impulsmethode.at\/wp-content\/uploads\/2023\/11\/TAMACAN_Pet_Cream.png\" \/>\n\t<meta property=\"og:image:width\" content=\"1000\" \/>\n\t<meta property=\"og:image:height\" content=\"1000\" \/>\n\t<meta property=\"og:image:type\" content=\"image\/png\" \/>\n<meta name=\"twitter:card\" content=\"summary_large_image\" \/>\n<meta name=\"twitter:label1\" content=\"Price\" \/>\n\t<meta name=\"twitter:data1\" content=\"&euro;29.90 inkl MwSt.\" \/>\n\t<meta name=\"twitter:label2\" content=\"Availability\" \/>\n\t<meta name=\"twitter:data2\" content=\"In stock\" \/>\n<script type=\"application\/ld+json\" class=\"yoast-schema-graph\">{\"@context\":\"https:\\\/\\\/schema.org\",\"@graph\":[{\"@type\":\"WebPage\",\"@id\":\"https:\\\/\\\/impulsmethode.at\\\/produkt\\\/tamacan-pet-cream-pflegecreme-fuer-tiere-mit-cbd-und-honig\\\/\",\"url\":\"https:\\\/\\\/impulsmethode.at\\\/produkt\\\/tamacan-pet-cream-pflegecreme-fuer-tiere-mit-cbd-und-honig\\\/\",\"name\":\"Tamacan Pet Cream Pflegecreme f\u00fcr Tiere mit CBD und Honig - Impuls Methode\",\"isPartOf\":{\"@id\":\"https:\\\/\\\/impulsmethode.at\\\/#website\"},\"primaryImageOfPage\":{\"@id\":\"https:\\\/\\\/impulsmethode.at\\\/produkt\\\/tamacan-pet-cream-pflegecreme-fuer-tiere-mit-cbd-und-honig\\\/#primaryimage\"},\"image\":{\"@id\":\"https:\\\/\\\/impulsmethode.at\\\/produkt\\\/tamacan-pet-cream-pflegecreme-fuer-tiere-mit-cbd-und-honig\\\/#primaryimage\"},\"thumbnailUrl\":\"https:\\\/\\\/impulsmethode.at\\\/wp-content\\\/uploads\\\/2023\\\/11\\\/TAMACAN_Pet_Cream.png\",\"datePublished\":\"2023-11-15T15:29:42+00:00\",\"dateModified\":\"2024-09-03T15:05:38+00:00\",\"breadcrumb\":{\"@id\":\"https:\\\/\\\/impulsmethode.at\\\/produkt\\\/tamacan-pet-cream-pflegecreme-fuer-tiere-mit-cbd-und-honig\\\/#breadcrumb\"},\"inLanguage\":\"en-AU\",\"potentialAction\":[{\"@type\":\"ReadAction\",\"target\":[\"https:\\\/\\\/impulsmethode.at\\\/produkt\\\/tamacan-pet-cream-pflegecreme-fuer-tiere-mit-cbd-und-honig\\\/\"]}]},{\"@type\":\"ImageObject\",\"inLanguage\":\"en-AU\",\"@id\":\"https:\\\/\\\/impulsmethode.at\\\/produkt\\\/tamacan-pet-cream-pflegecreme-fuer-tiere-mit-cbd-und-honig\\\/#primaryimage\",\"url\":\"https:\\\/\\\/impulsmethode.at\\\/wp-content\\\/uploads\\\/2023\\\/11\\\/TAMACAN_Pet_Cream.png\",\"contentUrl\":\"https:\\\/\\\/impulsmethode.at\\\/wp-content\\\/uploads\\\/2023\\\/11\\\/TAMACAN_Pet_Cream.png\",\"width\":1000,\"height\":1000},{\"@type\":\"BreadcrumbList\",\"@id\":\"https:\\\/\\\/impulsmethode.at\\\/produkt\\\/tamacan-pet-cream-pflegecreme-fuer-tiere-mit-cbd-und-honig\\\/#breadcrumb\",\"itemListElement\":[{\"@type\":\"ListItem\",\"position\":1,\"name\":\"Home\",\"item\":\"https:\\\/\\\/impulsmethode.at\\\/\"},{\"@type\":\"ListItem\",\"position\":2,\"name\":\"Shop\",\"item\":\"https:\\\/\\\/impulsmethode.at\\\/shop-2\\\/\"},{\"@type\":\"ListItem\",\"position\":3,\"name\":\"Tamacan Pet Cream Pflegecreme f\u00fcr Tiere mit CBD und Honig\"}]},{\"@type\":\"WebSite\",\"@id\":\"https:\\\/\\\/impulsmethode.at\\\/#website\",\"url\":\"https:\\\/\\\/impulsmethode.at\\\/\",\"name\":\"ImPuls Methode\",\"description\":\"Weil du dein Pferd liebst\",\"publisher\":{\"@id\":\"https:\\\/\\\/impulsmethode.at\\\/#organization\"},\"potentialAction\":[{\"@type\":\"SearchAction\",\"target\":{\"@type\":\"EntryPoint\",\"urlTemplate\":\"https:\\\/\\\/impulsmethode.at\\\/?s={search_term_string}\"},\"query-input\":{\"@type\":\"PropertyValueSpecification\",\"valueRequired\":true,\"valueName\":\"search_term_string\"}}],\"inLanguage\":\"en-AU\"},{\"@type\":[\"Organization\",\"Place\"],\"@id\":\"https:\\\/\\\/impulsmethode.at\\\/#organization\",\"name\":\"ImPuls Methode\",\"url\":\"https:\\\/\\\/impulsmethode.at\\\/\",\"logo\":{\"@id\":\"https:\\\/\\\/impulsmethode.at\\\/produkt\\\/tamacan-pet-cream-pflegecreme-fuer-tiere-mit-cbd-und-honig\\\/#local-main-organization-logo\"},\"image\":{\"@id\":\"https:\\\/\\\/impulsmethode.at\\\/produkt\\\/tamacan-pet-cream-pflegecreme-fuer-tiere-mit-cbd-und-honig\\\/#local-main-organization-logo\"},\"sameAs\":[\"https:\\\/\\\/www.facebook.com\\\/ImPulsMethode\",\"https:\\\/\\\/www.instagram.com\\\/impulsmethode\\\/\",\"https:\\\/\\\/www.linkedin.com\\\/in\\\/adrienne-t-98349299\\\/\",\"https:\\\/\\\/www.youtube.com\\\/@impulsmethode768\",\"https:\\\/\\\/www.tiktok.com\\\/@impulsmethode\"],\"telephone\":[],\"openingHoursSpecification\":[{\"@type\":\"OpeningHoursSpecification\",\"dayOfWeek\":[\"Monday\",\"Tuesday\",\"Wednesday\",\"Thursday\",\"Friday\",\"Saturday\",\"Sunday\"],\"opens\":\"09:00\",\"closes\":\"17:00\"}]},{\"@type\":\"ImageObject\",\"inLanguage\":\"en-AU\",\"@id\":\"https:\\\/\\\/impulsmethode.at\\\/produkt\\\/tamacan-pet-cream-pflegecreme-fuer-tiere-mit-cbd-und-honig\\\/#local-main-organization-logo\",\"url\":\"https:\\\/\\\/impulsmethode.at\\\/wp-content\\\/uploads\\\/2022\\\/04\\\/impuls_methode_logo_dark.png\",\"contentUrl\":\"https:\\\/\\\/impulsmethode.at\\\/wp-content\\\/uploads\\\/2022\\\/04\\\/impuls_methode_logo_dark.png\",\"width\":750,\"height\":278,\"caption\":\"ImPuls Methode\"}]}<\/script>\n<meta property=\"product:price:amount\" content=\"29.90\" \/>\n<meta property=\"product:price:currency\" content=\"EUR\" \/>\n<meta property=\"og:availability\" content=\"instock\" \/>\n<meta property=\"product:availability\" content=\"instock\" \/>\n<meta property=\"product:condition\" content=\"new\" \/>\n<!-- \/ Yoast SEO Premium plugin. -->","yoast_head_json":{"title":"Tamacan Pet Cream care cream for animals with CBD and honey - Impulse Method","robots":{"index":"index","follow":"follow","max-snippet":"max-snippet:-1","max-image-preview":"max-image-preview:large","max-video-preview":"max-video-preview:-1"},"canonical":"https:\/\/impulsmethode.at\/en\/product-2\/tamacan-pet-cream-care-cream-for-animals-with-cbd-and-honey\/","og_locale":"en_US","og_type":"article","og_title":"Tamacan Pet Cream Pflegecreme f\u00fcr Tiere mit CBD und Honig","og_description":"Die CBD Pflegecreme f\u00fcr Tiere bietet eine wahre Vielfalt an M\u00f6glichkeiten. TAMACAN Pet Cream unterst\u00fctzt beanspruchte Hautstellen mit der Kraft der Natur.  Die pflegende TAMACAN Pet Cream eignet sich hervorragend zur t\u00e4glichen Anwendung. Sie wirkt feuchtigkeitsspendend und kann die Regeneration der Haut unterst\u00fctzen, bei Liegeschwielen, Hautreizungen oder zur Pfotenpflege.  Anwendung: Vor der Anwendung die betroffene Hautstelle s\u00e4ubern und im Bedarfsfall von st\u00f6rendem Fell befreien. TAMACAN Pet Cream kann mehrmals t\u00e4glich angewandt werden.   Nach dem \u00d6ffnen 12 Monate haltbar  Lagerhinweis: K\u00fchl und trocken lagern  Wichtiger Hinweis: Von Kindern fernhalten  Tierpflege","og_url":"https:\/\/impulsmethode.at\/en\/product-2\/tamacan-pet-cream-care-cream-for-animals-with-cbd-and-honey\/","og_site_name":"Impuls Methode","article_publisher":"https:\/\/www.facebook.com\/ImPulsMethode","article_modified_time":"2024-09-03T15:05:38+00:00","og_image":[{"width":1000,"height":1000,"url":"https:\/\/impulsmethode.at\/wp-content\/uploads\/2023\/11\/TAMACAN_Pet_Cream.png","type":"image\/png"}],"twitter_card":"summary_large_image","twitter_misc":{"Price":"&euro;29.90 inkl MwSt.","Availability":"In stock"},"schema":{"@context":"https:\/\/schema.org","@graph":[{"@type":"WebPage","@id":"https:\/\/impulsmethode.at\/produkt\/tamacan-pet-cream-pflegecreme-fuer-tiere-mit-cbd-und-honig\/","url":"https:\/\/impulsmethode.at\/produkt\/tamacan-pet-cream-pflegecreme-fuer-tiere-mit-cbd-und-honig\/","name":"Tamacan Pet Cream care cream for animals with CBD and honey - Impulse Method","isPartOf":{"@id":"https:\/\/impulsmethode.at\/#website"},"primaryImageOfPage":{"@id":"https:\/\/impulsmethode.at\/produkt\/tamacan-pet-cream-pflegecreme-fuer-tiere-mit-cbd-und-honig\/#primaryimage"},"image":{"@id":"https:\/\/impulsmethode.at\/produkt\/tamacan-pet-cream-pflegecreme-fuer-tiere-mit-cbd-und-honig\/#primaryimage"},"thumbnailUrl":"https:\/\/impulsmethode.at\/wp-content\/uploads\/2023\/11\/TAMACAN_Pet_Cream.png","datePublished":"2023-11-15T15:29:42+00:00","dateModified":"2024-09-03T15:05:38+00:00","breadcrumb":{"@id":"https:\/\/impulsmethode.at\/produkt\/tamacan-pet-cream-pflegecreme-fuer-tiere-mit-cbd-und-honig\/#breadcrumb"},"inLanguage":"en-AU","potentialAction":[{"@type":"ReadAction","target":["https:\/\/impulsmethode.at\/produkt\/tamacan-pet-cream-pflegecreme-fuer-tiere-mit-cbd-und-honig\/"]}]},{"@type":"ImageObject","inLanguage":"en-AU","@id":"https:\/\/impulsmethode.at\/produkt\/tamacan-pet-cream-pflegecreme-fuer-tiere-mit-cbd-und-honig\/#primaryimage","url":"https:\/\/impulsmethode.at\/wp-content\/uploads\/2023\/11\/TAMACAN_Pet_Cream.png","contentUrl":"https:\/\/impulsmethode.at\/wp-content\/uploads\/2023\/11\/TAMACAN_Pet_Cream.png","width":1000,"height":1000},{"@type":"BreadcrumbList","@id":"https:\/\/impulsmethode.at\/produkt\/tamacan-pet-cream-pflegecreme-fuer-tiere-mit-cbd-und-honig\/#breadcrumb","itemListElement":[{"@type":"ListItem","position":1,"name":"Home","item":"https:\/\/impulsmethode.at\/"},{"@type":"ListItem","position":2,"name":"Shop","item":"https:\/\/impulsmethode.at\/shop-2\/"},{"@type":"ListItem","position":3,"name":"Tamacan Pet Cream Pflegecreme f\u00fcr Tiere mit CBD und Honig"}]},{"@type":"WebSite","@id":"https:\/\/impulsmethode.at\/#website","url":"https:\/\/impulsmethode.at\/","name":"ImPuls method","description":"Because you love your horse","publisher":{"@id":"https:\/\/impulsmethode.at\/#organization"},"potentialAction":[{"@type":"SearchAction","target":{"@type":"EntryPoint","urlTemplate":"https:\/\/impulsmethode.at\/?s={search_term_string}"},"query-input":{"@type":"PropertyValueSpecification","valueRequired":true,"valueName":"search_term_string"}}],"inLanguage":"en-AU"},{"@type":["Organization","Place"],"@id":"https:\/\/impulsmethode.at\/#organization","name":"ImPuls method","url":"https:\/\/impulsmethode.at\/","logo":{"@id":"https:\/\/impulsmethode.at\/produkt\/tamacan-pet-cream-pflegecreme-fuer-tiere-mit-cbd-und-honig\/#local-main-organization-logo"},"image":{"@id":"https:\/\/impulsmethode.at\/produkt\/tamacan-pet-cream-pflegecreme-fuer-tiere-mit-cbd-und-honig\/#local-main-organization-logo"},"sameAs":["https:\/\/www.facebook.com\/ImPulsMethode","https:\/\/www.instagram.com\/impulsmethode\/","https:\/\/www.linkedin.com\/in\/adrienne-t-98349299\/","https:\/\/www.youtube.com\/@impulsmethode768","https:\/\/www.tiktok.com\/@impulsmethode"],"telephone":[],"openingHoursSpecification":[{"@type":"OpeningHoursSpecification","dayOfWeek":["Monday","Tuesday","Wednesday","Thursday","Friday","Saturday","Sunday"],"opens":"09:00","closes":"17:00"}]},{"@type":"ImageObject","inLanguage":"en-AU","@id":"https:\/\/impulsmethode.at\/produkt\/tamacan-pet-cream-pflegecreme-fuer-tiere-mit-cbd-und-honig\/#local-main-organization-logo","url":"https:\/\/impulsmethode.at\/wp-content\/uploads\/2022\/04\/impuls_methode_logo_dark.png","contentUrl":"https:\/\/impulsmethode.at\/wp-content\/uploads\/2022\/04\/impuls_methode_logo_dark.png","width":750,"height":278,"caption":"ImPuls Methode"}]},"product_price_amount":"29.90","product_price_currency":"EUR","og_availability":"instock","product_availability":"instock","product_condition":"new"},"jetpack_publicize_connections":[],"jetpack_sharing_enabled":true,"_links":{"self":[{"href":"https:\/\/impulsmethode.at\/en\/wp-json\/wp\/v2\/product\/6749","targetHints":{"allow":["GET"]}}],"collection":[{"href":"https:\/\/impulsmethode.at\/en\/wp-json\/wp\/v2\/product"}],"about":[{"href":"https:\/\/impulsmethode.at\/en\/wp-json\/wp\/v2\/types\/product"}],"replies":[{"embeddable":true,"href":"https:\/\/impulsmethode.at\/en\/wp-json\/wp\/v2\/comments?post=6749"}],"wp:featuredmedia":[{"embeddable":true,"href":"https:\/\/impulsmethode.at\/en\/wp-json\/wp\/v2\/media\/6750"}],"wp:attachment":[{"href":"https:\/\/impulsmethode.at\/en\/wp-json\/wp\/v2\/media?parent=6749"}],"wp:term":[{"taxonomy":"product_brand","embeddable":true,"href":"https:\/\/impulsmethode.at\/en\/wp-json\/wp\/v2\/product_brand?post=6749"},{"taxonomy":"product_cat","embeddable":true,"href":"https:\/\/impulsmethode.at\/en\/wp-json\/wp\/v2\/product_cat?post=6749"},{"taxonomy":"product_tag","embeddable":true,"href":"https:\/\/impulsmethode.at\/en\/wp-json\/wp\/v2\/product_tag?post=6749"}],"curies":[{"name":"wp","href":"https:\/\/api.w.org\/{rel}","templated":true}]}}