{"id":6746,"date":"2023-11-15T16:12:35","date_gmt":"2023-11-15T15:12:35","guid":{"rendered":"https:\/\/impulsmethode.at\/?post_type=product&#038;p=6746"},"modified":"2023-11-15T16:12:35","modified_gmt":"2023-11-15T15:12:35","slug":"tamacan-xl-full-spectrum-gold-cannabis-extract-cbd-55-for-dogs-large-animals","status":"publish","type":"product","link":"https:\/\/impulsmethode.at\/en\/product-2\/tamacan-xl-full-spectrum-gold-cannabis-extract-cbd-55-for-dogs-large-animals\/","title":{"rendered":"Tamacan XL full spectrum gold cannabis extract (CBD 55%) for dogs &amp; large animals*"},"content":{"rendered":"","protected":false},"excerpt":{"rendered":"<section class=\"elementor-section elementor-top-section elementor-element elementor-element-9a556df elementor-section-boxed elementor-section-height-default elementor-section-height-default\" data-id=\"9a556df\" data-element_type=\"section\">\n<div class=\"elementor-container elementor-column-gap-default\">\n<div class=\"elementor-column elementor-col-100 elementor-top-column elementor-element elementor-element-5324c9b\" data-id=\"5324c9b\" data-element_type=\"column\">\n<div class=\"elementor-widget-wrap elementor-element-populated\">\n<section class=\"elementor-section elementor-inner-section elementor-element elementor-element-68df654 elementor-section-boxed elementor-section-height-default elementor-section-height-default\" data-id=\"68df654\" data-element_type=\"section\">\n<div class=\"elementor-container elementor-column-gap-default\">\n<div class=\"elementor-column elementor-col-50 elementor-inner-column elementor-element elementor-element-b6edb11\" data-id=\"b6edb11\" data-element_type=\"column\">\n<div class=\"elementor-widget-wrap elementor-element-populated\">\n<div class=\"elementor-element elementor-element-1af1738 elementor-widget elementor-widget-text-editor\" data-id=\"1af1738\" data-element_type=\"widget\" data-widget_type=\"text-editor.default\">\n<div class=\"elementor-widget-container\">\n<p>Full spectrum gold cannabis extract paste (CBD 55%) for dogs &amp; large animals*<\/p>\n<p>Sometimes we need higher concentrations to help our pets feel better and return to their natural balance. TAMACAN XL as a CBD paste with 55% CBD has proven to be ideal for this thanks to its very high intensity. If you want to support your four-legged friend with the true strength of the hemp plant, TAMACAN XL is ideal.<\/p>\n<p>Application:<\/p>\n<ol>\n<li>Unscrew the sealing cap anti-clockwise<\/li>\n<li>Press the syringe to squeeze out the paste.<\/li>\n<li>Dosage according to the recommendation of your HEROSAN partner**<\/li>\n<li>After using the product, clean the thread and the syringe with a clean and dust-free cloth<\/li>\n<li>Screw the cap back onto the syringe in a clockwise direction<\/li>\n<\/ol>\n<p>*except food-producing animals, doping-relevant!<br \/>\n**0.1ml corresponds to 50 mg CBD<\/p>\n<p><em>Animal care product<\/em><\/p>\n<\/div>\n<\/div>\n<div class=\"elementor-element elementor-element-372e4ad elementor-widget elementor-widget-spacer\" data-id=\"372e4ad\" data-element_type=\"widget\" data-widget_type=\"spacer.default\">\n<div class=\"elementor-widget-container\">\n<div class=\"elementor-spacer\">\n<div class=\"elementor-spacer-inner\"><\/div>\n<\/div>\n<\/div>\n<\/div>\n<\/div>\n<\/div>\n<div class=\"elementor-column elementor-col-50 elementor-inner-column elementor-element elementor-element-c54b94d\" data-id=\"c54b94d\" data-element_type=\"column\">\n<div class=\"elementor-widget-wrap elementor-element-populated\">\n<div class=\"elementor-element elementor-element-781bdf4 elementor-widget elementor-widget-image\" data-id=\"781bdf4\" data-element_type=\"widget\" data-widget_type=\"image.default\">\n<div class=\"elementor-widget-container\"><img loading=\"lazy\" decoding=\"async\" class=\"attachment-large size-large\" src=\"https:\/\/www.herosan.eu\/app\/uploads\/2022\/05\/horse_beschreibung-1024x788.jpg\" sizes=\"auto, (max-width: 1024px) 100vw, 1024px\" srcset=\"https:\/\/www.herosan.eu\/app\/uploads\/2022\/05\/horse_beschreibung-1024x788.jpg 1024w, https:\/\/www.herosan.eu\/app\/uploads\/2022\/05\/horse_beschreibung-300x231.jpg 300w, https:\/\/www.herosan.eu\/app\/uploads\/2022\/05\/horse_beschreibung-768x591.jpg 768w, https:\/\/www.herosan.eu\/app\/uploads\/2022\/05\/horse_beschreibung.jpg 1300w\" alt=\"TAMACAN CBD oil CBD paste CBD cream Cover photo with horse\" width=\"1024\" height=\"788\" \/><\/div>\n<\/div>\n<\/div>\n<\/div>\n<\/div>\n<\/section>\n<\/div>\n<\/div>\n<\/div>\n<\/section>\n<section class=\"elementor-section elementor-top-section elementor-element elementor-element-c468c7d elementor-reverse-mobile elementor-section-boxed elementor-section-height-default elementor-section-height-default\" data-id=\"c468c7d\" data-element_type=\"section\">\n<div class=\"elementor-container elementor-column-gap-default\">\n<div class=\"elementor-column elementor-col-100 elementor-top-column elementor-element elementor-element-4fa8dcd\" data-id=\"4fa8dcd\" data-element_type=\"column\">\n<div class=\"elementor-widget-wrap elementor-element-populated\">\n<section class=\"elementor-section elementor-inner-section elementor-element elementor-element-0f2681e elementor-section-boxed elementor-section-height-default elementor-section-height-default\" data-id=\"0f2681e\" data-element_type=\"section\">\n<div class=\"elementor-container elementor-column-gap-default\">\n<div class=\"elementor-column elementor-col-100 elementor-inner-column elementor-element elementor-element-ab353a0\" data-id=\"ab353a0\" data-element_type=\"column\">\n<div class=\"elementor-widget-wrap elementor-element-populated\">\n<div class=\"elementor-element elementor-element-cf7faad elementor-widget elementor-widget-text-editor\" data-id=\"cf7faad\" data-element_type=\"widget\" data-widget_type=\"text-editor.default\">\n<div class=\"elementor-widget-container\">\n<p>Our study carried out with the Free University of Berlin on horses produced the following result with regard to doping relevance. This concerns the TAMACAN XL paste and cannot be applied to other manufacturers. In this respect, other manufacturers would also have to carry out such a study in order to be able to clearly prove the doping relevance of their products.<\/p>\n<p>After regular administration of CBD-containing paste (dose: 3 mg\/kg) twice daily for a fortnight, CBD residues could still be detected in the blood (1.9 (0.5) ng\/mL) and urine (7.0 (6.4) ng\/mL) of horses 84 hours after the last paste administration.<\/p>\n<\/div>\n<\/div>\n<\/div>\n<\/div>\n<\/div>\n<\/section>\n<\/div>\n<\/div>\n<\/div>\n<\/section>","protected":false},"featured_media":6747,"comment_status":"closed","ping_status":"closed","template":"","meta":{"jetpack_publicize_message":"","jetpack_publicize_feature_enabled":true,"jetpack_social_post_already_shared":false,"jetpack_social_options":{"image_generator_settings":{"template":"highway","default_image_id":0,"font":"","enabled":false},"version":2}},"product_brand":[],"product_cat":[57],"product_tag":[],"class_list":{"0":"post-6746","1":"product","2":"type-product","3":"status-publish","4":"has-post-thumbnail","6":"product_cat-cbd","8":"first","9":"instock","10":"taxable","11":"shipping-taxable","12":"product-type-external"},"yoast_head":"<!-- This site is optimized with the Yoast SEO Premium plugin v26.9 (Yoast SEO v27.3) - https:\/\/yoast.com\/product\/yoast-seo-premium-wordpress\/ -->\n<title>Tamacan XL Vollspektrum Gold-Cannabisextrakt (CBD 55%) f\u00fcr Hunde &amp; Gro\u00dftiere* - Impuls Methode<\/title>\n<meta name=\"robots\" content=\"index, follow, max-snippet:-1, max-image-preview:large, max-video-preview:-1\" \/>\n<link rel=\"canonical\" href=\"https:\/\/impulsmethode.at\/en\/product-2\/tamacan-xl-full-spectrum-gold-cannabis-extract-cbd-55-for-dogs-large-animals\/\" \/>\n<meta property=\"og:locale\" content=\"en_US\" \/>\n<meta property=\"og:type\" content=\"article\" \/>\n<meta property=\"og:title\" content=\"Tamacan XL Vollspektrum Gold-Cannabisextrakt (CBD 55%) f\u00fcr Hunde &amp; Gro\u00dftiere*\" \/>\n<meta property=\"og:description\" content=\"Vollspektrum Gold-Cannabisextrakt Paste (CBD 55%) f\u00fcr Hunde &amp; Gro\u00dftiere*  Manchmal ben\u00f6tigen wir h\u00f6here Konzentrationen, um unseren Lieblingen zu mehr Wohlbefinden und der R\u00fcckkehr zum nat\u00fcrlichen Gleichgewicht zu verhelfen. TAMACAN XL als CBD-Paste mit 55% CBD hat sich dank der sehr hohen Intensit\u00e4t dazu bestens bew\u00e4hrt.\u00a0Wenn Sie ihren Vierbeiner mit der wahren St\u00e4rke der Hanfpflanze unterst\u00fctzen wollen, ist TAMACAN XL ideal.  Anwendung:   Die Verschlusskappe gegen den Uhrzeigersinn abschrauben  Spritze andr\u00fccken zum Herauspressen der Paste.  Dosierung gem\u00e4\u00df der Empfehlung ihres HEROSAN Partners**  Reinigen Sie nach dem Verwenden des Produktes das Gewinde und die Spritze mit einem sauberen und staubfreien Tuch  Drehen Sie den Verschluss wieder im Uhrzeigersinn auf die Spritze  *ausgenommen lebensmittelliefernde Tiere, Dopingrelevant! **0,1ml entsprechen 50 mg CBD  Tierpflegeprodukt                                  Durch unsere durchgef\u00fchrte Studie mit der Freien Universi\u00e4t Berlin an Pferden ergab sich folgendes Ergebnis bez\u00fcglich Dopingrelevanz. Dies betrifft die TAMACAN XL Paste und ist nicht auf andere Hersteller umzulegen. Dahingehend m\u00fcssten andere Hersteller ebenfalls eine derartige Studie durchf\u00fchren um die Dopingrelevanz ihrer Produkte eindeutig nachweisen zu k\u00f6nnen.  Nach regelm\u00e4\u00dfiger Gabe von CBD-haltiger Paste (Dosis: 3 mg\/kg) zweimal t\u00e4glich \u00fcber zwei Wochen konnten 84 Stunden nach der letzten Pastengabe weiterhin CBD-R\u00fcckst\u00e4nde in Blut (1,9 (0,5) ng\/mL) und Urin (7,0 (6,4) ng\/mL) bei Pferden nachgewiesen werden.\" \/>\n<meta property=\"og:url\" content=\"https:\/\/impulsmethode.at\/en\/product-2\/tamacan-xl-full-spectrum-gold-cannabis-extract-cbd-55-for-dogs-large-animals\/\" \/>\n<meta property=\"og:site_name\" content=\"Impuls Methode\" \/>\n<meta property=\"article:publisher\" content=\"https:\/\/www.facebook.com\/ImPulsMethode\" \/>\n<meta property=\"og:image\" content=\"https:\/\/impulsmethode.at\/wp-content\/uploads\/2023\/11\/TAMACAN_XL.png\" \/>\n\t<meta property=\"og:image:width\" content=\"1000\" \/>\n\t<meta property=\"og:image:height\" content=\"1000\" \/>\n\t<meta property=\"og:image:type\" content=\"image\/png\" \/>\n<meta name=\"twitter:card\" content=\"summary_large_image\" \/>\n<meta name=\"twitter:label1\" content=\"Price\" \/>\n\t<meta name=\"twitter:data1\" content=\"&euro;179.90 inkl MwSt.\" \/>\n\t<meta name=\"twitter:label2\" content=\"Availability\" \/>\n\t<meta name=\"twitter:data2\" content=\"In stock\" \/>\n<script type=\"application\/ld+json\" class=\"yoast-schema-graph\">{\"@context\":\"https:\\\/\\\/schema.org\",\"@graph\":[{\"@type\":\"WebPage\",\"@id\":\"https:\\\/\\\/impulsmethode.at\\\/produkt\\\/tamacan-xl-vollspektrum-gold-cannabisextrakt-cbd-55-fuer-hunde-grosstiere\\\/\",\"url\":\"https:\\\/\\\/impulsmethode.at\\\/produkt\\\/tamacan-xl-vollspektrum-gold-cannabisextrakt-cbd-55-fuer-hunde-grosstiere\\\/\",\"name\":\"Tamacan XL Vollspektrum Gold-Cannabisextrakt (CBD 55%) f\u00fcr Hunde & Gro\u00dftiere* - Impuls Methode\",\"isPartOf\":{\"@id\":\"https:\\\/\\\/impulsmethode.at\\\/#website\"},\"primaryImageOfPage\":{\"@id\":\"https:\\\/\\\/impulsmethode.at\\\/produkt\\\/tamacan-xl-vollspektrum-gold-cannabisextrakt-cbd-55-fuer-hunde-grosstiere\\\/#primaryimage\"},\"image\":{\"@id\":\"https:\\\/\\\/impulsmethode.at\\\/produkt\\\/tamacan-xl-vollspektrum-gold-cannabisextrakt-cbd-55-fuer-hunde-grosstiere\\\/#primaryimage\"},\"thumbnailUrl\":\"https:\\\/\\\/impulsmethode.at\\\/wp-content\\\/uploads\\\/2023\\\/11\\\/TAMACAN_XL.png\",\"datePublished\":\"2023-11-15T15:12:35+00:00\",\"breadcrumb\":{\"@id\":\"https:\\\/\\\/impulsmethode.at\\\/produkt\\\/tamacan-xl-vollspektrum-gold-cannabisextrakt-cbd-55-fuer-hunde-grosstiere\\\/#breadcrumb\"},\"inLanguage\":\"en-AU\",\"potentialAction\":[{\"@type\":\"ReadAction\",\"target\":[\"https:\\\/\\\/impulsmethode.at\\\/produkt\\\/tamacan-xl-vollspektrum-gold-cannabisextrakt-cbd-55-fuer-hunde-grosstiere\\\/\"]}]},{\"@type\":\"ImageObject\",\"inLanguage\":\"en-AU\",\"@id\":\"https:\\\/\\\/impulsmethode.at\\\/produkt\\\/tamacan-xl-vollspektrum-gold-cannabisextrakt-cbd-55-fuer-hunde-grosstiere\\\/#primaryimage\",\"url\":\"https:\\\/\\\/impulsmethode.at\\\/wp-content\\\/uploads\\\/2023\\\/11\\\/TAMACAN_XL.png\",\"contentUrl\":\"https:\\\/\\\/impulsmethode.at\\\/wp-content\\\/uploads\\\/2023\\\/11\\\/TAMACAN_XL.png\",\"width\":1000,\"height\":1000},{\"@type\":\"BreadcrumbList\",\"@id\":\"https:\\\/\\\/impulsmethode.at\\\/produkt\\\/tamacan-xl-vollspektrum-gold-cannabisextrakt-cbd-55-fuer-hunde-grosstiere\\\/#breadcrumb\",\"itemListElement\":[{\"@type\":\"ListItem\",\"position\":1,\"name\":\"Home\",\"item\":\"https:\\\/\\\/impulsmethode.at\\\/\"},{\"@type\":\"ListItem\",\"position\":2,\"name\":\"Shop\",\"item\":\"https:\\\/\\\/impulsmethode.at\\\/shop-2\\\/\"},{\"@type\":\"ListItem\",\"position\":3,\"name\":\"Tamacan XL Vollspektrum Gold-Cannabisextrakt (CBD 55%) f\u00fcr Hunde &#038; Gro\u00dftiere*\"}]},{\"@type\":\"WebSite\",\"@id\":\"https:\\\/\\\/impulsmethode.at\\\/#website\",\"url\":\"https:\\\/\\\/impulsmethode.at\\\/\",\"name\":\"ImPuls Methode\",\"description\":\"Weil du dein Pferd liebst\",\"publisher\":{\"@id\":\"https:\\\/\\\/impulsmethode.at\\\/#organization\"},\"potentialAction\":[{\"@type\":\"SearchAction\",\"target\":{\"@type\":\"EntryPoint\",\"urlTemplate\":\"https:\\\/\\\/impulsmethode.at\\\/?s={search_term_string}\"},\"query-input\":{\"@type\":\"PropertyValueSpecification\",\"valueRequired\":true,\"valueName\":\"search_term_string\"}}],\"inLanguage\":\"en-AU\"},{\"@type\":[\"Organization\",\"Place\"],\"@id\":\"https:\\\/\\\/impulsmethode.at\\\/#organization\",\"name\":\"ImPuls Methode\",\"url\":\"https:\\\/\\\/impulsmethode.at\\\/\",\"logo\":{\"@id\":\"https:\\\/\\\/impulsmethode.at\\\/produkt\\\/tamacan-xl-vollspektrum-gold-cannabisextrakt-cbd-55-fuer-hunde-grosstiere\\\/#local-main-organization-logo\"},\"image\":{\"@id\":\"https:\\\/\\\/impulsmethode.at\\\/produkt\\\/tamacan-xl-vollspektrum-gold-cannabisextrakt-cbd-55-fuer-hunde-grosstiere\\\/#local-main-organization-logo\"},\"sameAs\":[\"https:\\\/\\\/www.facebook.com\\\/ImPulsMethode\",\"https:\\\/\\\/www.instagram.com\\\/impulsmethode\\\/\",\"https:\\\/\\\/www.linkedin.com\\\/in\\\/adrienne-t-98349299\\\/\",\"https:\\\/\\\/www.youtube.com\\\/@impulsmethode768\",\"https:\\\/\\\/www.tiktok.com\\\/@impulsmethode\"],\"telephone\":[],\"openingHoursSpecification\":[{\"@type\":\"OpeningHoursSpecification\",\"dayOfWeek\":[\"Monday\",\"Tuesday\",\"Wednesday\",\"Thursday\",\"Friday\",\"Saturday\",\"Sunday\"],\"opens\":\"09:00\",\"closes\":\"17:00\"}]},{\"@type\":\"ImageObject\",\"inLanguage\":\"en-AU\",\"@id\":\"https:\\\/\\\/impulsmethode.at\\\/produkt\\\/tamacan-xl-vollspektrum-gold-cannabisextrakt-cbd-55-fuer-hunde-grosstiere\\\/#local-main-organization-logo\",\"url\":\"https:\\\/\\\/impulsmethode.at\\\/wp-content\\\/uploads\\\/2022\\\/04\\\/impuls_methode_logo_dark.png\",\"contentUrl\":\"https:\\\/\\\/impulsmethode.at\\\/wp-content\\\/uploads\\\/2022\\\/04\\\/impuls_methode_logo_dark.png\",\"width\":750,\"height\":278,\"caption\":\"ImPuls Methode\"}]}<\/script>\n<meta property=\"product:price:amount\" content=\"179.90\" \/>\n<meta property=\"product:price:currency\" content=\"EUR\" \/>\n<meta property=\"og:availability\" content=\"instock\" \/>\n<meta property=\"product:availability\" content=\"instock\" \/>\n<meta property=\"product:condition\" content=\"new\" \/>\n<!-- \/ Yoast SEO Premium plugin. -->","yoast_head_json":{"title":"Tamacan XL Full Spectrum Gold Cannabis Extract (CBD 55%) for Dogs &amp; Large Animals* - Impulse Method","robots":{"index":"index","follow":"follow","max-snippet":"max-snippet:-1","max-image-preview":"max-image-preview:large","max-video-preview":"max-video-preview:-1"},"canonical":"https:\/\/impulsmethode.at\/en\/product-2\/tamacan-xl-full-spectrum-gold-cannabis-extract-cbd-55-for-dogs-large-animals\/","og_locale":"en_US","og_type":"article","og_title":"Tamacan XL Vollspektrum Gold-Cannabisextrakt (CBD 55%) f\u00fcr Hunde & Gro\u00dftiere*","og_description":"Vollspektrum Gold-Cannabisextrakt Paste (CBD 55%) f\u00fcr Hunde &amp; Gro\u00dftiere*  Manchmal ben\u00f6tigen wir h\u00f6here Konzentrationen, um unseren Lieblingen zu mehr Wohlbefinden und der R\u00fcckkehr zum nat\u00fcrlichen Gleichgewicht zu verhelfen. TAMACAN XL als CBD-Paste mit 55% CBD hat sich dank der sehr hohen Intensit\u00e4t dazu bestens bew\u00e4hrt.\u00a0Wenn Sie ihren Vierbeiner mit der wahren St\u00e4rke der Hanfpflanze unterst\u00fctzen wollen, ist TAMACAN XL ideal.  Anwendung:   Die Verschlusskappe gegen den Uhrzeigersinn abschrauben  Spritze andr\u00fccken zum Herauspressen der Paste.  Dosierung gem\u00e4\u00df der Empfehlung ihres HEROSAN Partners**  Reinigen Sie nach dem Verwenden des Produktes das Gewinde und die Spritze mit einem sauberen und staubfreien Tuch  Drehen Sie den Verschluss wieder im Uhrzeigersinn auf die Spritze  *ausgenommen lebensmittelliefernde Tiere, Dopingrelevant! **0,1ml entsprechen 50 mg CBD  Tierpflegeprodukt                                  Durch unsere durchgef\u00fchrte Studie mit der Freien Universi\u00e4t Berlin an Pferden ergab sich folgendes Ergebnis bez\u00fcglich Dopingrelevanz. Dies betrifft die TAMACAN XL Paste und ist nicht auf andere Hersteller umzulegen. Dahingehend m\u00fcssten andere Hersteller ebenfalls eine derartige Studie durchf\u00fchren um die Dopingrelevanz ihrer Produkte eindeutig nachweisen zu k\u00f6nnen.  Nach regelm\u00e4\u00dfiger Gabe von CBD-haltiger Paste (Dosis: 3 mg\/kg) zweimal t\u00e4glich \u00fcber zwei Wochen konnten 84 Stunden nach der letzten Pastengabe weiterhin CBD-R\u00fcckst\u00e4nde in Blut (1,9 (0,5) ng\/mL) und Urin (7,0 (6,4) ng\/mL) bei Pferden nachgewiesen werden.","og_url":"https:\/\/impulsmethode.at\/en\/product-2\/tamacan-xl-full-spectrum-gold-cannabis-extract-cbd-55-for-dogs-large-animals\/","og_site_name":"Impuls Methode","article_publisher":"https:\/\/www.facebook.com\/ImPulsMethode","og_image":[{"width":1000,"height":1000,"url":"https:\/\/impulsmethode.at\/wp-content\/uploads\/2023\/11\/TAMACAN_XL.png","type":"image\/png"}],"twitter_card":"summary_large_image","twitter_misc":{"Price":"&euro;179.90 inkl MwSt.","Availability":"In stock"},"schema":{"@context":"https:\/\/schema.org","@graph":[{"@type":"WebPage","@id":"https:\/\/impulsmethode.at\/produkt\/tamacan-xl-vollspektrum-gold-cannabisextrakt-cbd-55-fuer-hunde-grosstiere\/","url":"https:\/\/impulsmethode.at\/produkt\/tamacan-xl-vollspektrum-gold-cannabisextrakt-cbd-55-fuer-hunde-grosstiere\/","name":"Tamacan XL Full Spectrum Gold Cannabis Extract (CBD 55%) for Dogs &amp; Large Animals* - Impulse Method","isPartOf":{"@id":"https:\/\/impulsmethode.at\/#website"},"primaryImageOfPage":{"@id":"https:\/\/impulsmethode.at\/produkt\/tamacan-xl-vollspektrum-gold-cannabisextrakt-cbd-55-fuer-hunde-grosstiere\/#primaryimage"},"image":{"@id":"https:\/\/impulsmethode.at\/produkt\/tamacan-xl-vollspektrum-gold-cannabisextrakt-cbd-55-fuer-hunde-grosstiere\/#primaryimage"},"thumbnailUrl":"https:\/\/impulsmethode.at\/wp-content\/uploads\/2023\/11\/TAMACAN_XL.png","datePublished":"2023-11-15T15:12:35+00:00","breadcrumb":{"@id":"https:\/\/impulsmethode.at\/produkt\/tamacan-xl-vollspektrum-gold-cannabisextrakt-cbd-55-fuer-hunde-grosstiere\/#breadcrumb"},"inLanguage":"en-AU","potentialAction":[{"@type":"ReadAction","target":["https:\/\/impulsmethode.at\/produkt\/tamacan-xl-vollspektrum-gold-cannabisextrakt-cbd-55-fuer-hunde-grosstiere\/"]}]},{"@type":"ImageObject","inLanguage":"en-AU","@id":"https:\/\/impulsmethode.at\/produkt\/tamacan-xl-vollspektrum-gold-cannabisextrakt-cbd-55-fuer-hunde-grosstiere\/#primaryimage","url":"https:\/\/impulsmethode.at\/wp-content\/uploads\/2023\/11\/TAMACAN_XL.png","contentUrl":"https:\/\/impulsmethode.at\/wp-content\/uploads\/2023\/11\/TAMACAN_XL.png","width":1000,"height":1000},{"@type":"BreadcrumbList","@id":"https:\/\/impulsmethode.at\/produkt\/tamacan-xl-vollspektrum-gold-cannabisextrakt-cbd-55-fuer-hunde-grosstiere\/#breadcrumb","itemListElement":[{"@type":"ListItem","position":1,"name":"Home","item":"https:\/\/impulsmethode.at\/"},{"@type":"ListItem","position":2,"name":"Shop","item":"https:\/\/impulsmethode.at\/shop-2\/"},{"@type":"ListItem","position":3,"name":"Tamacan XL Vollspektrum Gold-Cannabisextrakt (CBD 55%) f\u00fcr Hunde &#038; Gro\u00dftiere*"}]},{"@type":"WebSite","@id":"https:\/\/impulsmethode.at\/#website","url":"https:\/\/impulsmethode.at\/","name":"ImPuls method","description":"Because you love your horse","publisher":{"@id":"https:\/\/impulsmethode.at\/#organization"},"potentialAction":[{"@type":"SearchAction","target":{"@type":"EntryPoint","urlTemplate":"https:\/\/impulsmethode.at\/?s={search_term_string}"},"query-input":{"@type":"PropertyValueSpecification","valueRequired":true,"valueName":"search_term_string"}}],"inLanguage":"en-AU"},{"@type":["Organization","Place"],"@id":"https:\/\/impulsmethode.at\/#organization","name":"ImPuls method","url":"https:\/\/impulsmethode.at\/","logo":{"@id":"https:\/\/impulsmethode.at\/produkt\/tamacan-xl-vollspektrum-gold-cannabisextrakt-cbd-55-fuer-hunde-grosstiere\/#local-main-organization-logo"},"image":{"@id":"https:\/\/impulsmethode.at\/produkt\/tamacan-xl-vollspektrum-gold-cannabisextrakt-cbd-55-fuer-hunde-grosstiere\/#local-main-organization-logo"},"sameAs":["https:\/\/www.facebook.com\/ImPulsMethode","https:\/\/www.instagram.com\/impulsmethode\/","https:\/\/www.linkedin.com\/in\/adrienne-t-98349299\/","https:\/\/www.youtube.com\/@impulsmethode768","https:\/\/www.tiktok.com\/@impulsmethode"],"telephone":[],"openingHoursSpecification":[{"@type":"OpeningHoursSpecification","dayOfWeek":["Monday","Tuesday","Wednesday","Thursday","Friday","Saturday","Sunday"],"opens":"09:00","closes":"17:00"}]},{"@type":"ImageObject","inLanguage":"en-AU","@id":"https:\/\/impulsmethode.at\/produkt\/tamacan-xl-vollspektrum-gold-cannabisextrakt-cbd-55-fuer-hunde-grosstiere\/#local-main-organization-logo","url":"https:\/\/impulsmethode.at\/wp-content\/uploads\/2022\/04\/impuls_methode_logo_dark.png","contentUrl":"https:\/\/impulsmethode.at\/wp-content\/uploads\/2022\/04\/impuls_methode_logo_dark.png","width":750,"height":278,"caption":"ImPuls Methode"}]},"product_price_amount":"179.90","product_price_currency":"EUR","og_availability":"instock","product_availability":"instock","product_condition":"new"},"jetpack_publicize_connections":[],"jetpack_sharing_enabled":true,"_links":{"self":[{"href":"https:\/\/impulsmethode.at\/en\/wp-json\/wp\/v2\/product\/6746","targetHints":{"allow":["GET"]}}],"collection":[{"href":"https:\/\/impulsmethode.at\/en\/wp-json\/wp\/v2\/product"}],"about":[{"href":"https:\/\/impulsmethode.at\/en\/wp-json\/wp\/v2\/types\/product"}],"replies":[{"embeddable":true,"href":"https:\/\/impulsmethode.at\/en\/wp-json\/wp\/v2\/comments?post=6746"}],"wp:featuredmedia":[{"embeddable":true,"href":"https:\/\/impulsmethode.at\/en\/wp-json\/wp\/v2\/media\/6747"}],"wp:attachment":[{"href":"https:\/\/impulsmethode.at\/en\/wp-json\/wp\/v2\/media?parent=6746"}],"wp:term":[{"taxonomy":"product_brand","embeddable":true,"href":"https:\/\/impulsmethode.at\/en\/wp-json\/wp\/v2\/product_brand?post=6746"},{"taxonomy":"product_cat","embeddable":true,"href":"https:\/\/impulsmethode.at\/en\/wp-json\/wp\/v2\/product_cat?post=6746"},{"taxonomy":"product_tag","embeddable":true,"href":"https:\/\/impulsmethode.at\/en\/wp-json\/wp\/v2\/product_tag?post=6746"}],"curies":[{"name":"wp","href":"https:\/\/api.w.org\/{rel}","templated":true}]}}