{"id":7136,"date":"2024-03-19T13:53:40","date_gmt":"2024-03-19T12:53:40","guid":{"rendered":"https:\/\/impulsmethode.at\/?page_id=7136"},"modified":"2025-08-18T14:43:36","modified_gmt":"2025-08-18T12:43:36","slug":"7136-2","status":"publish","type":"page","link":"https:\/\/impulsmethode.at\/en\/7136-2\/","title":{"rendered":"Aktivgymnastik f\u00fcr Pferde | ImPuls\u2011Methode \u2013 Beweglichkeit &#038; Kraft"},"content":{"rendered":"<div id=\"fws_69e36f07381ef\"  data-column-margin=\"60px\" data-midnight=\"dark\" data-top-percent=\"2%\"  class=\"wpb_row vc_row-fluid vc_row full-width-content vc_row-o-equal-height vc_row-flex vc_row-o-content-top parallax_section top_margin_-80px mobile-disable-bg-image-animation\"  style=\"padding-top: calc(100vw * 0.02); padding-bottom: 0px; \"><div class=\"row-bg-wrap\" style=\"background-color: #ffffff;\" data-bg-animation=\"fade-in\" data-bg-overlay=\"false\"><div class=\"inner-wrap\"><div class=\"row-bg viewport-desktop using-bg-color\" data-parallax-speed=\"fast\" style=\"background-color: #ffffff; \"><\/div><\/div><\/div><div class=\"row_col_wrap_12 col span_12 dark left\">\n\t<div  class=\"vc_col-sm-2 wpb_column column_container vc_column_container col no-extra-padding inherit_tablet inherit_phone\"  data-padding-pos=\"all\" data-has-bg-color=\"false\" data-bg-color=\"\" data-bg-opacity=\"1\" data-animation=\"\" data-delay=\"0\" >\n\t\t<div class=\"vc_column-inner\" >\n\t\t\t<div class=\"wpb_wrapper\">\n\t\t\t\t\n\t\t\t<\/div> \n\t\t<\/div>\n\t<\/div> \n\n\t<div  class=\"vc_col-sm-8 wpb_column column_container vc_column_container col has-animation no-extra-padding inherit_tablet inherit_phone\"  data-padding-pos=\"all\" data-has-bg-color=\"false\" data-bg-color=\"\" data-bg-opacity=\"1\" data-animation=\"fade-in\" data-delay=\"150\" >\n\t\t<div class=\"vc_column-inner\" >\n\t\t\t<div class=\"wpb_wrapper\">\n\t\t\t\t<div class=\"col span_12 section-title text-align-center extra-padding\"><h2>\n<h1 style=\"text-align: center\">Activegymnastic<\/h1>\n<\/h2><\/div><div class=\"clear\"><\/div>\n<div class=\"wpb_text_column wpb_content_element  vc_custom_1653023669313\" >\n\t<div class=\"wpb_wrapper\">\n\t\t<div class=\"MessageContent-module__message-content___Am59P _container__message-content_ce1ef_21 MessageContent-module__message-content--markdown___oLH9Y\">\n<p>Aktivgymnastik ImPuls\u2011Methode Pferd: Unsere gezielten \u00dcbungen wurden speziell entwickelt, um Gelenkigkeit, Bewegungsumfang (ROM) und Kernkraft zu verbessern und gleichzeitig Stabilit\u00e4t und Koordination aufzubauen.<\/p>\n<p>\u00c4hnlich wie Yoga bei Menschen st\u00e4rkt Aktivgymnastik die Propriozeption \u2013 die Eigenwahrnehmung des K\u00f6rpers \u2013 und unterst\u00fctzt so die Korrektur der Muskelfunktion. Konkrete Bewegungsserien f\u00fcr Hals, R\u00fccken, Vorhand und Hinterhand mobilisieren verspannte Bereiche und bauen gezielt Kraft in schwachen oder unterentwickelten Muskeln auf.<\/p>\n<p>Aktivgymnastik\u2011Routinen sind vielseitig einsetzbar und leicht erlernbar: Eine komplette Sequenz kann eine Reit\u2011 oder Longiereinheit ersetzen, weil sie gezielt Mobilit\u00e4t, Kraft und Koordination trainiert, w\u00e4hrend einzelne, ausgew\u00e4hlte \u00dcbungen \u2014 etwa kurze Serien f\u00fcr Hals, R\u00fccken oder Hinterhand \u2014 sich problemlos in die t\u00e4gliche Pflege integrieren und als Aufw\u00e4rm\u2011 oder Regenerationsprogramm dienen. Die \u00dcbungen machen den Pferden Spa\u00df; kombiniert ergeben sie ein schnelles, effektives Training, das die Gesamtleistung nachhaltig verbessert.<\/p>\n<p>Buchbar ist Aktivgymnastik als einzelnes Modul. Besonders wirkungsvoll sind Blockprogramme, die Bodywork (K\u00f6rperarbeit) mit Aktivgymnastik verbinden: Nach einer Bodywork\u2011Sitzung empfehlen wir spezifische \u00dcbungen, die BesitzerInnen selbst zwischen den Terminen sicher ausf\u00fchren k\u00f6nnen, um den Erfolg zu maximieren.<\/p>\n<h4>Mehr \u00dcbungen und detaillierte Anleitungen findest du in meinem eBook &#8222;Verbesserung die Muskeln mit Aktivgymnastik&#8220;, jetzt im <a href=\"https:\/\/impulsmethode.at\/en\/product-2\/verbesserung-der-muskulatur-deines-pferdes\/\">Webshop<\/a> erh\u00e4ltlich.<\/h4>\n\t<\/div>\n<\/div>\n\n\n\n\n\t\t\t<\/div> \n\t\t<\/div>\n\t<\/div> \n\n\t<div  class=\"vc_col-sm-2 wpb_column column_container vc_column_container col no-extra-padding inherit_tablet inherit_phone\"  data-padding-pos=\"all\" data-has-bg-color=\"false\" data-bg-color=\"\" data-bg-opacity=\"1\" data-animation=\"\" data-delay=\"0\" >\n\t\t<div class=\"vc_column-inner\" >\n\t\t\t<div class=\"wpb_wrapper\">\n\t\t\t\t\n\t\t\t<\/div> \n\t\t<\/div>\n\t<\/div> \n<\/div><\/div>\n\t\t<div id=\"fws_69e36f0739017\"  data-column-margin=\"default\" data-midnight=\"light\" data-top-percent=\"2%\" data-bottom-percent=\"2%\"  class=\"wpb_row vc_row-fluid vc_row full-width-section\"  style=\"padding-top: calc(100vw * 0.02); padding-bottom: calc(100vw * 0.02); \"><div class=\"row-bg-wrap\" data-bg-animation=\"none\" data-bg-overlay=\"false\"><div class=\"inner-wrap\"><div class=\"row-bg viewport-desktop using-bg-color\"  style=\"background-color: #ffffff; \"><\/div><\/div><\/div><div class=\"row_col_wrap_12 col span_12 light left\">\n\t<div  class=\"vc_col-sm-12 wpb_column column_container vc_column_container col no-extra-padding inherit_tablet inherit_phone\"  data-padding-pos=\"all\" data-has-bg-color=\"false\" data-bg-color=\"\" data-bg-opacity=\"1\" data-animation=\"\" data-delay=\"0\" >\n\t\t<div class=\"vc_column-inner\" >\n\t\t\t<div class=\"wpb_wrapper\">\n\t\t\t\t\n\t<div class=\"wpb_gallery wpb_content_element clearfix\">\n\t\t<div class=\"wpb_wrapper\"><div class=\"wpb_gallery_slidesimage_grid\" data-onclick=\"link_image\" data-interval=\"5\">\n\n\t<div class=\"portfolio-wrap\">\n\n\t\t\t<span class=\"portfolio-loading\"><\/span>\n\n\t\t\t<div class=\"row portfolio-items no-masonry\" data-starting-filter=\"\" data-gutter=\"default\" data-masonry-type=\"default\" data-bypass-cropping=\"\"  data-ps=\"7\" data-loading=\"default\" data-categories-to-show=\"\" data-col-num=\"cols-4\">\n\n\n\n\t\n\t\t\t\t\t\t\t<div class=\"col span_3  element\" data-project-cat=\"\" data-default-color=\"true\" data-title-color=\"\" data-subtitle-color=\"\">\n\n\t\t\t\t\t\t\t<div class=\"inner-wrap animated\" data-animation=\"none\">\n\n\t\t\t\t\t\t\t\n\t\t\t\t\t\t\t<div class=\"work-item style-2\">\n\n\t\t\t\t\t\t\t\t<img loading=\"lazy\" decoding=\"async\" class=\"skip-lazy top-level-image\" src=\"https:\/\/impulsmethode.at\/wp-content\/uploads\/2022\/05\/533-jpeg-400x300.webp\" width=\"400\" height=\"300\" alt=\"533\" title=\"533\" \/>\n\t\t\t\t\t\t\t\t<div class=\"work-info-bg\"><\/div>\n\t\t\t\t\t\t\t\t<div class=\"work-info\">\n\n\n\t\t\t\t\t\t\t\t\t\t\t\t\t\t\t\t\t   \t\t\t <a href=\"https:\/\/impulsmethode.at\/wp-content\/uploads\/2022\/05\/533-jpeg.webp\" class=\"pretty_photo\"><\/a>\n\t\t\t\t\t\t\t\t   \t\t\n\t\t\t\t\t\t\t\t\t\t<div class=\"vert-center\">\n\t\t\t\t\t\t\t\t\t\t\t\t\t\t\t\t\t\t\t\t\t<\/div><!--\/vert-center-->\n\n\t\t\t\t\t\t\t\t\t\n\n\t\t\t\t\t\t\t\t<\/div>\n\t\t\t\t\t\t\t<\/div><!--work-item-->\n\n\t\t\t\t\t\t\n\n\t\t\t\t\t\t<\/div><\/div> \n\t\t\t\t\t\t\n\t\t\t\t\t\t\t<div class=\"col span_3  element\" data-project-cat=\"\" data-default-color=\"true\" data-title-color=\"\" data-subtitle-color=\"\">\n\n\t\t\t\t\t\t\t<div class=\"inner-wrap animated\" data-animation=\"none\">\n\n\t\t\t\t\t\t\t\n\t\t\t\t\t\t\t<div class=\"work-item style-2\">\n\n\t\t\t\t\t\t\t\t<img loading=\"lazy\" decoding=\"async\" class=\"skip-lazy top-level-image\" src=\"https:\/\/impulsmethode.at\/wp-content\/uploads\/2022\/05\/545-jpeg-400x300.webp\" width=\"400\" height=\"300\" alt=\"545\" title=\"545\" \/>\n\t\t\t\t\t\t\t\t<div class=\"work-info-bg\"><\/div>\n\t\t\t\t\t\t\t\t<div class=\"work-info\">\n\n\n\t\t\t\t\t\t\t\t\t\t\t\t\t\t\t\t\t   \t\t\t <a href=\"https:\/\/impulsmethode.at\/wp-content\/uploads\/2022\/05\/545-jpeg.webp\" class=\"pretty_photo\"><\/a>\n\t\t\t\t\t\t\t\t   \t\t\n\t\t\t\t\t\t\t\t\t\t<div class=\"vert-center\">\n\t\t\t\t\t\t\t\t\t\t\t\t\t\t\t\t\t\t\t\t\t<\/div><!--\/vert-center-->\n\n\t\t\t\t\t\t\t\t\t\n\n\t\t\t\t\t\t\t\t<\/div>\n\t\t\t\t\t\t\t<\/div><!--work-item-->\n\n\t\t\t\t\t\t\n\n\t\t\t\t\t\t<\/div><\/div> \n\t\t\t\t\t\t\n\t\t\t\t\t\t\t<div class=\"col span_3  element\" data-project-cat=\"\" data-default-color=\"true\" data-title-color=\"\" data-subtitle-color=\"\">\n\n\t\t\t\t\t\t\t<div class=\"inner-wrap animated\" data-animation=\"none\">\n\n\t\t\t\t\t\t\t\n\t\t\t\t\t\t\t<div class=\"work-item style-2\">\n\n\t\t\t\t\t\t\t\t<img loading=\"lazy\" decoding=\"async\" class=\"skip-lazy top-level-image\" src=\"https:\/\/impulsmethode.at\/wp-content\/uploads\/2022\/05\/304-jpeg-400x300.webp\" width=\"400\" height=\"300\" alt=\"304\" title=\"304\" \/>\n\t\t\t\t\t\t\t\t<div class=\"work-info-bg\"><\/div>\n\t\t\t\t\t\t\t\t<div class=\"work-info\">\n\n\n\t\t\t\t\t\t\t\t\t\t\t\t\t\t\t\t\t   \t\t\t <a href=\"https:\/\/impulsmethode.at\/wp-content\/uploads\/2022\/05\/304-jpeg.webp\" class=\"pretty_photo\"><\/a>\n\t\t\t\t\t\t\t\t   \t\t\n\t\t\t\t\t\t\t\t\t\t<div class=\"vert-center\">\n\t\t\t\t\t\t\t\t\t\t\t\t\t\t\t\t\t\t\t\t\t<\/div><!--\/vert-center-->\n\n\t\t\t\t\t\t\t\t\t\n\n\t\t\t\t\t\t\t\t<\/div>\n\t\t\t\t\t\t\t<\/div><!--work-item-->\n\n\t\t\t\t\t\t\n\n\t\t\t\t\t\t<\/div><\/div> \n\t\t\t\t\t\t\n\t\t\t\t\t\t\t<div class=\"col span_3  element\" data-project-cat=\"\" data-default-color=\"true\" data-title-color=\"\" data-subtitle-color=\"\">\n\n\t\t\t\t\t\t\t<div class=\"inner-wrap animated\" data-animation=\"none\">\n\n\t\t\t\t\t\t\t\n\t\t\t\t\t\t\t<div class=\"work-item style-2\">\n\n\t\t\t\t\t\t\t\t<img loading=\"lazy\" decoding=\"async\" class=\"skip-lazy top-level-image\" src=\"https:\/\/impulsmethode.at\/wp-content\/uploads\/2022\/05\/300-jpeg-400x300.webp\" width=\"400\" height=\"300\" alt=\"300\" title=\"300\" \/>\n\t\t\t\t\t\t\t\t<div class=\"work-info-bg\"><\/div>\n\t\t\t\t\t\t\t\t<div class=\"work-info\">\n\n\n\t\t\t\t\t\t\t\t\t\t\t\t\t\t\t\t\t   \t\t\t <a href=\"https:\/\/impulsmethode.at\/wp-content\/uploads\/2022\/05\/300-jpeg.webp\" class=\"pretty_photo\"><\/a>\n\t\t\t\t\t\t\t\t   \t\t\n\t\t\t\t\t\t\t\t\t\t<div class=\"vert-center\">\n\t\t\t\t\t\t\t\t\t\t\t\t\t\t\t\t\t\t\t\t\t<\/div><!--\/vert-center-->\n\n\t\t\t\t\t\t\t\t\t\n\n\t\t\t\t\t\t\t\t<\/div>\n\t\t\t\t\t\t\t<\/div><!--work-item-->\n\n\t\t\t\t\t\t\n\n\t\t\t\t\t\t<\/div><\/div> \n\t\t\t\t\t\t\n\t\t\t\t\t\t\t<div class=\"col span_3  element\" data-project-cat=\"\" data-default-color=\"true\" data-title-color=\"\" data-subtitle-color=\"\">\n\n\t\t\t\t\t\t\t<div class=\"inner-wrap animated\" data-animation=\"none\">\n\n\t\t\t\t\t\t\t\n\t\t\t\t\t\t\t<div class=\"work-item style-2\">\n\n\t\t\t\t\t\t\t\t<img loading=\"lazy\" decoding=\"async\" class=\"skip-lazy top-level-image\" src=\"https:\/\/impulsmethode.at\/wp-content\/uploads\/2022\/05\/549-jpeg-400x300.webp\" width=\"400\" height=\"300\" alt=\"549\" title=\"549\" \/>\n\t\t\t\t\t\t\t\t<div class=\"work-info-bg\"><\/div>\n\t\t\t\t\t\t\t\t<div class=\"work-info\">\n\n\n\t\t\t\t\t\t\t\t\t\t\t\t\t\t\t\t\t   \t\t\t <a href=\"https:\/\/impulsmethode.at\/wp-content\/uploads\/2022\/05\/549-jpeg.webp\" class=\"pretty_photo\"><\/a>\n\t\t\t\t\t\t\t\t   \t\t\n\t\t\t\t\t\t\t\t\t\t<div class=\"vert-center\">\n\t\t\t\t\t\t\t\t\t\t\t\t\t\t\t\t\t\t\t\t\t<\/div><!--\/vert-center-->\n\n\t\t\t\t\t\t\t\t\t\n\n\t\t\t\t\t\t\t\t<\/div>\n\t\t\t\t\t\t\t<\/div><!--work-item-->\n\n\t\t\t\t\t\t\n\n\t\t\t\t\t\t<\/div><\/div> \n\t\t\t\t\t\t<\/div><\/div><\/div>\n\t\t<\/div> \n\t<\/div> \n\t\t\t<\/div> \n\t\t<\/div>\n\t<\/div> \n<\/div><\/div>\n<\/div>\n<p>&nbsp;<\/p>","protected":false},"excerpt":{"rendered":"<p>&nbsp;<\/p>","protected":false},"author":2,"featured_media":0,"parent":0,"menu_order":0,"comment_status":"closed","ping_status":"closed","template":"","meta":{"footnotes":""},"class_list":["post-7136","page","type-page","status-publish"],"yoast_head":"<!-- This site is optimized with the Yoast SEO Premium plugin v26.9 (Yoast SEO v27.4) - https:\/\/yoast.com\/product\/yoast-seo-premium-wordpress\/ -->\n<title>Aktivgymnastik f\u00fcr Pferde | ImPuls\u2011Methode \u2013 Beweglichkeit &amp; Kraft<\/title>\n<meta name=\"description\" content=\"Aktivgymnastik nach der ImPuls\u2011Methode: verbessert Gelenkigkeit, ROM, Core-kraft, Stabilit\u00e4t und Koordination. Leicht erlernbar und spa\u00dfig f\u00fcr Pferde.\" \/>\n<meta name=\"robots\" content=\"index, follow, max-snippet:-1, max-image-preview:large, max-video-preview:-1\" \/>\n<link rel=\"canonical\" href=\"https:\/\/impulsmethode.at\/en\/7136-2\/\" \/>\n<meta property=\"og:locale\" content=\"en_US\" \/>\n<meta property=\"og:type\" content=\"article\" \/>\n<meta property=\"og:title\" content=\"Aktivgymnastik f\u00fcr Pferde | ImPuls\u2011Methode \u2013 Beweglichkeit &amp; Kraft\" \/>\n<meta property=\"og:description\" content=\"Aktivgymnastik nach der ImPuls\u2011Methode: verbessert Gelenkigkeit, ROM, Core-kraft, Stabilit\u00e4t und Koordination. Leicht erlernbar und spa\u00dfig f\u00fcr Pferde.\" \/>\n<meta property=\"og:url\" content=\"https:\/\/impulsmethode.at\/en\/7136-2\/\" \/>\n<meta property=\"og:site_name\" content=\"Impuls Methode\" \/>\n<meta property=\"article:publisher\" content=\"https:\/\/www.facebook.com\/ImPulsMethode\" \/>\n<meta property=\"article:modified_time\" content=\"2025-08-18T12:43:36+00:00\" \/>\n<meta name=\"twitter:card\" content=\"summary_large_image\" \/>\n<meta name=\"twitter:label1\" content=\"Est. reading time\" \/>\n\t<meta name=\"twitter:data1\" content=\"2 minutes\" \/>\n<script type=\"application\/ld+json\" class=\"yoast-schema-graph\">{\"@context\":\"https:\\\/\\\/schema.org\",\"@graph\":[{\"@type\":\"WebPage\",\"@id\":\"https:\\\/\\\/impulsmethode.at\\\/7136-2\\\/\",\"url\":\"https:\\\/\\\/impulsmethode.at\\\/7136-2\\\/\",\"name\":\"Aktivgymnastik f\u00fcr Pferde | ImPuls\u2011Methode \u2013 Beweglichkeit & Kraft\",\"isPartOf\":{\"@id\":\"https:\\\/\\\/impulsmethode.at\\\/#website\"},\"datePublished\":\"2024-03-19T12:53:40+00:00\",\"dateModified\":\"2025-08-18T12:43:36+00:00\",\"description\":\"Aktivgymnastik nach der ImPuls\u2011Methode: verbessert Gelenkigkeit, ROM, Core-kraft, Stabilit\u00e4t und Koordination. Leicht erlernbar und spa\u00dfig f\u00fcr Pferde.\",\"breadcrumb\":{\"@id\":\"https:\\\/\\\/impulsmethode.at\\\/7136-2\\\/#breadcrumb\"},\"inLanguage\":\"en-AU\",\"potentialAction\":[{\"@type\":\"ReadAction\",\"target\":[\"https:\\\/\\\/impulsmethode.at\\\/7136-2\\\/\"]}]},{\"@type\":\"BreadcrumbList\",\"@id\":\"https:\\\/\\\/impulsmethode.at\\\/7136-2\\\/#breadcrumb\",\"itemListElement\":[{\"@type\":\"ListItem\",\"position\":1,\"name\":\"Home\",\"item\":\"https:\\\/\\\/impulsmethode.at\\\/\"},{\"@type\":\"ListItem\",\"position\":2,\"name\":\"Aktivgymnastik f\u00fcr Pferde | ImPuls\u2011Methode \u2013 Beweglichkeit &#038; Kraft\"}]},{\"@type\":\"WebSite\",\"@id\":\"https:\\\/\\\/impulsmethode.at\\\/#website\",\"url\":\"https:\\\/\\\/impulsmethode.at\\\/\",\"name\":\"ImPuls Methode\",\"description\":\"Weil du dein Pferd liebst\",\"publisher\":{\"@id\":\"https:\\\/\\\/impulsmethode.at\\\/#organization\"},\"potentialAction\":[{\"@type\":\"SearchAction\",\"target\":{\"@type\":\"EntryPoint\",\"urlTemplate\":\"https:\\\/\\\/impulsmethode.at\\\/?s={search_term_string}\"},\"query-input\":{\"@type\":\"PropertyValueSpecification\",\"valueRequired\":true,\"valueName\":\"search_term_string\"}}],\"inLanguage\":\"en-AU\"},{\"@type\":[\"Organization\",\"Place\"],\"@id\":\"https:\\\/\\\/impulsmethode.at\\\/#organization\",\"name\":\"ImPuls Methode\",\"url\":\"https:\\\/\\\/impulsmethode.at\\\/\",\"logo\":{\"@id\":\"https:\\\/\\\/impulsmethode.at\\\/7136-2\\\/#local-main-organization-logo\"},\"image\":{\"@id\":\"https:\\\/\\\/impulsmethode.at\\\/7136-2\\\/#local-main-organization-logo\"},\"sameAs\":[\"https:\\\/\\\/www.facebook.com\\\/ImPulsMethode\",\"https:\\\/\\\/www.instagram.com\\\/impulsmethode\\\/\",\"https:\\\/\\\/www.linkedin.com\\\/in\\\/adrienne-t-98349299\\\/\",\"https:\\\/\\\/www.youtube.com\\\/@impulsmethode768\",\"https:\\\/\\\/www.tiktok.com\\\/@impulsmethode\"],\"telephone\":[],\"openingHoursSpecification\":[{\"@type\":\"OpeningHoursSpecification\",\"dayOfWeek\":[\"Monday\",\"Tuesday\",\"Wednesday\",\"Thursday\",\"Friday\",\"Saturday\",\"Sunday\"],\"opens\":\"09:00\",\"closes\":\"17:00\"}]},{\"@type\":\"ImageObject\",\"inLanguage\":\"en-AU\",\"@id\":\"https:\\\/\\\/impulsmethode.at\\\/7136-2\\\/#local-main-organization-logo\",\"url\":\"https:\\\/\\\/impulsmethode.at\\\/wp-content\\\/uploads\\\/2022\\\/04\\\/impuls_methode_logo_dark.png\",\"contentUrl\":\"https:\\\/\\\/impulsmethode.at\\\/wp-content\\\/uploads\\\/2022\\\/04\\\/impuls_methode_logo_dark.png\",\"width\":750,\"height\":278,\"caption\":\"ImPuls Methode\"}]}<\/script>\n<!-- \/ Yoast SEO Premium plugin. -->","yoast_head_json":{"title":"Aktivgymnastik f\u00fcr Pferde | ImPuls\u2011Methode \u2013 Beweglichkeit & Kraft","description":"Aktivgymnastik nach der ImPuls\u2011Methode: verbessert Gelenkigkeit, ROM, Core-kraft, Stabilit\u00e4t und Koordination. Leicht erlernbar und spa\u00dfig f\u00fcr Pferde.","robots":{"index":"index","follow":"follow","max-snippet":"max-snippet:-1","max-image-preview":"max-image-preview:large","max-video-preview":"max-video-preview:-1"},"canonical":"https:\/\/impulsmethode.at\/en\/7136-2\/","og_locale":"en_US","og_type":"article","og_title":"Aktivgymnastik f\u00fcr Pferde | ImPuls\u2011Methode \u2013 Beweglichkeit & Kraft","og_description":"Aktivgymnastik nach der ImPuls\u2011Methode: verbessert Gelenkigkeit, ROM, Core-kraft, Stabilit\u00e4t und Koordination. Leicht erlernbar und spa\u00dfig f\u00fcr Pferde.","og_url":"https:\/\/impulsmethode.at\/en\/7136-2\/","og_site_name":"Impuls Methode","article_publisher":"https:\/\/www.facebook.com\/ImPulsMethode","article_modified_time":"2025-08-18T12:43:36+00:00","twitter_card":"summary_large_image","twitter_misc":{"Est. reading time":"2 minutes"},"schema":{"@context":"https:\/\/schema.org","@graph":[{"@type":"WebPage","@id":"https:\/\/impulsmethode.at\/7136-2\/","url":"https:\/\/impulsmethode.at\/7136-2\/","name":"Aktivgymnastik f\u00fcr Pferde | ImPuls\u2011Methode \u2013 Beweglichkeit & Kraft","isPartOf":{"@id":"https:\/\/impulsmethode.at\/#website"},"datePublished":"2024-03-19T12:53:40+00:00","dateModified":"2025-08-18T12:43:36+00:00","description":"Aktivgymnastik nach der ImPuls\u2011Methode: verbessert Gelenkigkeit, ROM, Core-kraft, Stabilit\u00e4t und Koordination. Leicht erlernbar und spa\u00dfig f\u00fcr Pferde.","breadcrumb":{"@id":"https:\/\/impulsmethode.at\/7136-2\/#breadcrumb"},"inLanguage":"en-AU","potentialAction":[{"@type":"ReadAction","target":["https:\/\/impulsmethode.at\/7136-2\/"]}]},{"@type":"BreadcrumbList","@id":"https:\/\/impulsmethode.at\/7136-2\/#breadcrumb","itemListElement":[{"@type":"ListItem","position":1,"name":"Home","item":"https:\/\/impulsmethode.at\/"},{"@type":"ListItem","position":2,"name":"Aktivgymnastik f\u00fcr Pferde | ImPuls\u2011Methode \u2013 Beweglichkeit &#038; Kraft"}]},{"@type":"WebSite","@id":"https:\/\/impulsmethode.at\/#website","url":"https:\/\/impulsmethode.at\/","name":"ImPuls method","description":"Because you love your horse","publisher":{"@id":"https:\/\/impulsmethode.at\/#organization"},"potentialAction":[{"@type":"SearchAction","target":{"@type":"EntryPoint","urlTemplate":"https:\/\/impulsmethode.at\/?s={search_term_string}"},"query-input":{"@type":"PropertyValueSpecification","valueRequired":true,"valueName":"search_term_string"}}],"inLanguage":"en-AU"},{"@type":["Organization","Place"],"@id":"https:\/\/impulsmethode.at\/#organization","name":"ImPuls method","url":"https:\/\/impulsmethode.at\/","logo":{"@id":"https:\/\/impulsmethode.at\/7136-2\/#local-main-organization-logo"},"image":{"@id":"https:\/\/impulsmethode.at\/7136-2\/#local-main-organization-logo"},"sameAs":["https:\/\/www.facebook.com\/ImPulsMethode","https:\/\/www.instagram.com\/impulsmethode\/","https:\/\/www.linkedin.com\/in\/adrienne-t-98349299\/","https:\/\/www.youtube.com\/@impulsmethode768","https:\/\/www.tiktok.com\/@impulsmethode"],"telephone":[],"openingHoursSpecification":[{"@type":"OpeningHoursSpecification","dayOfWeek":["Monday","Tuesday","Wednesday","Thursday","Friday","Saturday","Sunday"],"opens":"09:00","closes":"17:00"}]},{"@type":"ImageObject","inLanguage":"en-AU","@id":"https:\/\/impulsmethode.at\/7136-2\/#local-main-organization-logo","url":"https:\/\/impulsmethode.at\/wp-content\/uploads\/2022\/04\/impuls_methode_logo_dark.png","contentUrl":"https:\/\/impulsmethode.at\/wp-content\/uploads\/2022\/04\/impuls_methode_logo_dark.png","width":750,"height":278,"caption":"ImPuls Methode"}]}},"jetpack_sharing_enabled":true,"_links":{"self":[{"href":"https:\/\/impulsmethode.at\/en\/wp-json\/wp\/v2\/pages\/7136","targetHints":{"allow":["GET"]}}],"collection":[{"href":"https:\/\/impulsmethode.at\/en\/wp-json\/wp\/v2\/pages"}],"about":[{"href":"https:\/\/impulsmethode.at\/en\/wp-json\/wp\/v2\/types\/page"}],"author":[{"embeddable":true,"href":"https:\/\/impulsmethode.at\/en\/wp-json\/wp\/v2\/users\/2"}],"replies":[{"embeddable":true,"href":"https:\/\/impulsmethode.at\/en\/wp-json\/wp\/v2\/comments?post=7136"}],"version-history":[{"count":13,"href":"https:\/\/impulsmethode.at\/en\/wp-json\/wp\/v2\/pages\/7136\/revisions"}],"predecessor-version":[{"id":7470,"href":"https:\/\/impulsmethode.at\/en\/wp-json\/wp\/v2\/pages\/7136\/revisions\/7470"}],"wp:attachment":[{"href":"https:\/\/impulsmethode.at\/en\/wp-json\/wp\/v2\/media?parent=7136"}],"curies":[{"name":"wp","href":"https:\/\/api.w.org\/{rel}","templated":true}]}}