{"id":7123,"date":"2024-03-19T13:43:51","date_gmt":"2024-03-19T12:43:51","guid":{"rendered":"https:\/\/impulsmethode.at\/?page_id=7123"},"modified":"2025-08-18T15:34:16","modified_gmt":"2025-08-18T13:34:16","slug":"impuls-methode-bodywork-therapie-pferd","status":"publish","type":"page","link":"https:\/\/impulsmethode.at\/en\/impuls-methode-bodywork-therapie-pferd\/","title":{"rendered":"Bodywork"},"content":{"rendered":"<div id=\"fws_69d44fc5bcd96\"  data-column-margin=\"60px\" data-midnight=\"dark\"  class=\"wpb_row vc_row-fluid vc_row full-width-content vc_row-o-equal-height vc_row-flex vc_row-o-content-top  top_margin_-80px\"  style=\"padding-top: 50px; padding-bottom: 0px; \"><div class=\"row-bg-wrap\" data-bg-animation=\"none\" data-bg-overlay=\"false\"><div class=\"inner-wrap\"><div class=\"row-bg viewport-desktop using-bg-color\"  style=\"background-color: #ffffff; \"><\/div><\/div><\/div><div class=\"row_col_wrap_12 col span_12 dark left\">\n\t<div  class=\"vc_col-sm-2 wpb_column column_container vc_column_container col no-extra-padding inherit_tablet inherit_phone\"  data-padding-pos=\"all\" data-has-bg-color=\"false\" data-bg-color=\"\" data-bg-opacity=\"1\" data-animation=\"\" data-delay=\"0\" >\n\t\t<div class=\"vc_column-inner\" >\n\t\t\t<div class=\"wpb_wrapper\">\n\t\t\t\t\n\t\t\t<\/div> \n\t\t<\/div>\n\t<\/div> \n\n\t<div style=\"margin-top: -20px; \" class=\"vc_col-sm-8 wpb_column column_container vc_column_container col neg-marg has-animation no-extra-padding inherit_tablet inherit_phone\"  data-padding-pos=\"all\" data-has-bg-color=\"false\" data-bg-color=\"\" data-bg-opacity=\"1\" data-animation=\"fade-in\" data-delay=\"20\" >\n\t\t<div class=\"vc_column-inner\" >\n\t\t\t<div class=\"wpb_wrapper\">\n\t\t\t\t<div class=\"col span_12 section-title text-align-center extra-padding\"><h2>\n<h1 style=\"text-align: center\">Bodywork<\/h1>\n<\/h2><\/div><div class=\"clear\"><\/div>\n<div class=\"wpb_text_column wpb_content_element  vc_custom_1755523924722\" >\n\t<div class=\"wpb_wrapper\">\n\t\t<p>ImPuls Methode Bodywork ist eine innovative und sanfte Form der manuellen Therapie f\u00fcr Pferde, die weit \u00fcber herk\u00f6mmliche Massageans\u00e4tze hinausgeht. W\u00e4hrend klassische Massagetechniken wie Sportmassage, Shiatsu oder Myofascial Release sich auf einzelne K\u00f6rperpartien konzentrieren, nutzt unsere speziell entwickelte Routine eine ganzheitliche Vorgehensweise. Sie wirkt auf Muskulatur, Gelenke, Faszien und den gesamten Bewegungshaushalt, um Spannungen effektiv zu l\u00f6sen.<\/p>\n<p>Diese Technik ist \u00e4u\u00dferst schonend, wirkt aber tiefgreifend: Sie f\u00f6rdert die Durchblutung, verbessert den Bewegungsumfang (ROM) und setzt die k\u00f6rpereigenen Selbstheilungskr\u00e4fte in Bewegung. Regelm\u00e4\u00dfige Behandlungen helfen, das Pferd dauerhaft in den gesunden und ausgeglichenen Zustand zur\u00fcckzuf\u00fchren und diesen zu erhalten.<\/p>\n<p>F\u00fcr komplexe oder chronische F\u00e4lle bitten wir vor der ersten Behandlung um eine tier\u00e4rztliche Diagnose, um die bestm\u00f6gliche Betreuung zu gew\u00e4hrleisten. Die ImPuls Methode Bodywork erg\u00e4nzt das Gesundheitsteam Ihres Pferdes ideal und wird in enger Zusammenarbeit mit Tier\u00e4rztInnen, ChiropraktikerInnen, HufschmiedInnen, SattlerInnen und ReitlehrerInnen durchgef\u00fchrt. Nur wenn sich das Pferd in Balance f\u00fchlt, kann es seine volle Leistungsf\u00e4higkeit entfalten.<\/p>\n<p>Zus\u00e4tzlich lassen sich die Behandlungserfolge durch die Integration weiterer Module wie Energieausgleich und Aktivgymnastik\u00fcbungen noch nachhaltig verbessern.<\/p>\n\t<\/div>\n<\/div>\n\n\n\n\n\t\t\t<\/div> \n\t\t<\/div>\n\t<\/div> \n\n\t<div  class=\"vc_col-sm-2 wpb_column column_container vc_column_container col no-extra-padding inherit_tablet inherit_phone\"  data-padding-pos=\"all\" data-has-bg-color=\"false\" data-bg-color=\"\" data-bg-opacity=\"1\" data-animation=\"\" data-delay=\"0\" >\n\t\t<div class=\"vc_column-inner\" >\n\t\t\t<div class=\"wpb_wrapper\">\n\t\t\t\t\n\t\t\t<\/div> \n\t\t<\/div>\n\t<\/div> \n<\/div><\/div>\n\t\t<div id=\"fws_69d44fc5bdb65\"  data-column-margin=\"default\" data-midnight=\"dark\"  class=\"wpb_row vc_row-fluid vc_row  right_margin_-150px bottom_margin_-20px left_margin_-150px right_padding_100px left_padding_150px\"  style=\"padding-top: 0px; padding-bottom: 50px; \"><div class=\"row-bg-wrap\" data-bg-animation=\"none\" data-bg-overlay=\"false\"><div class=\"inner-wrap\"><div class=\"row-bg viewport-desktop using-bg-color\"  style=\"background-color: #ffffff; \"><\/div><\/div><\/div><div class=\"row_col_wrap_12 col span_12 dark left\">\n\t<div  class=\"vc_col-sm-12 wpb_column column_container vc_column_container col centered-text no-extra-padding inherit_tablet inherit_phone\"  data-padding-pos=\"all\" data-has-bg-color=\"false\" data-bg-color=\"\" data-bg-opacity=\"1\" data-animation=\"\" data-delay=\"0\" >\n\t\t<div class=\"vc_column-inner\" >\n\t\t\t<div class=\"wpb_wrapper\">\n\t\t\t\t\n\t<div class=\"wpb_gallery wpb_content_element clearfix\">\n\t\t<div class=\"wpb_wrapper\"><div class=\"wpb_gallery_slidesimage_grid\" data-onclick=\"link_image\" data-interval=\"5\">\n\n\t<div class=\"portfolio-wrap\">\n\n\t\t\t<span class=\"portfolio-loading\"><\/span>\n\n\t\t\t<div class=\"row portfolio-items no-masonry\" data-starting-filter=\"\" data-gutter=\"default\" data-masonry-type=\"default\" data-bypass-cropping=\"\"  data-ps=\"7\" data-loading=\"default\" data-categories-to-show=\"\" data-col-num=\"cols-4\">\n\n\n\n\t\n\t\t\t\t\t\t\t<div class=\"col span_3  element\" data-project-cat=\"\" data-default-color=\"true\" data-title-color=\"\" data-subtitle-color=\"\">\n\n\t\t\t\t\t\t\t<div class=\"inner-wrap animated\" data-animation=\"none\">\n\n\t\t\t\t\t\t\t\n\t\t\t\t\t\t\t<div class=\"work-item style-2\">\n\n\t\t\t\t\t\t\t\t<img loading=\"lazy\" decoding=\"async\" class=\"skip-lazy top-level-image\" src=\"https:\/\/impulsmethode.at\/wp-content\/uploads\/2022\/05\/426-jpeg-400x300.webp\" width=\"400\" height=\"300\" alt=\"426\" title=\"426\" \/>\n\t\t\t\t\t\t\t\t<div class=\"work-info-bg\"><\/div>\n\t\t\t\t\t\t\t\t<div class=\"work-info\">\n\n\n\t\t\t\t\t\t\t\t\t\t\t\t\t\t\t\t\t   \t\t\t <a href=\"https:\/\/impulsmethode.at\/wp-content\/uploads\/2022\/05\/426-jpeg.webp\" class=\"pretty_photo\"><\/a>\n\t\t\t\t\t\t\t\t   \t\t\n\t\t\t\t\t\t\t\t\t\t<div class=\"vert-center\">\n\t\t\t\t\t\t\t\t\t\t\t\t\t\t\t\t\t\t\t\t\t<\/div><!--\/vert-center-->\n\n\t\t\t\t\t\t\t\t\t\n\n\t\t\t\t\t\t\t\t<\/div>\n\t\t\t\t\t\t\t<\/div><!--work-item-->\n\n\t\t\t\t\t\t\n\n\t\t\t\t\t\t<\/div><\/div> \n\t\t\t\t\t\t\n\t\t\t\t\t\t\t<div class=\"col span_3  element\" data-project-cat=\"\" data-default-color=\"true\" data-title-color=\"\" data-subtitle-color=\"\">\n\n\t\t\t\t\t\t\t<div class=\"inner-wrap animated\" data-animation=\"none\">\n\n\t\t\t\t\t\t\t\n\t\t\t\t\t\t\t<div class=\"work-item style-2\">\n\n\t\t\t\t\t\t\t\t<img loading=\"lazy\" decoding=\"async\" class=\"skip-lazy top-level-image\" src=\"https:\/\/impulsmethode.at\/wp-content\/uploads\/2022\/05\/424-jpeg-400x300.webp\" width=\"400\" height=\"300\" alt=\"424\" title=\"424\" \/>\n\t\t\t\t\t\t\t\t<div class=\"work-info-bg\"><\/div>\n\t\t\t\t\t\t\t\t<div class=\"work-info\">\n\n\n\t\t\t\t\t\t\t\t\t\t\t\t\t\t\t\t\t   \t\t\t <a href=\"https:\/\/impulsmethode.at\/wp-content\/uploads\/2022\/05\/424-jpeg.webp\" class=\"pretty_photo\"><\/a>\n\t\t\t\t\t\t\t\t   \t\t\n\t\t\t\t\t\t\t\t\t\t<div class=\"vert-center\">\n\t\t\t\t\t\t\t\t\t\t\t\t\t\t\t\t\t\t\t\t\t<\/div><!--\/vert-center-->\n\n\t\t\t\t\t\t\t\t\t\n\n\t\t\t\t\t\t\t\t<\/div>\n\t\t\t\t\t\t\t<\/div><!--work-item-->\n\n\t\t\t\t\t\t\n\n\t\t\t\t\t\t<\/div><\/div> \n\t\t\t\t\t\t\n\t\t\t\t\t\t\t<div class=\"col span_3  element\" data-project-cat=\"\" data-default-color=\"true\" data-title-color=\"\" data-subtitle-color=\"\">\n\n\t\t\t\t\t\t\t<div class=\"inner-wrap animated\" data-animation=\"none\">\n\n\t\t\t\t\t\t\t\n\t\t\t\t\t\t\t<div class=\"work-item style-2\">\n\n\t\t\t\t\t\t\t\t<img loading=\"lazy\" decoding=\"async\" class=\"skip-lazy top-level-image\" src=\"https:\/\/impulsmethode.at\/wp-content\/uploads\/2022\/05\/425-jpeg-400x300.webp\" width=\"400\" height=\"300\" alt=\"425\" title=\"425\" \/>\n\t\t\t\t\t\t\t\t<div class=\"work-info-bg\"><\/div>\n\t\t\t\t\t\t\t\t<div class=\"work-info\">\n\n\n\t\t\t\t\t\t\t\t\t\t\t\t\t\t\t\t\t   \t\t\t <a href=\"https:\/\/impulsmethode.at\/wp-content\/uploads\/2022\/05\/425-jpeg.webp\" class=\"pretty_photo\"><\/a>\n\t\t\t\t\t\t\t\t   \t\t\n\t\t\t\t\t\t\t\t\t\t<div class=\"vert-center\">\n\t\t\t\t\t\t\t\t\t\t\t\t\t\t\t\t\t\t\t\t\t<\/div><!--\/vert-center-->\n\n\t\t\t\t\t\t\t\t\t\n\n\t\t\t\t\t\t\t\t<\/div>\n\t\t\t\t\t\t\t<\/div><!--work-item-->\n\n\t\t\t\t\t\t\n\n\t\t\t\t\t\t<\/div><\/div> \n\t\t\t\t\t\t\n\t\t\t\t\t\t\t<div class=\"col span_3  element\" data-project-cat=\"\" data-default-color=\"true\" data-title-color=\"\" data-subtitle-color=\"\">\n\n\t\t\t\t\t\t\t<div class=\"inner-wrap animated\" data-animation=\"none\">\n\n\t\t\t\t\t\t\t\n\t\t\t\t\t\t\t<div class=\"work-item style-2\">\n\n\t\t\t\t\t\t\t\t<img loading=\"lazy\" decoding=\"async\" class=\"skip-lazy top-level-image\" src=\"https:\/\/impulsmethode.at\/wp-content\/uploads\/2022\/05\/608-jpeg-400x300.webp\" width=\"400\" height=\"300\" alt=\"608\" title=\"608\" \/>\n\t\t\t\t\t\t\t\t<div class=\"work-info-bg\"><\/div>\n\t\t\t\t\t\t\t\t<div class=\"work-info\">\n\n\n\t\t\t\t\t\t\t\t\t\t\t\t\t\t\t\t\t   \t\t\t <a href=\"https:\/\/impulsmethode.at\/wp-content\/uploads\/2022\/05\/608-jpeg.webp\" class=\"pretty_photo\"><\/a>\n\t\t\t\t\t\t\t\t   \t\t\n\t\t\t\t\t\t\t\t\t\t<div class=\"vert-center\">\n\t\t\t\t\t\t\t\t\t\t\t\t\t\t\t\t\t\t\t\t\t<\/div><!--\/vert-center-->\n\n\t\t\t\t\t\t\t\t\t\n\n\t\t\t\t\t\t\t\t<\/div>\n\t\t\t\t\t\t\t<\/div><!--work-item-->\n\n\t\t\t\t\t\t\n\n\t\t\t\t\t\t<\/div><\/div> \n\t\t\t\t\t\t\n\t\t\t\t\t\t\t<div class=\"col span_3  element\" data-project-cat=\"\" data-default-color=\"true\" data-title-color=\"\" data-subtitle-color=\"\">\n\n\t\t\t\t\t\t\t<div class=\"inner-wrap animated\" data-animation=\"none\">\n\n\t\t\t\t\t\t\t\n\t\t\t\t\t\t\t<div class=\"work-item style-2\">\n\n\t\t\t\t\t\t\t\t<img loading=\"lazy\" decoding=\"async\" class=\"skip-lazy top-level-image\" src=\"https:\/\/impulsmethode.at\/wp-content\/uploads\/2022\/05\/297-jpeg-400x300.webp\" width=\"400\" height=\"300\" alt=\"297\" title=\"297\" \/>\n\t\t\t\t\t\t\t\t<div class=\"work-info-bg\"><\/div>\n\t\t\t\t\t\t\t\t<div class=\"work-info\">\n\n\n\t\t\t\t\t\t\t\t\t\t\t\t\t\t\t\t\t   \t\t\t <a href=\"https:\/\/impulsmethode.at\/wp-content\/uploads\/2022\/05\/297-jpeg.webp\" class=\"pretty_photo\"><\/a>\n\t\t\t\t\t\t\t\t   \t\t\n\t\t\t\t\t\t\t\t\t\t<div class=\"vert-center\">\n\t\t\t\t\t\t\t\t\t\t\t\t\t\t\t\t\t\t\t\t\t<\/div><!--\/vert-center-->\n\n\t\t\t\t\t\t\t\t\t\n\n\t\t\t\t\t\t\t\t<\/div>\n\t\t\t\t\t\t\t<\/div><!--work-item-->\n\n\t\t\t\t\t\t\n\n\t\t\t\t\t\t<\/div><\/div> \n\t\t\t\t\t\t\n\t\t\t\t\t\t\t<div class=\"col span_3  element\" data-project-cat=\"\" data-default-color=\"true\" data-title-color=\"\" data-subtitle-color=\"\">\n\n\t\t\t\t\t\t\t<div class=\"inner-wrap animated\" data-animation=\"none\">\n\n\t\t\t\t\t\t\t\n\t\t\t\t\t\t\t<div class=\"work-item style-2\">\n\n\t\t\t\t\t\t\t\t<img loading=\"lazy\" decoding=\"async\" class=\"skip-lazy top-level-image\" src=\"https:\/\/impulsmethode.at\/wp-content\/uploads\/2022\/05\/356-jpeg-400x300.webp\" width=\"400\" height=\"300\" alt=\"356\" title=\"356\" \/>\n\t\t\t\t\t\t\t\t<div class=\"work-info-bg\"><\/div>\n\t\t\t\t\t\t\t\t<div class=\"work-info\">\n\n\n\t\t\t\t\t\t\t\t\t\t\t\t\t\t\t\t\t   \t\t\t <a href=\"https:\/\/impulsmethode.at\/wp-content\/uploads\/2022\/05\/356-jpeg.webp\" class=\"pretty_photo\"><\/a>\n\t\t\t\t\t\t\t\t   \t\t\n\t\t\t\t\t\t\t\t\t\t<div class=\"vert-center\">\n\t\t\t\t\t\t\t\t\t\t\t\t\t\t\t\t\t\t\t\t\t<\/div><!--\/vert-center-->\n\n\t\t\t\t\t\t\t\t\t\n\n\t\t\t\t\t\t\t\t<\/div>\n\t\t\t\t\t\t\t<\/div><!--work-item-->\n\n\t\t\t\t\t\t\n\n\t\t\t\t\t\t<\/div><\/div> \n\t\t\t\t\t\t<\/div><\/div><\/div>\n\t\t<\/div> \n\t<\/div> \n\t\t\t<\/div> \n\t\t<\/div>\n\t<\/div> \n<\/div><\/div>","protected":false},"excerpt":{"rendered":"Bodywork ImPuls Methode Bodywork ist eine innovative und sanfte Form der manuellen Therapie f\u00fcr Pferde, die weit \u00fcber herk\u00f6mmliche Massageans\u00e4tze hinausgeht. W\u00e4hrend klassische Massagetechniken wie Sportmassage, Shiatsu oder Myofascial Release...","protected":false},"author":2,"featured_media":0,"parent":0,"menu_order":0,"comment_status":"closed","ping_status":"closed","template":"","meta":{"footnotes":""},"class_list":["post-7123","page","type-page","status-publish"],"yoast_head":"<!-- This site is optimized with the Yoast SEO Premium plugin v26.9 (Yoast SEO v27.3) - https:\/\/yoast.com\/product\/yoast-seo-premium-wordpress\/ -->\n<title>Bodywork - Impuls Methode<\/title>\n<meta name=\"description\" content=\"Erleben Sie die ImPuls Methode Bodywork \u2013 eine sanfte, ganzheitliche Pferdetherapie die Spannungen l\u00f6st, den Bewegungsumfang verbessert und die Selbstheilung aktiviert. F\u00fcr mehr Mobilit\u00e4t, Wohlbefinden und Leistungsf\u00e4higkeit.\" \/>\n<meta name=\"robots\" content=\"index, follow, max-snippet:-1, max-image-preview:large, max-video-preview:-1\" \/>\n<link rel=\"canonical\" href=\"https:\/\/impulsmethode.at\/en\/impuls-methode-bodywork-therapie-pferd\/\" \/>\n<meta property=\"og:locale\" content=\"en_US\" \/>\n<meta property=\"og:type\" content=\"article\" \/>\n<meta property=\"og:title\" content=\"Bodywork\" \/>\n<meta property=\"og:description\" content=\"Erleben Sie die ImPuls Methode Bodywork \u2013 eine sanfte, ganzheitliche Pferdetherapie die Spannungen l\u00f6st, den Bewegungsumfang verbessert und die Selbstheilung aktiviert. F\u00fcr mehr Mobilit\u00e4t, Wohlbefinden und Leistungsf\u00e4higkeit.\" \/>\n<meta property=\"og:url\" content=\"https:\/\/impulsmethode.at\/en\/impuls-methode-bodywork-therapie-pferd\/\" \/>\n<meta property=\"og:site_name\" content=\"Impuls Methode\" \/>\n<meta property=\"article:publisher\" content=\"https:\/\/www.facebook.com\/ImPulsMethode\" \/>\n<meta property=\"article:modified_time\" content=\"2025-08-18T13:34:16+00:00\" \/>\n<meta name=\"twitter:card\" content=\"summary_large_image\" \/>\n<meta name=\"twitter:label1\" content=\"Est. reading time\" \/>\n\t<meta name=\"twitter:data1\" content=\"4 minutes\" \/>\n<script type=\"application\/ld+json\" class=\"yoast-schema-graph\">{\"@context\":\"https:\\\/\\\/schema.org\",\"@graph\":[{\"@type\":\"WebPage\",\"@id\":\"https:\\\/\\\/impulsmethode.at\\\/impuls-methode-bodywork-therapie-pferd\\\/\",\"url\":\"https:\\\/\\\/impulsmethode.at\\\/impuls-methode-bodywork-therapie-pferd\\\/\",\"name\":\"Bodywork - Impuls Methode\",\"isPartOf\":{\"@id\":\"https:\\\/\\\/impulsmethode.at\\\/#website\"},\"datePublished\":\"2024-03-19T12:43:51+00:00\",\"dateModified\":\"2025-08-18T13:34:16+00:00\",\"description\":\"Erleben Sie die ImPuls Methode Bodywork \u2013 eine sanfte, ganzheitliche Pferdetherapie die Spannungen l\u00f6st, den Bewegungsumfang verbessert und die Selbstheilung aktiviert. F\u00fcr mehr Mobilit\u00e4t, Wohlbefinden und Leistungsf\u00e4higkeit.\",\"breadcrumb\":{\"@id\":\"https:\\\/\\\/impulsmethode.at\\\/impuls-methode-bodywork-therapie-pferd\\\/#breadcrumb\"},\"inLanguage\":\"en-AU\",\"potentialAction\":[{\"@type\":\"ReadAction\",\"target\":[\"https:\\\/\\\/impulsmethode.at\\\/impuls-methode-bodywork-therapie-pferd\\\/\"]}]},{\"@type\":\"BreadcrumbList\",\"@id\":\"https:\\\/\\\/impulsmethode.at\\\/impuls-methode-bodywork-therapie-pferd\\\/#breadcrumb\",\"itemListElement\":[{\"@type\":\"ListItem\",\"position\":1,\"name\":\"Home\",\"item\":\"https:\\\/\\\/impulsmethode.at\\\/\"},{\"@type\":\"ListItem\",\"position\":2,\"name\":\"Bodywork\"}]},{\"@type\":\"WebSite\",\"@id\":\"https:\\\/\\\/impulsmethode.at\\\/#website\",\"url\":\"https:\\\/\\\/impulsmethode.at\\\/\",\"name\":\"ImPuls Methode\",\"description\":\"Weil du dein Pferd liebst\",\"publisher\":{\"@id\":\"https:\\\/\\\/impulsmethode.at\\\/#organization\"},\"potentialAction\":[{\"@type\":\"SearchAction\",\"target\":{\"@type\":\"EntryPoint\",\"urlTemplate\":\"https:\\\/\\\/impulsmethode.at\\\/?s={search_term_string}\"},\"query-input\":{\"@type\":\"PropertyValueSpecification\",\"valueRequired\":true,\"valueName\":\"search_term_string\"}}],\"inLanguage\":\"en-AU\"},{\"@type\":[\"Organization\",\"Place\"],\"@id\":\"https:\\\/\\\/impulsmethode.at\\\/#organization\",\"name\":\"ImPuls Methode\",\"url\":\"https:\\\/\\\/impulsmethode.at\\\/\",\"logo\":{\"@id\":\"https:\\\/\\\/impulsmethode.at\\\/impuls-methode-bodywork-therapie-pferd\\\/#local-main-organization-logo\"},\"image\":{\"@id\":\"https:\\\/\\\/impulsmethode.at\\\/impuls-methode-bodywork-therapie-pferd\\\/#local-main-organization-logo\"},\"sameAs\":[\"https:\\\/\\\/www.facebook.com\\\/ImPulsMethode\",\"https:\\\/\\\/www.instagram.com\\\/impulsmethode\\\/\",\"https:\\\/\\\/www.linkedin.com\\\/in\\\/adrienne-t-98349299\\\/\",\"https:\\\/\\\/www.youtube.com\\\/@impulsmethode768\",\"https:\\\/\\\/www.tiktok.com\\\/@impulsmethode\"],\"telephone\":[],\"openingHoursSpecification\":[{\"@type\":\"OpeningHoursSpecification\",\"dayOfWeek\":[\"Monday\",\"Tuesday\",\"Wednesday\",\"Thursday\",\"Friday\",\"Saturday\",\"Sunday\"],\"opens\":\"09:00\",\"closes\":\"17:00\"}]},{\"@type\":\"ImageObject\",\"inLanguage\":\"en-AU\",\"@id\":\"https:\\\/\\\/impulsmethode.at\\\/impuls-methode-bodywork-therapie-pferd\\\/#local-main-organization-logo\",\"url\":\"https:\\\/\\\/impulsmethode.at\\\/wp-content\\\/uploads\\\/2022\\\/04\\\/impuls_methode_logo_dark.png\",\"contentUrl\":\"https:\\\/\\\/impulsmethode.at\\\/wp-content\\\/uploads\\\/2022\\\/04\\\/impuls_methode_logo_dark.png\",\"width\":750,\"height\":278,\"caption\":\"ImPuls Methode\"}]}<\/script>\n<!-- \/ Yoast SEO Premium plugin. -->","yoast_head_json":{"title":"Bodywork - Impulse Method","description":"Erleben Sie die ImPuls Methode Bodywork \u2013 eine sanfte, ganzheitliche Pferdetherapie die Spannungen l\u00f6st, den Bewegungsumfang verbessert und die Selbstheilung aktiviert. F\u00fcr mehr Mobilit\u00e4t, Wohlbefinden und Leistungsf\u00e4higkeit.","robots":{"index":"index","follow":"follow","max-snippet":"max-snippet:-1","max-image-preview":"max-image-preview:large","max-video-preview":"max-video-preview:-1"},"canonical":"https:\/\/impulsmethode.at\/en\/impuls-methode-bodywork-therapie-pferd\/","og_locale":"en_US","og_type":"article","og_title":"Bodywork","og_description":"Erleben Sie die ImPuls Methode Bodywork \u2013 eine sanfte, ganzheitliche Pferdetherapie die Spannungen l\u00f6st, den Bewegungsumfang verbessert und die Selbstheilung aktiviert. F\u00fcr mehr Mobilit\u00e4t, Wohlbefinden und Leistungsf\u00e4higkeit.","og_url":"https:\/\/impulsmethode.at\/en\/impuls-methode-bodywork-therapie-pferd\/","og_site_name":"Impuls Methode","article_publisher":"https:\/\/www.facebook.com\/ImPulsMethode","article_modified_time":"2025-08-18T13:34:16+00:00","twitter_card":"summary_large_image","twitter_misc":{"Est. reading time":"4 minutes"},"schema":{"@context":"https:\/\/schema.org","@graph":[{"@type":"WebPage","@id":"https:\/\/impulsmethode.at\/impuls-methode-bodywork-therapie-pferd\/","url":"https:\/\/impulsmethode.at\/impuls-methode-bodywork-therapie-pferd\/","name":"Bodywork - Impulse Method","isPartOf":{"@id":"https:\/\/impulsmethode.at\/#website"},"datePublished":"2024-03-19T12:43:51+00:00","dateModified":"2025-08-18T13:34:16+00:00","description":"Erleben Sie die ImPuls Methode Bodywork \u2013 eine sanfte, ganzheitliche Pferdetherapie die Spannungen l\u00f6st, den Bewegungsumfang verbessert und die Selbstheilung aktiviert. F\u00fcr mehr Mobilit\u00e4t, Wohlbefinden und Leistungsf\u00e4higkeit.","breadcrumb":{"@id":"https:\/\/impulsmethode.at\/impuls-methode-bodywork-therapie-pferd\/#breadcrumb"},"inLanguage":"en-AU","potentialAction":[{"@type":"ReadAction","target":["https:\/\/impulsmethode.at\/impuls-methode-bodywork-therapie-pferd\/"]}]},{"@type":"BreadcrumbList","@id":"https:\/\/impulsmethode.at\/impuls-methode-bodywork-therapie-pferd\/#breadcrumb","itemListElement":[{"@type":"ListItem","position":1,"name":"Home","item":"https:\/\/impulsmethode.at\/"},{"@type":"ListItem","position":2,"name":"Bodywork"}]},{"@type":"WebSite","@id":"https:\/\/impulsmethode.at\/#website","url":"https:\/\/impulsmethode.at\/","name":"ImPuls method","description":"Because you love your horse","publisher":{"@id":"https:\/\/impulsmethode.at\/#organization"},"potentialAction":[{"@type":"SearchAction","target":{"@type":"EntryPoint","urlTemplate":"https:\/\/impulsmethode.at\/?s={search_term_string}"},"query-input":{"@type":"PropertyValueSpecification","valueRequired":true,"valueName":"search_term_string"}}],"inLanguage":"en-AU"},{"@type":["Organization","Place"],"@id":"https:\/\/impulsmethode.at\/#organization","name":"ImPuls method","url":"https:\/\/impulsmethode.at\/","logo":{"@id":"https:\/\/impulsmethode.at\/impuls-methode-bodywork-therapie-pferd\/#local-main-organization-logo"},"image":{"@id":"https:\/\/impulsmethode.at\/impuls-methode-bodywork-therapie-pferd\/#local-main-organization-logo"},"sameAs":["https:\/\/www.facebook.com\/ImPulsMethode","https:\/\/www.instagram.com\/impulsmethode\/","https:\/\/www.linkedin.com\/in\/adrienne-t-98349299\/","https:\/\/www.youtube.com\/@impulsmethode768","https:\/\/www.tiktok.com\/@impulsmethode"],"telephone":[],"openingHoursSpecification":[{"@type":"OpeningHoursSpecification","dayOfWeek":["Monday","Tuesday","Wednesday","Thursday","Friday","Saturday","Sunday"],"opens":"09:00","closes":"17:00"}]},{"@type":"ImageObject","inLanguage":"en-AU","@id":"https:\/\/impulsmethode.at\/impuls-methode-bodywork-therapie-pferd\/#local-main-organization-logo","url":"https:\/\/impulsmethode.at\/wp-content\/uploads\/2022\/04\/impuls_methode_logo_dark.png","contentUrl":"https:\/\/impulsmethode.at\/wp-content\/uploads\/2022\/04\/impuls_methode_logo_dark.png","width":750,"height":278,"caption":"ImPuls Methode"}]}},"jetpack_sharing_enabled":true,"_links":{"self":[{"href":"https:\/\/impulsmethode.at\/en\/wp-json\/wp\/v2\/pages\/7123","targetHints":{"allow":["GET"]}}],"collection":[{"href":"https:\/\/impulsmethode.at\/en\/wp-json\/wp\/v2\/pages"}],"about":[{"href":"https:\/\/impulsmethode.at\/en\/wp-json\/wp\/v2\/types\/page"}],"author":[{"embeddable":true,"href":"https:\/\/impulsmethode.at\/en\/wp-json\/wp\/v2\/users\/2"}],"replies":[{"embeddable":true,"href":"https:\/\/impulsmethode.at\/en\/wp-json\/wp\/v2\/comments?post=7123"}],"version-history":[{"count":10,"href":"https:\/\/impulsmethode.at\/en\/wp-json\/wp\/v2\/pages\/7123\/revisions"}],"predecessor-version":[{"id":7473,"href":"https:\/\/impulsmethode.at\/en\/wp-json\/wp\/v2\/pages\/7123\/revisions\/7473"}],"wp:attachment":[{"href":"https:\/\/impulsmethode.at\/en\/wp-json\/wp\/v2\/media?parent=7123"}],"curies":[{"name":"wp","href":"https:\/\/api.w.org\/{rel}","templated":true}]}}