{"id":6486,"date":"2022-08-15T17:50:50","date_gmt":"2022-08-15T15:50:50","guid":{"rendered":"https:\/\/impulsmethode.at\/?page_id=6486"},"modified":"2024-09-11T15:46:31","modified_gmt":"2024-09-11T13:46:31","slug":"courses","status":"publish","type":"page","link":"https:\/\/impulsmethode.at\/en\/courses\/","title":{"rendered":"Courses"},"content":{"rendered":"<div id=\"fws_69e7ab4ec4b68\"  data-column-margin=\"default\" data-midnight=\"dark\"  class=\"wpb_row vc_row-fluid vc_row\"  style=\"padding-top: 0px; padding-bottom: 0px; \"><div class=\"row-bg-wrap\" data-bg-animation=\"none\" data-bg-overlay=\"false\"><div class=\"inner-wrap\"><div class=\"row-bg viewport-desktop\"  style=\"\"><\/div><\/div><\/div><div class=\"row_col_wrap_12 col span_12 dark left\">\n\t<div  class=\"vc_col-sm-12 wpb_column column_container vc_column_container col no-extra-padding inherit_tablet inherit_phone\"  data-padding-pos=\"all\" data-has-bg-color=\"false\" data-bg-color=\"\" data-bg-opacity=\"0.5\" data-animation=\"\" data-delay=\"0\" >\n\t\t<div class=\"vc_column-inner\" >\n\t\t\t<div class=\"wpb_wrapper\">\n\t\t\t\t\n\t\t\t<\/div> \n\t\t<\/div>\n\t<\/div> \n<\/div><\/div>\n\t\t<div id=\"fws_69e7ab4ec5277\"  data-column-margin=\"default\" data-midnight=\"dark\"  class=\"wpb_row vc_row-fluid vc_row\"  style=\"padding-top: 0px; padding-bottom: 0px; \"><div class=\"row-bg-wrap\" data-bg-animation=\"none\" data-bg-overlay=\"false\"><div class=\"inner-wrap\"><div class=\"row-bg viewport-desktop\"  style=\"\"><\/div><\/div><\/div><div class=\"row_col_wrap_12 col span_12 dark left\">\n\t<div style=\"\" class=\"vc_col-sm-12 wpb_column column_container vc_column_container col no-extra-padding inherit_tablet inherit_phone\" data-using-bg=\"true\" data-padding-pos=\"all\" data-has-bg-color=\"true\" data-bg-color=\"#4e7576\" data-bg-opacity=\"0.5\" data-animation=\"\" data-delay=\"0\" >\n\t\t<div class=\"vc_column-inner\" ><a class=\"column-link\" target=\"_self\" href=\"https:\/\/impulsmethode.at\/en\/horse-bodyworkers\/\"><span class=\"screen-reader-text\">Trained horse bodyworkers<\/span><\/a><div class=\"column-bg-overlay-wrap column-bg-layer\" data-bg-animation=\"none\"><div class=\"column-bg-overlay\" style=\"opacity: 0.5; background-color: #4e7576;\"><\/div><\/div>\n\t\t\t<div class=\"wpb_wrapper\">\n\t\t\t\t\n<div class=\"wpb_text_column wpb_content_element\" >\n\t<div class=\"wpb_wrapper\">\n\t\t<h3>Webinars:<\/h3>\n<h4><strong>**<\/strong><\/h4>\n<p><strong>On Wednesday 11 September at 7pm, I will be holding a short Zoom info evening about the Equine Bodyworker Diploma.<\/strong><\/p>\n<p><strong>This 2-year course is perfect for those looking to pursue a career in equine manual therapy.<\/strong><\/p>\n<p><strong>With live online seminars, workshops, case studies, veterinarians and other equine industry professionals, you will be provided with the most important information to not only be good, but GREAT at what you do.<\/strong><\/p>\n<p><strong>Adrienne is an international Equine Bodyworker with over 20 years of professional experience. Born in Australia, Adrienne now lives in the beautiful Tyrol.<\/strong><\/p>\n<p><strong>For more information, join the webinar.<\/strong><\/p>\n<div class=\"x11i5rnm xat24cr x1mh8g0r x1vvkbs xtlvy1s\">Topic: Diploma Horses Bodywork Info Session<br class=\"html-br\" \/>Time: Sep 11, 2024 07:00 PM Vienna<\/div>\n<div class=\"x11i5rnm xat24cr x1mh8g0r x1vvkbs xtlvy1s\">Join Zoom Meeting<br class=\"html-br\" \/><a class=\"x1i10hfl xjbqb8w x1ejq31n xd10rxx x1sy0etr x17r0tee x972fbf xcfux6l x1qhh985 xm0m39n x9f619 x1ypdohk xt0psk2 xe8uvvx xdj266r x11i5rnm xat24cr x1mh8g0r xexx8yu x4uap5 x18d9i69 xkhd6sd x16tdsg8 x1hl2dhg xggy1nq x1a2a7pz x1sur9pj xkrqix3 x1fey0fg x1s688f\" tabindex=\"0\" role=\"link\" href=\"https:\/\/us02web.zoom.us\/j\/3696836540?pwd=cG9SY09vTms0UjNLemVwdDIxcUpNUT09&amp;omn=81794472493&amp;fbclid=IwZXh0bgNhZW0CMTAAAR1HHJR-LWLmYPe-CBHass7tDgTTDNJK7J6jPDKqnsAd4VAchK3lfCwn53s_aem_1_7rBzmSrulVmFE5xM-TkQ\" target=\"_blank\" rel=\"nofollow noopener noreferrer\">https:\/\/us02web.zoom.us\/j\/3696836540&#8230;<\/a><\/div>\n<div class=\"x11i5rnm xat24cr x1mh8g0r x1vvkbs xtlvy1s\">Meeting ID: 369 683 6540<br class=\"html-br\" \/>Passcode: 429228<\/div>\n<p>&#8212;&#8211;<\/p>\n<p>&nbsp;<\/p>\n<p>We constantly offer a range of online courses suitable for all horse owners and riders. We aim to improve knowledge and provide tips to keep you and your horse fit and healthy - naturally!<\/p>\n<p>Our next free webinar will take place online on 6 June 2023!<\/p>\n<p><!--more--><\/p>\n<p>Webinar: CBD application for horses<\/p>\n<p>Adrienne Tomkinson, International Equine Bodyworker, shares her knowledge on the proper use of CBD for horses in a variety of situations. With up-to-date knowledge and an unbiased opinion, Adrienne is the leading expert in the DACH region when it comes to helping owners with their many questions about CBD.<\/p>\n<p>Adrienne uses scientific studies and practical case studies to show how and when CBD is useful.<span class=\"Apple-converted-space\">\u00a0<\/span><\/p>\n<ul>\n<li>How to choose the right CBD product<\/li>\n<li>How is CBD used for your horse?<\/li>\n<li>The right dosage for horses<\/li>\n<li>Recognising the effect of CBD<\/li>\n<li>Combining CBD products - dos &amp; don'ts<\/li>\n<li>Case studies<span class=\"Apple-converted-space\">\u00a0<\/span><\/li>\n<li>Q&amp;A and information exchange<\/li>\n<\/ul>\n<p>Cost: Free of charge<br \/>\nMore information &amp; registration can be found on the website: <a href=\"https:\/\/www.cbdpferd.com\/cbdanwendung\">cbdpferd.com\/cbdapplication<\/a><br \/>\nRegistration per <a href=\"https:\/\/impulsmethode.at\/en\/contact\/\">e-mail<\/a> here.<\/p>\n<p><!--more--><\/p>\n<p>Webinar: CBD basics for horse owners<\/p>\n<p>Equine bodywork expert Adrienne Tomkinson explains the facts about CBD, how it works in the body and how it can help with various musculoskeletal health issues.<\/p>\n<p>Adrienne uses scientific studies and practical case studies to show how and when CBD is useful.<\/p>\n<ul>\n<li>CBD - what is it?<\/li>\n<li>How can CBD help my horse?<\/li>\n<li>My horse has arthritis\/tendon injury\/blocked SI joint, can CBD help?<\/li>\n<li>What is the difference between oil and gels?<\/li>\n<li>How much CBD should I use?<\/li>\n<li>I have tried other CBD products, why is Balance Plus different?<\/li>\n<\/ul>\n<p>Cost: Free of charge<br \/>\nMore information &amp; registration can be found on the website: <a href=\"https:\/\/www.cbdpferd.com\/cbdbasic\">cbdpferd.com\/cbdbasic<\/a><br \/>\nRegistration per <a href=\"https:\/\/impulsmethode.at\/en\/contact\/\">e-mail<\/a> here.<\/p>\n<p><!--more--><\/p>\n<h3>Private courses:<\/h3>\n<p>For those who prefer to work with me on a one-to-one basis with a course specifically tailored to your desired results.<\/p>\n<p>Private lessons with Adrienne enable you to take the next steps to achieve your goals - either in sports conditioning, active gymnastics, personal fitness plans or to create more harmony between you and your horse.<\/p>\n<p>Private courses can take place online or on site, or a mixture of both, depending on where you live.<\/p>\n<p><a href=\"https:\/\/impulsmethode.at\/en\/contact\/\" target=\"_blank\" rel=\"noopener\">Book your personal consultation with Adrienne<\/a>to achieve your deepest partnership with your horse and improve both your performances.<\/p>\n<p><!--more--><\/p>\n<h3>Group courses:<\/h3>\n<p>Group courses are fun and a great way for like-minded people to benefit from learning together and supporting each other in the long term. Adrienne comes to your stable and gives group courses in anatomy, active gymnastics and energy work. The courses include a short theoretical part, followed by a practical part with your horse. Smaller groups are preferred so that each participant also receives individual counselling and instruction.<\/p>\n<p>Are you and your stable mates interested in courses with your own horses? <a href=\"https:\/\/impulsmethode.at\/en\/contact\/\" target=\"_blank\" rel=\"noopener\">Send us an email<\/a>.<\/p>\n<p><!--more--><\/p>\n<h3>Certificates in Bodywork:<\/h3>\n<p>Our bodywork courses are suspended until further notice. Adrienne is currently only offering customised 1:1 courses.<br \/>\nPlease email Adrienne to discuss how we can fulfil your needs.<\/p>\n<p>&nbsp;<\/p>\n<p><!--more--><\/p>\n<h3>Cannabidiol (CBD) in horses Branch:<\/h3>\n<p>We are currently working on courses on the subject of CBD in the equine sector.<\/p>\n<p>From 2024 with courses all about CBD, what it is, how it works, research and potential of CBD in the therapy industry and how to find the right dose for your purpose.<\/p>\n<p>Some courses will only be open to professionals.<\/p>\n<p>For early bird bookings and enquiries, please send a <a href=\"https:\/\/impulsmethode.at\/en\/contact\/\">E-mail<\/a> to Adrienne.<\/p>\n<p>&nbsp;<\/p>\n<p><!--more--><\/p>\n<h3>Diploma course:<\/h3>\n<p><b data-wp-editing=\"1\">ImPuls Method Horses Bodyworker<\/b><\/p>\n<p>Our diploma course is suspended until further notice. Adrienne is currently only offering customised 1:1 courses.<br \/>\nPlease email Adrienne to discuss how we can fulfil your needs.<\/p>\n<h3><!--more--><\/h3>\n<h3><b data-wp-editing=\"1\">ImPuls Method Horses Bodyworker:<\/b><\/h3>\n<p>ImPuls Method horse bodyworkers are qualified and follow the high quality standards of the ImPuls Method. We believe in values such as expertise, professionalism, specialist knowledge, honesty and a passion for horses.<\/p>\n<p>Click here for our list of qualified bodyworkers and their locations.<\/p>\n<p>If you would like to be listed here, please contact us for more information.<\/p>\n<p><a href=\"https:\/\/impulsmethode.at\/en\/horse-bodyworkers\/\">https:\/\/impulsmethode.at\/pferde-bodyworkerinnen\/<\/a><\/p>\n\t<\/div>\n<\/div>\n\n\n\n\n\t\t\t<\/div> \n\t\t<\/div>\n\t<\/div> \n<\/div><\/div>","protected":false},"excerpt":{"rendered":"<p>Webinars: ** Am Mittwoch, den 11.9. um 19 Uhr, halte ich einen kurzen Zoom-Infoabend \u00fcber das Diplom als Equine Bodyworker. Dieser 2-j\u00e4hrige Kurs ist perfekt f\u00fcr diejenigen, die eine Karriere&#8230;<\/p>","protected":false},"author":2,"featured_media":0,"parent":0,"menu_order":0,"comment_status":"closed","ping_status":"closed","template":"","meta":{"footnotes":""},"class_list":["post-6486","page","type-page","status-publish"],"yoast_head":"<!-- This site is optimized with the Yoast SEO Premium plugin v26.9 (Yoast SEO v27.4) - https:\/\/yoast.com\/product\/yoast-seo-premium-wordpress\/ -->\n<title>Kurse - Impuls Methode<\/title>\n<meta name=\"robots\" content=\"index, follow, max-snippet:-1, max-image-preview:large, max-video-preview:-1\" \/>\n<link rel=\"canonical\" href=\"https:\/\/impulsmethode.at\/en\/courses\/\" \/>\n<meta property=\"og:locale\" content=\"en_US\" \/>\n<meta property=\"og:type\" content=\"article\" \/>\n<meta property=\"og:title\" content=\"Kurse\" \/>\n<meta property=\"og:description\" content=\"Webinars: ** Am Mittwoch, den 11.9. um 19 Uhr, halte ich einen kurzen Zoom-Infoabend \u00fcber das Diplom als Equine Bodyworker. Dieser 2-j\u00e4hrige Kurs ist perfekt f\u00fcr diejenigen, die eine Karriere...\" \/>\n<meta property=\"og:url\" content=\"https:\/\/impulsmethode.at\/en\/courses\/\" \/>\n<meta property=\"og:site_name\" content=\"Impuls Methode\" \/>\n<meta property=\"article:publisher\" content=\"https:\/\/www.facebook.com\/ImPulsMethode\" \/>\n<meta property=\"article:modified_time\" content=\"2024-09-11T13:46:31+00:00\" \/>\n<meta name=\"twitter:card\" content=\"summary_large_image\" \/>\n<meta name=\"twitter:label1\" content=\"Est. reading time\" \/>\n\t<meta name=\"twitter:data1\" content=\"5 minutes\" \/>\n<script type=\"application\/ld+json\" class=\"yoast-schema-graph\">{\"@context\":\"https:\\\/\\\/schema.org\",\"@graph\":[{\"@type\":\"WebPage\",\"@id\":\"https:\\\/\\\/impulsmethode.at\\\/kurse\\\/\",\"url\":\"https:\\\/\\\/impulsmethode.at\\\/kurse\\\/\",\"name\":\"Kurse - Impuls Methode\",\"isPartOf\":{\"@id\":\"https:\\\/\\\/impulsmethode.at\\\/#website\"},\"datePublished\":\"2022-08-15T15:50:50+00:00\",\"dateModified\":\"2024-09-11T13:46:31+00:00\",\"breadcrumb\":{\"@id\":\"https:\\\/\\\/impulsmethode.at\\\/kurse\\\/#breadcrumb\"},\"inLanguage\":\"en-AU\",\"potentialAction\":[{\"@type\":\"ReadAction\",\"target\":[\"https:\\\/\\\/impulsmethode.at\\\/kurse\\\/\"]}]},{\"@type\":\"BreadcrumbList\",\"@id\":\"https:\\\/\\\/impulsmethode.at\\\/kurse\\\/#breadcrumb\",\"itemListElement\":[{\"@type\":\"ListItem\",\"position\":1,\"name\":\"Home\",\"item\":\"https:\\\/\\\/impulsmethode.at\\\/\"},{\"@type\":\"ListItem\",\"position\":2,\"name\":\"Kurse\"}]},{\"@type\":\"WebSite\",\"@id\":\"https:\\\/\\\/impulsmethode.at\\\/#website\",\"url\":\"https:\\\/\\\/impulsmethode.at\\\/\",\"name\":\"ImPuls Methode\",\"description\":\"Weil du dein Pferd liebst\",\"publisher\":{\"@id\":\"https:\\\/\\\/impulsmethode.at\\\/#organization\"},\"potentialAction\":[{\"@type\":\"SearchAction\",\"target\":{\"@type\":\"EntryPoint\",\"urlTemplate\":\"https:\\\/\\\/impulsmethode.at\\\/?s={search_term_string}\"},\"query-input\":{\"@type\":\"PropertyValueSpecification\",\"valueRequired\":true,\"valueName\":\"search_term_string\"}}],\"inLanguage\":\"en-AU\"},{\"@type\":[\"Organization\",\"Place\"],\"@id\":\"https:\\\/\\\/impulsmethode.at\\\/#organization\",\"name\":\"ImPuls Methode\",\"url\":\"https:\\\/\\\/impulsmethode.at\\\/\",\"logo\":{\"@id\":\"https:\\\/\\\/impulsmethode.at\\\/kurse\\\/#local-main-organization-logo\"},\"image\":{\"@id\":\"https:\\\/\\\/impulsmethode.at\\\/kurse\\\/#local-main-organization-logo\"},\"sameAs\":[\"https:\\\/\\\/www.facebook.com\\\/ImPulsMethode\",\"https:\\\/\\\/www.instagram.com\\\/impulsmethode\\\/\",\"https:\\\/\\\/www.linkedin.com\\\/in\\\/adrienne-t-98349299\\\/\",\"https:\\\/\\\/www.youtube.com\\\/@impulsmethode768\",\"https:\\\/\\\/www.tiktok.com\\\/@impulsmethode\"],\"telephone\":[],\"openingHoursSpecification\":[{\"@type\":\"OpeningHoursSpecification\",\"dayOfWeek\":[\"Monday\",\"Tuesday\",\"Wednesday\",\"Thursday\",\"Friday\",\"Saturday\",\"Sunday\"],\"opens\":\"09:00\",\"closes\":\"17:00\"}]},{\"@type\":\"ImageObject\",\"inLanguage\":\"en-AU\",\"@id\":\"https:\\\/\\\/impulsmethode.at\\\/kurse\\\/#local-main-organization-logo\",\"url\":\"https:\\\/\\\/impulsmethode.at\\\/wp-content\\\/uploads\\\/2022\\\/04\\\/impuls_methode_logo_dark.png\",\"contentUrl\":\"https:\\\/\\\/impulsmethode.at\\\/wp-content\\\/uploads\\\/2022\\\/04\\\/impuls_methode_logo_dark.png\",\"width\":750,\"height\":278,\"caption\":\"ImPuls Methode\"}]}<\/script>\n<!-- \/ Yoast SEO Premium plugin. -->","yoast_head_json":{"title":"Courses - Impulse Method","robots":{"index":"index","follow":"follow","max-snippet":"max-snippet:-1","max-image-preview":"max-image-preview:large","max-video-preview":"max-video-preview:-1"},"canonical":"https:\/\/impulsmethode.at\/en\/courses\/","og_locale":"en_US","og_type":"article","og_title":"Kurse","og_description":"Webinars: ** Am Mittwoch, den 11.9. um 19 Uhr, halte ich einen kurzen Zoom-Infoabend \u00fcber das Diplom als Equine Bodyworker. Dieser 2-j\u00e4hrige Kurs ist perfekt f\u00fcr diejenigen, die eine Karriere...","og_url":"https:\/\/impulsmethode.at\/en\/courses\/","og_site_name":"Impuls Methode","article_publisher":"https:\/\/www.facebook.com\/ImPulsMethode","article_modified_time":"2024-09-11T13:46:31+00:00","twitter_card":"summary_large_image","twitter_misc":{"Est. reading time":"5 minutes"},"schema":{"@context":"https:\/\/schema.org","@graph":[{"@type":"WebPage","@id":"https:\/\/impulsmethode.at\/kurse\/","url":"https:\/\/impulsmethode.at\/kurse\/","name":"Courses - Impulse Method","isPartOf":{"@id":"https:\/\/impulsmethode.at\/#website"},"datePublished":"2022-08-15T15:50:50+00:00","dateModified":"2024-09-11T13:46:31+00:00","breadcrumb":{"@id":"https:\/\/impulsmethode.at\/kurse\/#breadcrumb"},"inLanguage":"en-AU","potentialAction":[{"@type":"ReadAction","target":["https:\/\/impulsmethode.at\/kurse\/"]}]},{"@type":"BreadcrumbList","@id":"https:\/\/impulsmethode.at\/kurse\/#breadcrumb","itemListElement":[{"@type":"ListItem","position":1,"name":"Home","item":"https:\/\/impulsmethode.at\/"},{"@type":"ListItem","position":2,"name":"Kurse"}]},{"@type":"WebSite","@id":"https:\/\/impulsmethode.at\/#website","url":"https:\/\/impulsmethode.at\/","name":"ImPuls method","description":"Because you love your horse","publisher":{"@id":"https:\/\/impulsmethode.at\/#organization"},"potentialAction":[{"@type":"SearchAction","target":{"@type":"EntryPoint","urlTemplate":"https:\/\/impulsmethode.at\/?s={search_term_string}"},"query-input":{"@type":"PropertyValueSpecification","valueRequired":true,"valueName":"search_term_string"}}],"inLanguage":"en-AU"},{"@type":["Organization","Place"],"@id":"https:\/\/impulsmethode.at\/#organization","name":"ImPuls method","url":"https:\/\/impulsmethode.at\/","logo":{"@id":"https:\/\/impulsmethode.at\/kurse\/#local-main-organization-logo"},"image":{"@id":"https:\/\/impulsmethode.at\/kurse\/#local-main-organization-logo"},"sameAs":["https:\/\/www.facebook.com\/ImPulsMethode","https:\/\/www.instagram.com\/impulsmethode\/","https:\/\/www.linkedin.com\/in\/adrienne-t-98349299\/","https:\/\/www.youtube.com\/@impulsmethode768","https:\/\/www.tiktok.com\/@impulsmethode"],"telephone":[],"openingHoursSpecification":[{"@type":"OpeningHoursSpecification","dayOfWeek":["Monday","Tuesday","Wednesday","Thursday","Friday","Saturday","Sunday"],"opens":"09:00","closes":"17:00"}]},{"@type":"ImageObject","inLanguage":"en-AU","@id":"https:\/\/impulsmethode.at\/kurse\/#local-main-organization-logo","url":"https:\/\/impulsmethode.at\/wp-content\/uploads\/2022\/04\/impuls_methode_logo_dark.png","contentUrl":"https:\/\/impulsmethode.at\/wp-content\/uploads\/2022\/04\/impuls_methode_logo_dark.png","width":750,"height":278,"caption":"ImPuls Methode"}]}},"jetpack_sharing_enabled":true,"_links":{"self":[{"href":"https:\/\/impulsmethode.at\/en\/wp-json\/wp\/v2\/pages\/6486","targetHints":{"allow":["GET"]}}],"collection":[{"href":"https:\/\/impulsmethode.at\/en\/wp-json\/wp\/v2\/pages"}],"about":[{"href":"https:\/\/impulsmethode.at\/en\/wp-json\/wp\/v2\/types\/page"}],"author":[{"embeddable":true,"href":"https:\/\/impulsmethode.at\/en\/wp-json\/wp\/v2\/users\/2"}],"replies":[{"embeddable":true,"href":"https:\/\/impulsmethode.at\/en\/wp-json\/wp\/v2\/comments?post=6486"}],"version-history":[{"count":22,"href":"https:\/\/impulsmethode.at\/en\/wp-json\/wp\/v2\/pages\/6486\/revisions"}],"predecessor-version":[{"id":7248,"href":"https:\/\/impulsmethode.at\/en\/wp-json\/wp\/v2\/pages\/6486\/revisions\/7248"}],"wp:attachment":[{"href":"https:\/\/impulsmethode.at\/en\/wp-json\/wp\/v2\/media?parent=6486"}],"curies":[{"name":"wp","href":"https:\/\/api.w.org\/{rel}","templated":true}]}}