{"id":6374,"date":"2022-05-20T07:22:16","date_gmt":"2022-05-20T05:22:16","guid":{"rendered":"https:\/\/impulsmethode.at\/?page_id=6374"},"modified":"2025-09-01T18:08:23","modified_gmt":"2025-09-01T16:08:23","slug":"sports-training-plans","status":"publish","type":"page","link":"https:\/\/impulsmethode.at\/en\/services\/sports-training-plans\/","title":{"rendered":"Sports Training Plans"},"content":{"rendered":"<div id=\"fws_69f3960e4cc72\"  data-column-margin=\"default\" data-midnight=\"dark\" data-top-percent=\"2%\"  class=\"wpb_row vc_row-fluid vc_row full-width-content vc_row-o-equal-height vc_row-flex vc_row-o-content-top\"  style=\"padding-top: calc(100vw * 0.02); padding-bottom: 0px; \"><div class=\"row-bg-wrap\" data-bg-animation=\"none\" data-bg-overlay=\"false\"><div class=\"inner-wrap\"><div class=\"row-bg viewport-desktop using-bg-color\"  style=\"background-color: #ffffff; \"><\/div><\/div><\/div><div class=\"row_col_wrap_12 col span_12 dark left\">\n\t<div  class=\"vc_col-sm-2 wpb_column column_container vc_column_container col no-extra-padding inherit_tablet inherit_phone\"  data-padding-pos=\"all\" data-has-bg-color=\"false\" data-bg-color=\"\" data-bg-opacity=\"1\" data-animation=\"\" data-delay=\"0\" >\n\t\t<div class=\"vc_column-inner\" >\n\t\t\t<div class=\"wpb_wrapper\">\n\t\t\t\t\n\t\t\t<\/div> \n\t\t<\/div>\n\t<\/div> \n\n\t<div  class=\"vc_col-sm-8 wpb_column column_container vc_column_container col no-extra-padding inherit_tablet inherit_phone\"  data-padding-pos=\"all\" data-has-bg-color=\"false\" data-bg-color=\"\" data-bg-opacity=\"1\" data-animation=\"\" data-delay=\"0\" >\n\t\t<div class=\"vc_column-inner\" >\n\t\t\t<div class=\"wpb_wrapper\">\n\t\t\t\t\n<div class=\"wpb_text_column wpb_content_element  vc_custom_1756741904593\" >\n\t<div class=\"wpb_wrapper\">\n\t\t<p>Ihr Pferd wirkt unwohl oder nicht ganz leistungsf\u00e4hig? Rufen Sie mich an \u2014 ich erstelle Ihren pers\u00f6nlichen Sportkonditionierungsplan, ma\u00dfgeschneidert f\u00fcr Sie und Ihr Pferd.<\/p>\n<p>Was ich biete<br \/>\n&#8211; Individuelle Sportkonditionierungspl\u00e4ne, abgestimmt auf die Bed\u00fcrfnisse Ihres Pferdes und Ihre F\u00e4higkeiten als Reiter.<br \/>\n&#8211; Empfehlung: mindestens 3 Monate, damit Fortschritte nachhaltig und sicher aufgebaut werden. K\u00fcrzere oder l\u00e4ngere Pl\u00e4ne sind nat\u00fcrlich m\u00f6glich.<br \/>\n&#8211; Alle Pl\u00e4ne entstehen in Absprache mit Ihnen; monatliche Neubewertungen sind im ma\u00dfgeschneiderten Plan enthalten.<\/p>\n<p>So starten wir<br \/>\nZu Beginn ist eine Beurteilung Ihres Pferdes n\u00f6tig: eine visuelle Begutachtung von beiden Seiten sowie gerittene Beispiele. Au\u00dferdem besprechen wir Ihre Ziele \u2014 ob Wettkampfvorbereitung oder ein einfach angenehmeres, beschwerdefreies Reiten.<\/p>\n<p>Wobei ich helfe<br \/>\nMeine Sportkonditionierungspl\u00e4ne behandeln unter anderem: schwache Muskulatur, die R\u00fcckkehr an den Arbeitsplatz nach Verletzungen, Folgen von schlechtem Vortraining und viele andere Leistungs- oder Komfortprobleme.<\/p>\n<p>F\u00fcr Reiterinnen und Reiter<br \/>\nAdrienne ist auch Personal Trainerin f\u00fcr Menschen und hilft Ihnen, Ihre eigene Kondition gezielt zu verbessern \u2014 so reiten Sie kraftvoller, sicherer und effizienter.<\/p>\n<p>Kostenlose Erstberatung<br \/>\nKontaktieren Sie mich f\u00fcr eine unverbindliche und kostenlose Beratung. Gemeinsam erstellen wir einen Trainingsplan, der Ihrem Pferd und Ihnen zu mehr Fitness, Wohlbefinden und Leistungsf\u00e4higkeit verhilft.<\/p>\n<p>Buchen Sie Ihr Beratungsgespr\u00e4ch hier.<\/p>\n\t<\/div>\n<\/div>\n\n\n\n\n\t\t\t<\/div> \n\t\t<\/div>\n\t<\/div> \n\n\t<div  class=\"vc_col-sm-2 wpb_column column_container vc_column_container col no-extra-padding inherit_tablet inherit_phone\"  data-padding-pos=\"all\" data-has-bg-color=\"false\" data-bg-color=\"\" data-bg-opacity=\"1\" data-animation=\"\" data-delay=\"0\" >\n\t\t<div class=\"vc_column-inner\" >\n\t\t\t<div class=\"wpb_wrapper\">\n\t\t\t\t\n\t\t\t<\/div> \n\t\t<\/div>\n\t<\/div> \n<\/div><\/div>\n\t\t<div id=\"fws_69f3960e4d9c1\"  data-column-margin=\"default\" data-midnight=\"light\" data-top-percent=\"2%\" data-bottom-percent=\"2%\"  class=\"wpb_row vc_row-fluid vc_row full-width-section\"  style=\"padding-top: calc(100vw * 0.02); padding-bottom: calc(100vw * 0.02); \"><div class=\"row-bg-wrap\" data-bg-animation=\"none\" data-bg-overlay=\"false\"><div class=\"inner-wrap\"><div class=\"row-bg viewport-desktop using-bg-color\"  style=\"background-color: #ffffff; \"><\/div><\/div><\/div><div class=\"row_col_wrap_12 col span_12 light left\">\n\t<div  class=\"vc_col-sm-12 wpb_column column_container vc_column_container col no-extra-padding inherit_tablet inherit_phone\"  data-padding-pos=\"all\" data-has-bg-color=\"false\" data-bg-color=\"\" data-bg-opacity=\"1\" data-animation=\"\" data-delay=\"0\" >\n\t\t<div class=\"vc_column-inner\" >\n\t\t\t<div class=\"wpb_wrapper\">\n\t\t\t\t\n\t<div class=\"wpb_gallery wpb_content_element clearfix\">\n\t\t<div class=\"wpb_wrapper\"><div class=\"wpb_gallery_slidesimage_grid\" data-onclick=\"link_image\" data-interval=\"5\">\n\n\t<div class=\"portfolio-wrap\">\n\n\t\t\t<span class=\"portfolio-loading\"><\/span>\n\n\t\t\t<div class=\"row portfolio-items no-masonry\" data-starting-filter=\"\" data-gutter=\"default\" data-masonry-type=\"default\" data-bypass-cropping=\"\"  data-ps=\"7\" data-loading=\"default\" data-categories-to-show=\"\" data-col-num=\"cols-4\">\n\n\n\n\t\n\t\t\t\t\t\t\t<div class=\"col span_3  element\" data-project-cat=\"\" data-default-color=\"true\" data-title-color=\"\" data-subtitle-color=\"\">\n\n\t\t\t\t\t\t\t<div class=\"inner-wrap animated\" data-animation=\"none\">\n\n\t\t\t\t\t\t\t\n\t\t\t\t\t\t\t<div class=\"work-item style-2\">\n\n\t\t\t\t\t\t\t\t<img loading=\"lazy\" decoding=\"async\" class=\"skip-lazy top-level-image\" src=\"https:\/\/impulsmethode.at\/wp-content\/uploads\/2022\/05\/536-jpeg-400x300.webp\" width=\"400\" height=\"300\" alt=\"536\" title=\"536\" \/>\n\t\t\t\t\t\t\t\t<div class=\"work-info-bg\"><\/div>\n\t\t\t\t\t\t\t\t<div class=\"work-info\">\n\n\n\t\t\t\t\t\t\t\t\t\t\t\t\t\t\t\t\t   \t\t\t <a href=\"https:\/\/impulsmethode.at\/wp-content\/uploads\/2022\/05\/536-jpeg.webp\" class=\"pretty_photo\"><\/a>\n\t\t\t\t\t\t\t\t   \t\t\n\t\t\t\t\t\t\t\t\t\t<div class=\"vert-center\">\n\t\t\t\t\t\t\t\t\t\t\t\t\t\t\t\t\t\t\t\t\t<\/div><!--\/vert-center-->\n\n\t\t\t\t\t\t\t\t\t\n\n\t\t\t\t\t\t\t\t<\/div>\n\t\t\t\t\t\t\t<\/div><!--work-item-->\n\n\t\t\t\t\t\t\n\n\t\t\t\t\t\t<\/div><\/div> \n\t\t\t\t\t\t\n\t\t\t\t\t\t\t<div class=\"col span_3  element\" data-project-cat=\"\" data-default-color=\"true\" data-title-color=\"\" data-subtitle-color=\"\">\n\n\t\t\t\t\t\t\t<div class=\"inner-wrap animated\" data-animation=\"none\">\n\n\t\t\t\t\t\t\t\n\t\t\t\t\t\t\t<div class=\"work-item style-2\">\n\n\t\t\t\t\t\t\t\t<img loading=\"lazy\" decoding=\"async\" class=\"skip-lazy top-level-image\" src=\"https:\/\/impulsmethode.at\/wp-content\/uploads\/2022\/05\/230-jpeg-400x300.webp\" width=\"400\" height=\"300\" alt=\"230\" title=\"230\" \/>\n\t\t\t\t\t\t\t\t<div class=\"work-info-bg\"><\/div>\n\t\t\t\t\t\t\t\t<div class=\"work-info\">\n\n\n\t\t\t\t\t\t\t\t\t\t\t\t\t\t\t\t\t   \t\t\t <a href=\"https:\/\/impulsmethode.at\/wp-content\/uploads\/2022\/05\/230-jpeg.webp\" class=\"pretty_photo\"><\/a>\n\t\t\t\t\t\t\t\t   \t\t\n\t\t\t\t\t\t\t\t\t\t<div class=\"vert-center\">\n\t\t\t\t\t\t\t\t\t\t\t\t\t\t\t\t\t\t\t\t\t<\/div><!--\/vert-center-->\n\n\t\t\t\t\t\t\t\t\t\n\n\t\t\t\t\t\t\t\t<\/div>\n\t\t\t\t\t\t\t<\/div><!--work-item-->\n\n\t\t\t\t\t\t\n\n\t\t\t\t\t\t<\/div><\/div> \n\t\t\t\t\t\t\n\t\t\t\t\t\t\t<div class=\"col span_3  element\" data-project-cat=\"\" data-default-color=\"true\" data-title-color=\"\" data-subtitle-color=\"\">\n\n\t\t\t\t\t\t\t<div class=\"inner-wrap animated\" data-animation=\"none\">\n\n\t\t\t\t\t\t\t\n\t\t\t\t\t\t\t<div class=\"work-item style-2\">\n\n\t\t\t\t\t\t\t\t<img loading=\"lazy\" decoding=\"async\" class=\"skip-lazy top-level-image\" src=\"https:\/\/impulsmethode.at\/wp-content\/uploads\/2022\/05\/532-jpeg-400x300.webp\" width=\"400\" height=\"300\" alt=\"532\" title=\"532\" \/>\n\t\t\t\t\t\t\t\t<div class=\"work-info-bg\"><\/div>\n\t\t\t\t\t\t\t\t<div class=\"work-info\">\n\n\n\t\t\t\t\t\t\t\t\t\t\t\t\t\t\t\t\t   \t\t\t <a href=\"https:\/\/impulsmethode.at\/wp-content\/uploads\/2022\/05\/532-jpeg.webp\" class=\"pretty_photo\"><\/a>\n\t\t\t\t\t\t\t\t   \t\t\n\t\t\t\t\t\t\t\t\t\t<div class=\"vert-center\">\n\t\t\t\t\t\t\t\t\t\t\t\t\t\t\t\t\t\t\t\t\t<\/div><!--\/vert-center-->\n\n\t\t\t\t\t\t\t\t\t\n\n\t\t\t\t\t\t\t\t<\/div>\n\t\t\t\t\t\t\t<\/div><!--work-item-->\n\n\t\t\t\t\t\t\n\n\t\t\t\t\t\t<\/div><\/div> \n\t\t\t\t\t\t\n\t\t\t\t\t\t\t<div class=\"col span_3  element\" data-project-cat=\"\" data-default-color=\"true\" data-title-color=\"\" data-subtitle-color=\"\">\n\n\t\t\t\t\t\t\t<div class=\"inner-wrap animated\" data-animation=\"none\">\n\n\t\t\t\t\t\t\t\n\t\t\t\t\t\t\t<div class=\"work-item style-2\">\n\n\t\t\t\t\t\t\t\t<img loading=\"lazy\" decoding=\"async\" class=\"skip-lazy top-level-image\" src=\"https:\/\/impulsmethode.at\/wp-content\/uploads\/2022\/05\/531-jpeg-400x300.webp\" width=\"400\" height=\"300\" alt=\"531\" title=\"531\" \/>\n\t\t\t\t\t\t\t\t<div class=\"work-info-bg\"><\/div>\n\t\t\t\t\t\t\t\t<div class=\"work-info\">\n\n\n\t\t\t\t\t\t\t\t\t\t\t\t\t\t\t\t\t   \t\t\t <a href=\"https:\/\/impulsmethode.at\/wp-content\/uploads\/2022\/05\/531-jpeg.webp\" class=\"pretty_photo\"><\/a>\n\t\t\t\t\t\t\t\t   \t\t\n\t\t\t\t\t\t\t\t\t\t<div class=\"vert-center\">\n\t\t\t\t\t\t\t\t\t\t\t\t\t\t\t\t\t\t\t\t\t<\/div><!--\/vert-center-->\n\n\t\t\t\t\t\t\t\t\t\n\n\t\t\t\t\t\t\t\t<\/div>\n\t\t\t\t\t\t\t<\/div><!--work-item-->\n\n\t\t\t\t\t\t\n\n\t\t\t\t\t\t<\/div><\/div> \n\t\t\t\t\t\t\n\t\t\t\t\t\t\t<div class=\"col span_3  element\" data-project-cat=\"\" data-default-color=\"true\" data-title-color=\"\" data-subtitle-color=\"\">\n\n\t\t\t\t\t\t\t<div class=\"inner-wrap animated\" data-animation=\"none\">\n\n\t\t\t\t\t\t\t\n\t\t\t\t\t\t\t<div class=\"work-item style-2\">\n\n\t\t\t\t\t\t\t\t<img loading=\"lazy\" decoding=\"async\" class=\"skip-lazy top-level-image\" src=\"https:\/\/impulsmethode.at\/wp-content\/uploads\/2022\/05\/60-jpeg-400x300.webp\" width=\"400\" height=\"300\" alt=\"60\" title=\"60\" \/>\n\t\t\t\t\t\t\t\t<div class=\"work-info-bg\"><\/div>\n\t\t\t\t\t\t\t\t<div class=\"work-info\">\n\n\n\t\t\t\t\t\t\t\t\t\t\t\t\t\t\t\t\t   \t\t\t <a href=\"https:\/\/impulsmethode.at\/wp-content\/uploads\/2022\/05\/60-jpeg.webp\" class=\"pretty_photo\"><\/a>\n\t\t\t\t\t\t\t\t   \t\t\n\t\t\t\t\t\t\t\t\t\t<div class=\"vert-center\">\n\t\t\t\t\t\t\t\t\t\t\t\t\t\t\t\t\t\t\t\t\t<\/div><!--\/vert-center-->\n\n\t\t\t\t\t\t\t\t\t\n\n\t\t\t\t\t\t\t\t<\/div>\n\t\t\t\t\t\t\t<\/div><!--work-item-->\n\n\t\t\t\t\t\t\n\n\t\t\t\t\t\t<\/div><\/div> \n\t\t\t\t\t\t\n\t\t\t\t\t\t\t<div class=\"col span_3  element\" data-project-cat=\"\" data-default-color=\"true\" data-title-color=\"\" data-subtitle-color=\"\">\n\n\t\t\t\t\t\t\t<div class=\"inner-wrap animated\" data-animation=\"none\">\n\n\t\t\t\t\t\t\t\n\t\t\t\t\t\t\t<div class=\"work-item style-2\">\n\n\t\t\t\t\t\t\t\t<img loading=\"lazy\" decoding=\"async\" class=\"skip-lazy top-level-image\" src=\"https:\/\/impulsmethode.at\/wp-content\/uploads\/2022\/05\/85-jpeg-400x300.webp\" width=\"400\" height=\"300\" alt=\"85\" title=\"85\" \/>\n\t\t\t\t\t\t\t\t<div class=\"work-info-bg\"><\/div>\n\t\t\t\t\t\t\t\t<div class=\"work-info\">\n\n\n\t\t\t\t\t\t\t\t\t\t\t\t\t\t\t\t\t   \t\t\t <a href=\"https:\/\/impulsmethode.at\/wp-content\/uploads\/2022\/05\/85-jpeg.webp\" class=\"pretty_photo\"><\/a>\n\t\t\t\t\t\t\t\t   \t\t\n\t\t\t\t\t\t\t\t\t\t<div class=\"vert-center\">\n\t\t\t\t\t\t\t\t\t\t\t\t\t\t\t\t\t\t\t\t\t<\/div><!--\/vert-center-->\n\n\t\t\t\t\t\t\t\t\t\n\n\t\t\t\t\t\t\t\t<\/div>\n\t\t\t\t\t\t\t<\/div><!--work-item-->\n\n\t\t\t\t\t\t\n\n\t\t\t\t\t\t<\/div><\/div> \n\t\t\t\t\t\t<\/div><\/div><\/div>\n\t\t<\/div> \n\t<\/div> \n\t\t\t<\/div> \n\t\t<\/div>\n\t<\/div> \n<\/div><\/div>\n\t\t<div id=\"fws_69f3960e4fdbf\"  data-column-margin=\"default\" data-midnight=\"light\" data-top-percent=\"10%\" data-bottom-percent=\"10%\"  data-bg-mobile-hidden=\"true\" class=\"wpb_row vc_row-fluid vc_row full-width-section parallax_section\"  style=\"padding-top: calc(100vw * 0.10); padding-bottom: calc(100vw * 0.10); \"><div class=\"row-bg-wrap\" data-bg-animation=\"none\" data-bg-overlay=\"true\"><div class=\"inner-wrap using-image\"><div class=\"row-bg viewport-desktop using-image using-bg-color\" data-parallax-speed=\"fast\" style=\"background-image: url(https:\/\/impulsmethode.at\/wp-content\/uploads\/2022\/04\/young-woman-equestrian-training-riding-protection-horse-rider-helmet-arena-country-equitation_t20_E0ye3Z-scaled-jpg.webp); background-position: left top; background-repeat: no-repeat; background-color: #383838; \"><\/div><\/div><div class=\"row-bg-overlay\" style=\"background-color:#000000;  opacity: 0.5; \"><\/div><\/div><div class=\"row_col_wrap_12 col span_12 light left\">\n\t<div  class=\"vc_col-sm-12 wpb_column column_container vc_column_container col has-animation no-extra-padding inherit_tablet inherit_phone\"  data-padding-pos=\"all\" data-has-bg-color=\"false\" data-bg-color=\"\" data-bg-opacity=\"1\" data-animation=\"grow-in\" data-delay=\"0\" >\n\t\t<div class=\"vc_column-inner\" >\n\t\t\t<div class=\"wpb_wrapper\">\n\t\t\t\t<div class=\"testimonial_slider span_12 col font_line_height_1-5 disable-height-animation\" data-color=\"\"  data-rating-color=\"accent-color\" data-add-border=\"\" data-autorotate=\"5000\" data-style=\"default\" ><div class=\"slides\"><blockquote> <div data-shadow=\"\" class=\"image-icon has-bg\" style=\"background-image: url(https:\/\/impulsmethode.at\/wp-content\/uploads\/2022\/04\/ko\u0308ssler-300x300.jpeg);\">&#8220;<\/div> <p>\"In my almost 40 years of practice as an equine vet, I have never met anyone who supports my treatments as well as Adrienne, and because of her knowledge, her experience and her great passion for horses, I trust in the new massage gel with CBD - an active ingredient that is already used successfully in equine therapy in many ways.\"<span class=\"star-rating-wrap\"> <span class=\"star-rating\"><span style=\"width: 100%;\" class=\"filled\"><\/span><\/span><\/span> <span class=\"bottom-arrow\"><\/span><\/p><span class=\"testimonial-name\">Dr med. vet. Josef K\u00f6ssler<\/span><span class=\"title\">Specialist vet for horses (FEI), chiropractor (IAVC), Tyrol A<\/span><\/blockquote><blockquote> <div data-shadow=\"\" class=\"image-icon has-bg\" style=\"background-image: url(https:\/\/impulsmethode.at\/wp-content\/uploads\/2022\/04\/bruno_holzknecht-300x300.jpeg);\">&#8220;<\/div> <p>Unfortunately it happened that after a farrier change my horses were shod incorrectly for two years.<br \/>\nThis has caused a lot of tension and blockages to build up in my horses throughout their bodies, despite solid and very fine riding.<br \/>\nIt is incredible what Mrs Tomkinson has achieved with her eye, expertise and hands. Simply great. The horses are almost equally relaxed again on both sides, want to work again, have fun again. She knows her trade, THANK YOU !!!<br \/>\nNot forgetting the CBD gel. You only need a very small amount, no oil stains form, it is really absorbed and does its job.<br \/>\nThanks to Mrs Tomkinson's expert instructions on exactly where and how to rub it in, the effect is perfect.<span class=\"star-rating-wrap\"> <span class=\"star-rating\"><span style=\"width: 100%;\" class=\"filled\"><\/span><\/span><\/span> <span class=\"bottom-arrow\"><\/span><\/p><span class=\"testimonial-name\">Bruno Holzknecht and Captain Winny<\/span><span class=\"title\">Show jumping and dressage rider, state-certified professional rider<\/span><\/blockquote><\/div><\/div>\n\t\t\t<\/div> \n\t\t<\/div>\n\t<\/div> \n<\/div><\/div>","protected":false},"excerpt":{"rendered":"Ihr Pferd wirkt unwohl oder nicht ganz leistungsf\u00e4hig? Rufen Sie mich an \u2014 ich erstelle Ihren pers\u00f6nlichen Sportkonditionierungsplan, ma\u00dfgeschneidert f\u00fcr Sie und Ihr Pferd. Was ich biete - Individuelle Sportkonditionierungspl\u00e4ne,...","protected":false},"author":1,"featured_media":0,"parent":6290,"menu_order":0,"comment_status":"closed","ping_status":"closed","template":"","meta":{"footnotes":""},"class_list":["post-6374","page","type-page","status-publish"],"yoast_head":"<!-- This site is optimized with the Yoast SEO Premium plugin v26.9 (Yoast SEO v27.5) - https:\/\/yoast.com\/product\/yoast-seo-premium-wordpress\/ -->\n<title>Sports Trainings Plans - Impuls Methode<\/title>\n<meta name=\"description\" content=\"Ma\u00dfgeschneiderte Sportkonditionierungspl\u00e4ne f\u00fcr Pferd &amp; Reiter. Ab 3 Monaten mit monatlichen Neubewertungen, Rehabilitation und Reiter-Fitnesstraining.\" \/>\n<meta name=\"robots\" content=\"index, follow, max-snippet:-1, max-image-preview:large, max-video-preview:-1\" \/>\n<link rel=\"canonical\" href=\"https:\/\/impulsmethode.at\/en\/services\/sports-training-plans\/\" \/>\n<meta property=\"og:locale\" content=\"en_US\" \/>\n<meta property=\"og:type\" content=\"article\" \/>\n<meta property=\"og:title\" content=\"Sports Trainings Plans\" \/>\n<meta property=\"og:description\" content=\"Ma\u00dfgeschneiderte Sportkonditionierungspl\u00e4ne f\u00fcr Pferd &amp; Reiter. Ab 3 Monaten mit monatlichen Neubewertungen, Rehabilitation und Reiter-Fitnesstraining.\" \/>\n<meta property=\"og:url\" content=\"https:\/\/impulsmethode.at\/en\/services\/sports-training-plans\/\" \/>\n<meta property=\"og:site_name\" content=\"Impuls Methode\" \/>\n<meta property=\"article:publisher\" content=\"https:\/\/www.facebook.com\/ImPulsMethode\" \/>\n<meta property=\"article:modified_time\" content=\"2025-09-01T16:08:23+00:00\" \/>\n<meta name=\"twitter:card\" content=\"summary_large_image\" \/>\n<meta name=\"twitter:label1\" content=\"Est. reading time\" \/>\n\t<meta name=\"twitter:data1\" content=\"6 minutes\" \/>\n<script type=\"application\/ld+json\" class=\"yoast-schema-graph\">{\"@context\":\"https:\\\/\\\/schema.org\",\"@graph\":[{\"@type\":\"WebPage\",\"@id\":\"https:\\\/\\\/impulsmethode.at\\\/leistungen\\\/sports-trainings-plans\\\/\",\"url\":\"https:\\\/\\\/impulsmethode.at\\\/leistungen\\\/sports-trainings-plans\\\/\",\"name\":\"Sports Trainings Plans - Impuls Methode\",\"isPartOf\":{\"@id\":\"https:\\\/\\\/impulsmethode.at\\\/#website\"},\"datePublished\":\"2022-05-20T05:22:16+00:00\",\"dateModified\":\"2025-09-01T16:08:23+00:00\",\"description\":\"Ma\u00dfgeschneiderte Sportkonditionierungspl\u00e4ne f\u00fcr Pferd & Reiter. Ab 3 Monaten mit monatlichen Neubewertungen, Rehabilitation und Reiter-Fitnesstraining.\",\"breadcrumb\":{\"@id\":\"https:\\\/\\\/impulsmethode.at\\\/leistungen\\\/sports-trainings-plans\\\/#breadcrumb\"},\"inLanguage\":\"en-AU\",\"potentialAction\":[{\"@type\":\"ReadAction\",\"target\":[\"https:\\\/\\\/impulsmethode.at\\\/leistungen\\\/sports-trainings-plans\\\/\"]}]},{\"@type\":\"BreadcrumbList\",\"@id\":\"https:\\\/\\\/impulsmethode.at\\\/leistungen\\\/sports-trainings-plans\\\/#breadcrumb\",\"itemListElement\":[{\"@type\":\"ListItem\",\"position\":1,\"name\":\"Home\",\"item\":\"https:\\\/\\\/impulsmethode.at\\\/\"},{\"@type\":\"ListItem\",\"position\":2,\"name\":\"Leistungen\",\"item\":\"https:\\\/\\\/impulsmethode.at\\\/leistungen\\\/\"},{\"@type\":\"ListItem\",\"position\":3,\"name\":\"Sports Trainings Plans\"}]},{\"@type\":\"WebSite\",\"@id\":\"https:\\\/\\\/impulsmethode.at\\\/#website\",\"url\":\"https:\\\/\\\/impulsmethode.at\\\/\",\"name\":\"ImPuls Methode\",\"description\":\"Weil du dein Pferd liebst\",\"publisher\":{\"@id\":\"https:\\\/\\\/impulsmethode.at\\\/#organization\"},\"potentialAction\":[{\"@type\":\"SearchAction\",\"target\":{\"@type\":\"EntryPoint\",\"urlTemplate\":\"https:\\\/\\\/impulsmethode.at\\\/?s={search_term_string}\"},\"query-input\":{\"@type\":\"PropertyValueSpecification\",\"valueRequired\":true,\"valueName\":\"search_term_string\"}}],\"inLanguage\":\"en-AU\"},{\"@type\":[\"Organization\",\"Place\"],\"@id\":\"https:\\\/\\\/impulsmethode.at\\\/#organization\",\"name\":\"ImPuls Methode\",\"url\":\"https:\\\/\\\/impulsmethode.at\\\/\",\"logo\":{\"@id\":\"https:\\\/\\\/impulsmethode.at\\\/leistungen\\\/sports-trainings-plans\\\/#local-main-organization-logo\"},\"image\":{\"@id\":\"https:\\\/\\\/impulsmethode.at\\\/leistungen\\\/sports-trainings-plans\\\/#local-main-organization-logo\"},\"sameAs\":[\"https:\\\/\\\/www.facebook.com\\\/ImPulsMethode\",\"https:\\\/\\\/www.instagram.com\\\/impulsmethode\\\/\",\"https:\\\/\\\/www.linkedin.com\\\/in\\\/adrienne-t-98349299\\\/\",\"https:\\\/\\\/www.youtube.com\\\/@impulsmethode768\",\"https:\\\/\\\/www.tiktok.com\\\/@impulsmethode\"],\"telephone\":[],\"openingHoursSpecification\":[{\"@type\":\"OpeningHoursSpecification\",\"dayOfWeek\":[\"Monday\",\"Tuesday\",\"Wednesday\",\"Thursday\",\"Friday\",\"Saturday\",\"Sunday\"],\"opens\":\"09:00\",\"closes\":\"17:00\"}]},{\"@type\":\"ImageObject\",\"inLanguage\":\"en-AU\",\"@id\":\"https:\\\/\\\/impulsmethode.at\\\/leistungen\\\/sports-trainings-plans\\\/#local-main-organization-logo\",\"url\":\"https:\\\/\\\/impulsmethode.at\\\/wp-content\\\/uploads\\\/2022\\\/04\\\/impuls_methode_logo_dark.png\",\"contentUrl\":\"https:\\\/\\\/impulsmethode.at\\\/wp-content\\\/uploads\\\/2022\\\/04\\\/impuls_methode_logo_dark.png\",\"width\":750,\"height\":278,\"caption\":\"ImPuls Methode\"}]}<\/script>\n<!-- \/ Yoast SEO Premium plugin. -->","yoast_head_json":{"title":"Sports Training Plans - Impulse Method","description":"Ma\u00dfgeschneiderte Sportkonditionierungspl\u00e4ne f\u00fcr Pferd & Reiter. Ab 3 Monaten mit monatlichen Neubewertungen, Rehabilitation und Reiter-Fitnesstraining.","robots":{"index":"index","follow":"follow","max-snippet":"max-snippet:-1","max-image-preview":"max-image-preview:large","max-video-preview":"max-video-preview:-1"},"canonical":"https:\/\/impulsmethode.at\/en\/services\/sports-training-plans\/","og_locale":"en_US","og_type":"article","og_title":"Sports Trainings Plans","og_description":"Ma\u00dfgeschneiderte Sportkonditionierungspl\u00e4ne f\u00fcr Pferd & Reiter. Ab 3 Monaten mit monatlichen Neubewertungen, Rehabilitation und Reiter-Fitnesstraining.","og_url":"https:\/\/impulsmethode.at\/en\/services\/sports-training-plans\/","og_site_name":"Impuls Methode","article_publisher":"https:\/\/www.facebook.com\/ImPulsMethode","article_modified_time":"2025-09-01T16:08:23+00:00","twitter_card":"summary_large_image","twitter_misc":{"Est. reading time":"6 minutes"},"schema":{"@context":"https:\/\/schema.org","@graph":[{"@type":"WebPage","@id":"https:\/\/impulsmethode.at\/leistungen\/sports-trainings-plans\/","url":"https:\/\/impulsmethode.at\/leistungen\/sports-trainings-plans\/","name":"Sports Training Plans - Impulse Method","isPartOf":{"@id":"https:\/\/impulsmethode.at\/#website"},"datePublished":"2022-05-20T05:22:16+00:00","dateModified":"2025-09-01T16:08:23+00:00","description":"Ma\u00dfgeschneiderte Sportkonditionierungspl\u00e4ne f\u00fcr Pferd & Reiter. Ab 3 Monaten mit monatlichen Neubewertungen, Rehabilitation und Reiter-Fitnesstraining.","breadcrumb":{"@id":"https:\/\/impulsmethode.at\/leistungen\/sports-trainings-plans\/#breadcrumb"},"inLanguage":"en-AU","potentialAction":[{"@type":"ReadAction","target":["https:\/\/impulsmethode.at\/leistungen\/sports-trainings-plans\/"]}]},{"@type":"BreadcrumbList","@id":"https:\/\/impulsmethode.at\/leistungen\/sports-trainings-plans\/#breadcrumb","itemListElement":[{"@type":"ListItem","position":1,"name":"Home","item":"https:\/\/impulsmethode.at\/"},{"@type":"ListItem","position":2,"name":"Leistungen","item":"https:\/\/impulsmethode.at\/leistungen\/"},{"@type":"ListItem","position":3,"name":"Sports Trainings Plans"}]},{"@type":"WebSite","@id":"https:\/\/impulsmethode.at\/#website","url":"https:\/\/impulsmethode.at\/","name":"ImPuls method","description":"Because you love your horse","publisher":{"@id":"https:\/\/impulsmethode.at\/#organization"},"potentialAction":[{"@type":"SearchAction","target":{"@type":"EntryPoint","urlTemplate":"https:\/\/impulsmethode.at\/?s={search_term_string}"},"query-input":{"@type":"PropertyValueSpecification","valueRequired":true,"valueName":"search_term_string"}}],"inLanguage":"en-AU"},{"@type":["Organization","Place"],"@id":"https:\/\/impulsmethode.at\/#organization","name":"ImPuls method","url":"https:\/\/impulsmethode.at\/","logo":{"@id":"https:\/\/impulsmethode.at\/leistungen\/sports-trainings-plans\/#local-main-organization-logo"},"image":{"@id":"https:\/\/impulsmethode.at\/leistungen\/sports-trainings-plans\/#local-main-organization-logo"},"sameAs":["https:\/\/www.facebook.com\/ImPulsMethode","https:\/\/www.instagram.com\/impulsmethode\/","https:\/\/www.linkedin.com\/in\/adrienne-t-98349299\/","https:\/\/www.youtube.com\/@impulsmethode768","https:\/\/www.tiktok.com\/@impulsmethode"],"telephone":[],"openingHoursSpecification":[{"@type":"OpeningHoursSpecification","dayOfWeek":["Monday","Tuesday","Wednesday","Thursday","Friday","Saturday","Sunday"],"opens":"09:00","closes":"17:00"}]},{"@type":"ImageObject","inLanguage":"en-AU","@id":"https:\/\/impulsmethode.at\/leistungen\/sports-trainings-plans\/#local-main-organization-logo","url":"https:\/\/impulsmethode.at\/wp-content\/uploads\/2022\/04\/impuls_methode_logo_dark.png","contentUrl":"https:\/\/impulsmethode.at\/wp-content\/uploads\/2022\/04\/impuls_methode_logo_dark.png","width":750,"height":278,"caption":"ImPuls Methode"}]}},"jetpack_sharing_enabled":true,"_links":{"self":[{"href":"https:\/\/impulsmethode.at\/en\/wp-json\/wp\/v2\/pages\/6374","targetHints":{"allow":["GET"]}}],"collection":[{"href":"https:\/\/impulsmethode.at\/en\/wp-json\/wp\/v2\/pages"}],"about":[{"href":"https:\/\/impulsmethode.at\/en\/wp-json\/wp\/v2\/types\/page"}],"author":[{"embeddable":true,"href":"https:\/\/impulsmethode.at\/en\/wp-json\/wp\/v2\/users\/1"}],"replies":[{"embeddable":true,"href":"https:\/\/impulsmethode.at\/en\/wp-json\/wp\/v2\/comments?post=6374"}],"version-history":[{"count":4,"href":"https:\/\/impulsmethode.at\/en\/wp-json\/wp\/v2\/pages\/6374\/revisions"}],"predecessor-version":[{"id":7476,"href":"https:\/\/impulsmethode.at\/en\/wp-json\/wp\/v2\/pages\/6374\/revisions\/7476"}],"up":[{"embeddable":true,"href":"https:\/\/impulsmethode.at\/en\/wp-json\/wp\/v2\/pages\/6290"}],"wp:attachment":[{"href":"https:\/\/impulsmethode.at\/en\/wp-json\/wp\/v2\/media?parent=6374"}],"curies":[{"name":"wp","href":"https:\/\/api.w.org\/{rel}","templated":true}]}}