{"id":6365,"date":"2022-05-20T07:19:16","date_gmt":"2022-05-20T05:19:16","guid":{"rendered":"https:\/\/impulsmethode.at\/?page_id=6365"},"modified":"2024-03-18T10:44:37","modified_gmt":"2024-03-18T09:44:37","slug":"sports-coaching","status":"publish","type":"page","link":"https:\/\/impulsmethode.at\/en\/services\/sports-coaching\/","title":{"rendered":"Sports Coaching"},"content":{"rendered":"<div id=\"fws_69e76ed403b27\"  data-column-margin=\"default\" data-midnight=\"dark\" data-top-percent=\"2%\"  class=\"wpb_row vc_row-fluid vc_row full-width-content vc_row-o-equal-height vc_row-flex vc_row-o-content-top\"  style=\"padding-top: calc(100vw * 0.02); padding-bottom: 0px; \"><div class=\"row-bg-wrap\" data-bg-animation=\"none\" data-bg-overlay=\"false\"><div class=\"inner-wrap\"><div class=\"row-bg viewport-desktop using-bg-color\"  style=\"background-color: #ffffff; \"><\/div><\/div><\/div><div class=\"row_col_wrap_12 col span_12 dark left\">\n\t<div  class=\"vc_col-sm-2 wpb_column column_container vc_column_container col no-extra-padding inherit_tablet inherit_phone\"  data-padding-pos=\"all\" data-has-bg-color=\"false\" data-bg-color=\"\" data-bg-opacity=\"1\" data-animation=\"\" data-delay=\"0\" >\n\t\t<div class=\"vc_column-inner\" >\n\t\t\t<div class=\"wpb_wrapper\">\n\t\t\t\t\n\t\t\t<\/div> \n\t\t<\/div>\n\t<\/div> \n\n\t<div  class=\"vc_col-sm-8 wpb_column column_container vc_column_container col no-extra-padding inherit_tablet inherit_phone\"  data-padding-pos=\"all\" data-has-bg-color=\"false\" data-bg-color=\"\" data-bg-opacity=\"1\" data-animation=\"\" data-delay=\"0\" >\n\t\t<div class=\"vc_column-inner\" >\n\t\t\t<div class=\"wpb_wrapper\">\n\t\t\t\t\n<div class=\"wpb_text_column wpb_content_element  vc_custom_1653023900725\" >\n\t<div class=\"wpb_wrapper\">\n\t\t<p>Coaching sessions are like personalised training for you and your horse. Thanks to our approach, which is based on a special understanding of anatomy and biomechanics, we can teach you techniques that counteract common mistakes. Coaching sessions are different from your riding lessons and are best used in conjunction with a discipline-specific instructor.<\/p>\n<p>We work with you to improve the seat balance in particular. A balanced seat enables you to create the ideal conditions for your horse. The result is the (re)creation of a good rider\/horse relationship, enabling you to perform better in your chosen discipline.<\/p>\n<p>We also focus on working with you to promote the right muscle development for your horse. Sports conditioning programmes are tailored to the individual situation to get the best out of you and your horse. In general, we recommend a programme duration of 3 months to start with. However, programmes are also available for periods of 1-12 months.<\/p>\n<p>The ImPuls Method offers coaching sessions via remote training. We are registered with Move 'n Coach, a coach finder service. Through this system, we are able to observe you via live video and give you helpful instructions in real time.<\/p>\n\t<\/div>\n<\/div>\n\n\n\n\n\t\t\t<\/div> \n\t\t<\/div>\n\t<\/div> \n\n\t<div  class=\"vc_col-sm-2 wpb_column column_container vc_column_container col no-extra-padding inherit_tablet inherit_phone\"  data-padding-pos=\"all\" data-has-bg-color=\"false\" data-bg-color=\"\" data-bg-opacity=\"1\" data-animation=\"\" data-delay=\"0\" >\n\t\t<div class=\"vc_column-inner\" >\n\t\t\t<div class=\"wpb_wrapper\">\n\t\t\t\t\n\t\t\t<\/div> \n\t\t<\/div>\n\t<\/div> \n<\/div><\/div>\n\t\t<div id=\"fws_69e76ed4047e7\"  data-column-margin=\"default\" data-midnight=\"light\" data-top-percent=\"2%\" data-bottom-percent=\"2%\"  class=\"wpb_row vc_row-fluid vc_row full-width-section\"  style=\"padding-top: calc(100vw * 0.02); padding-bottom: calc(100vw * 0.02); \"><div class=\"row-bg-wrap\" data-bg-animation=\"none\" data-bg-overlay=\"false\"><div class=\"inner-wrap\"><div class=\"row-bg viewport-desktop using-bg-color\"  style=\"background-color: #ffffff; \"><\/div><\/div><\/div><div class=\"row_col_wrap_12 col span_12 light left\">\n\t<div  class=\"vc_col-sm-12 wpb_column column_container vc_column_container col no-extra-padding inherit_tablet inherit_phone\"  data-padding-pos=\"all\" data-has-bg-color=\"false\" data-bg-color=\"\" data-bg-opacity=\"1\" data-animation=\"\" data-delay=\"0\" >\n\t\t<div class=\"vc_column-inner\" >\n\t\t\t<div class=\"wpb_wrapper\">\n\t\t\t\t\n\t<div class=\"wpb_gallery wpb_content_element clearfix\">\n\t\t<div class=\"wpb_wrapper\"><div class=\"wpb_gallery_slidesimage_grid\" data-onclick=\"link_image\" data-interval=\"5\">\n\n\t<div class=\"portfolio-wrap\">\n\n\t\t\t<span class=\"portfolio-loading\"><\/span>\n\n\t\t\t<div class=\"row portfolio-items no-masonry\" data-starting-filter=\"\" data-gutter=\"default\" data-masonry-type=\"default\" data-bypass-cropping=\"\"  data-ps=\"7\" data-loading=\"default\" data-categories-to-show=\"\" data-col-num=\"cols-4\">\n\n\n\n\t\n\t\t\t\t\t\t\t<div class=\"col span_3  element\" data-project-cat=\"\" data-default-color=\"true\" data-title-color=\"\" data-subtitle-color=\"\">\n\n\t\t\t\t\t\t\t<div class=\"inner-wrap animated\" data-animation=\"none\">\n\n\t\t\t\t\t\t\t\n\t\t\t\t\t\t\t<div class=\"work-item style-2\">\n\n\t\t\t\t\t\t\t\t<img loading=\"lazy\" decoding=\"async\" class=\"skip-lazy top-level-image\" src=\"https:\/\/impulsmethode.at\/wp-content\/uploads\/2022\/05\/636-jpeg-400x300.webp\" width=\"400\" height=\"300\" alt=\"636\" title=\"636\" \/>\n\t\t\t\t\t\t\t\t<div class=\"work-info-bg\"><\/div>\n\t\t\t\t\t\t\t\t<div class=\"work-info\">\n\n\n\t\t\t\t\t\t\t\t\t\t\t\t\t\t\t\t\t   \t\t\t <a href=\"https:\/\/impulsmethode.at\/wp-content\/uploads\/2022\/05\/636-jpeg.webp\" class=\"pretty_photo\"><\/a>\n\t\t\t\t\t\t\t\t   \t\t\n\t\t\t\t\t\t\t\t\t\t<div class=\"vert-center\">\n\t\t\t\t\t\t\t\t\t\t\t\t\t\t\t\t\t\t\t\t\t<\/div><!--\/vert-center-->\n\n\t\t\t\t\t\t\t\t\t\n\n\t\t\t\t\t\t\t\t<\/div>\n\t\t\t\t\t\t\t<\/div><!--work-item-->\n\n\t\t\t\t\t\t\n\n\t\t\t\t\t\t<\/div><\/div> \n\t\t\t\t\t\t\n\t\t\t\t\t\t\t<div class=\"col span_3  element\" data-project-cat=\"\" data-default-color=\"true\" data-title-color=\"\" data-subtitle-color=\"\">\n\n\t\t\t\t\t\t\t<div class=\"inner-wrap animated\" data-animation=\"none\">\n\n\t\t\t\t\t\t\t\n\t\t\t\t\t\t\t<div class=\"work-item style-2\">\n\n\t\t\t\t\t\t\t\t<img loading=\"lazy\" decoding=\"async\" class=\"skip-lazy top-level-image\" src=\"https:\/\/impulsmethode.at\/wp-content\/uploads\/2022\/05\/447-jpeg-400x300.webp\" width=\"400\" height=\"300\" alt=\"447\" title=\"447\" \/>\n\t\t\t\t\t\t\t\t<div class=\"work-info-bg\"><\/div>\n\t\t\t\t\t\t\t\t<div class=\"work-info\">\n\n\n\t\t\t\t\t\t\t\t\t\t\t\t\t\t\t\t\t   \t\t\t <a href=\"https:\/\/impulsmethode.at\/wp-content\/uploads\/2022\/05\/447-jpeg.webp\" class=\"pretty_photo\"><\/a>\n\t\t\t\t\t\t\t\t   \t\t\n\t\t\t\t\t\t\t\t\t\t<div class=\"vert-center\">\n\t\t\t\t\t\t\t\t\t\t\t\t\t\t\t\t\t\t\t\t\t<\/div><!--\/vert-center-->\n\n\t\t\t\t\t\t\t\t\t\n\n\t\t\t\t\t\t\t\t<\/div>\n\t\t\t\t\t\t\t<\/div><!--work-item-->\n\n\t\t\t\t\t\t\n\n\t\t\t\t\t\t<\/div><\/div> \n\t\t\t\t\t\t\n\t\t\t\t\t\t\t<div class=\"col span_3  element\" data-project-cat=\"\" data-default-color=\"true\" data-title-color=\"\" data-subtitle-color=\"\">\n\n\t\t\t\t\t\t\t<div class=\"inner-wrap animated\" data-animation=\"none\">\n\n\t\t\t\t\t\t\t\n\t\t\t\t\t\t\t<div class=\"work-item style-2\">\n\n\t\t\t\t\t\t\t\t<img loading=\"lazy\" decoding=\"async\" class=\"skip-lazy top-level-image\" src=\"https:\/\/impulsmethode.at\/wp-content\/uploads\/2022\/05\/327-jpeg-400x300.webp\" width=\"400\" height=\"300\" alt=\"327\" title=\"327\" \/>\n\t\t\t\t\t\t\t\t<div class=\"work-info-bg\"><\/div>\n\t\t\t\t\t\t\t\t<div class=\"work-info\">\n\n\n\t\t\t\t\t\t\t\t\t\t\t\t\t\t\t\t\t   \t\t\t <a href=\"https:\/\/impulsmethode.at\/wp-content\/uploads\/2022\/05\/327-jpeg.webp\" class=\"pretty_photo\"><\/a>\n\t\t\t\t\t\t\t\t   \t\t\n\t\t\t\t\t\t\t\t\t\t<div class=\"vert-center\">\n\t\t\t\t\t\t\t\t\t\t\t\t\t\t\t\t\t\t\t\t\t<\/div><!--\/vert-center-->\n\n\t\t\t\t\t\t\t\t\t\n\n\t\t\t\t\t\t\t\t<\/div>\n\t\t\t\t\t\t\t<\/div><!--work-item-->\n\n\t\t\t\t\t\t\n\n\t\t\t\t\t\t<\/div><\/div> \n\t\t\t\t\t\t\n\t\t\t\t\t\t\t<div class=\"col span_3  element\" data-project-cat=\"\" data-default-color=\"true\" data-title-color=\"\" data-subtitle-color=\"\">\n\n\t\t\t\t\t\t\t<div class=\"inner-wrap animated\" data-animation=\"none\">\n\n\t\t\t\t\t\t\t\n\t\t\t\t\t\t\t<div class=\"work-item style-2\">\n\n\t\t\t\t\t\t\t\t<img loading=\"lazy\" decoding=\"async\" class=\"skip-lazy top-level-image\" src=\"https:\/\/impulsmethode.at\/wp-content\/uploads\/2022\/05\/288-jpeg-e1725373713497-400x300.webp\" width=\"400\" height=\"300\" alt=\"288\" title=\"288\" \/>\n\t\t\t\t\t\t\t\t<div class=\"work-info-bg\"><\/div>\n\t\t\t\t\t\t\t\t<div class=\"work-info\">\n\n\n\t\t\t\t\t\t\t\t\t\t\t\t\t\t\t\t\t   \t\t\t <a href=\"https:\/\/impulsmethode.at\/wp-content\/uploads\/2022\/05\/288-jpeg-e1725373713497.webp\" class=\"pretty_photo\"><\/a>\n\t\t\t\t\t\t\t\t   \t\t\n\t\t\t\t\t\t\t\t\t\t<div class=\"vert-center\">\n\t\t\t\t\t\t\t\t\t\t\t\t\t\t\t\t\t\t\t\t\t<\/div><!--\/vert-center-->\n\n\t\t\t\t\t\t\t\t\t\n\n\t\t\t\t\t\t\t\t<\/div>\n\t\t\t\t\t\t\t<\/div><!--work-item-->\n\n\t\t\t\t\t\t\n\n\t\t\t\t\t\t<\/div><\/div> \n\t\t\t\t\t\t\n\t\t\t\t\t\t\t<div class=\"col span_3  element\" data-project-cat=\"\" data-default-color=\"true\" data-title-color=\"\" data-subtitle-color=\"\">\n\n\t\t\t\t\t\t\t<div class=\"inner-wrap animated\" data-animation=\"none\">\n\n\t\t\t\t\t\t\t\n\t\t\t\t\t\t\t<div class=\"work-item style-2\">\n\n\t\t\t\t\t\t\t\t<img loading=\"lazy\" decoding=\"async\" class=\"skip-lazy top-level-image\" src=\"https:\/\/impulsmethode.at\/wp-content\/uploads\/2022\/05\/274-jpeg-400x300.webp\" width=\"400\" height=\"300\" alt=\"274\" title=\"274\" \/>\n\t\t\t\t\t\t\t\t<div class=\"work-info-bg\"><\/div>\n\t\t\t\t\t\t\t\t<div class=\"work-info\">\n\n\n\t\t\t\t\t\t\t\t\t\t\t\t\t\t\t\t\t   \t\t\t <a href=\"https:\/\/impulsmethode.at\/wp-content\/uploads\/2022\/05\/274-jpeg.webp\" class=\"pretty_photo\"><\/a>\n\t\t\t\t\t\t\t\t   \t\t\n\t\t\t\t\t\t\t\t\t\t<div class=\"vert-center\">\n\t\t\t\t\t\t\t\t\t\t\t\t\t\t\t\t\t\t\t\t\t<\/div><!--\/vert-center-->\n\n\t\t\t\t\t\t\t\t\t\n\n\t\t\t\t\t\t\t\t<\/div>\n\t\t\t\t\t\t\t<\/div><!--work-item-->\n\n\t\t\t\t\t\t\n\n\t\t\t\t\t\t<\/div><\/div> \n\t\t\t\t\t\t\n\t\t\t\t\t\t\t<div class=\"col span_3  element\" data-project-cat=\"\" data-default-color=\"true\" data-title-color=\"\" data-subtitle-color=\"\">\n\n\t\t\t\t\t\t\t<div class=\"inner-wrap animated\" data-animation=\"none\">\n\n\t\t\t\t\t\t\t\n\t\t\t\t\t\t\t<div class=\"work-item style-2\">\n\n\t\t\t\t\t\t\t\t<img loading=\"lazy\" decoding=\"async\" class=\"skip-lazy top-level-image\" src=\"https:\/\/impulsmethode.at\/wp-content\/uploads\/2022\/05\/620-jpeg-400x300.webp\" width=\"400\" height=\"300\" alt=\"620\" title=\"620\" \/>\n\t\t\t\t\t\t\t\t<div class=\"work-info-bg\"><\/div>\n\t\t\t\t\t\t\t\t<div class=\"work-info\">\n\n\n\t\t\t\t\t\t\t\t\t\t\t\t\t\t\t\t\t   \t\t\t <a href=\"https:\/\/impulsmethode.at\/wp-content\/uploads\/2022\/05\/620-jpeg.webp\" class=\"pretty_photo\"><\/a>\n\t\t\t\t\t\t\t\t   \t\t\n\t\t\t\t\t\t\t\t\t\t<div class=\"vert-center\">\n\t\t\t\t\t\t\t\t\t\t\t\t\t\t\t\t\t\t\t\t\t<\/div><!--\/vert-center-->\n\n\t\t\t\t\t\t\t\t\t\n\n\t\t\t\t\t\t\t\t<\/div>\n\t\t\t\t\t\t\t<\/div><!--work-item-->\n\n\t\t\t\t\t\t\n\n\t\t\t\t\t\t<\/div><\/div> \n\t\t\t\t\t\t<\/div><\/div><\/div>\n\t\t<\/div> \n\t<\/div> \n\t\t\t<\/div> \n\t\t<\/div>\n\t<\/div> \n<\/div><\/div>\n\t\t<div id=\"fws_69e76ed407748\"  data-column-margin=\"default\" data-midnight=\"light\" data-top-percent=\"10%\" data-bottom-percent=\"10%\"  data-bg-mobile-hidden=\"true\" class=\"wpb_row vc_row-fluid vc_row full-width-section parallax_section\"  style=\"padding-top: calc(100vw * 0.10); padding-bottom: calc(100vw * 0.10); \"><div class=\"row-bg-wrap\" data-bg-animation=\"none\" data-bg-overlay=\"true\"><div class=\"inner-wrap using-image\"><div class=\"row-bg viewport-desktop using-image using-bg-color\" data-parallax-speed=\"fast\" style=\"background-image: url(https:\/\/impulsmethode.at\/wp-content\/uploads\/2022\/04\/young-woman-equestrian-training-riding-protection-horse-rider-helmet-arena-country-equitation_t20_E0ye3Z-scaled-jpg.webp); background-position: left top; background-repeat: no-repeat; background-color: #383838; \"><\/div><\/div><div class=\"row-bg-overlay\" style=\"background-color:#000000;  opacity: 0.5; \"><\/div><\/div><div class=\"row_col_wrap_12 col span_12 light left\">\n\t<div  class=\"vc_col-sm-12 wpb_column column_container vc_column_container col has-animation no-extra-padding inherit_tablet inherit_phone\"  data-padding-pos=\"all\" data-has-bg-color=\"false\" data-bg-color=\"\" data-bg-opacity=\"1\" data-animation=\"grow-in\" data-delay=\"0\" >\n\t\t<div class=\"vc_column-inner\" >\n\t\t\t<div class=\"wpb_wrapper\">\n\t\t\t\t<div class=\"testimonial_slider span_12 col font_line_height_1-5 disable-height-animation\" data-color=\"\"  data-rating-color=\"accent-color\" data-add-border=\"\" data-autorotate=\"5000\" data-style=\"default\" ><div class=\"slides\"><blockquote> <div data-shadow=\"\" class=\"image-icon has-bg\" style=\"background-image: url(https:\/\/impulsmethode.at\/wp-content\/uploads\/2022\/04\/ko\u0308ssler-300x300.jpeg);\">&#8220;<\/div> <p>\"In my almost 40 years of practice as an equine vet, I have never met anyone who supports my treatments as well as Adrienne, and because of her knowledge, her experience and her great passion for horses, I trust in the new massage gel with CBD - an active ingredient that is already used successfully in equine therapy in many ways.\"<span class=\"star-rating-wrap\"> <span class=\"star-rating\"><span style=\"width: 100%;\" class=\"filled\"><\/span><\/span><\/span> <span class=\"bottom-arrow\"><\/span><\/p><span class=\"testimonial-name\">Dr med. vet. Josef K\u00f6ssler<\/span><span class=\"title\">Specialist vet for horses (FEI), chiropractor (IAVC), Tyrol A<\/span><\/blockquote><blockquote> <div data-shadow=\"\" class=\"image-icon has-bg\" style=\"background-image: url(https:\/\/impulsmethode.at\/wp-content\/uploads\/2022\/04\/bruno_holzknecht-300x300.jpeg);\">&#8220;<\/div> <p>Unfortunately it happened that after a farrier change my horses were shod incorrectly for two years.<br \/>\nThis has caused a lot of tension and blockages to build up in my horses throughout their bodies, despite solid and very fine riding.<br \/>\nIt is incredible what Mrs Tomkinson has achieved with her eye, expertise and hands. Simply great. The horses are almost equally relaxed again on both sides, want to work again, have fun again. She knows her trade, THANK YOU !!!<br \/>\nNot forgetting the CBD gel. You only need a very small amount, no oil stains form, it is really absorbed and does its job.<br \/>\nThanks to Mrs Tomkinson's expert instructions on exactly where and how to rub it in, the effect is perfect.<span class=\"star-rating-wrap\"> <span class=\"star-rating\"><span style=\"width: 100%;\" class=\"filled\"><\/span><\/span><\/span> <span class=\"bottom-arrow\"><\/span><\/p><span class=\"testimonial-name\">Bruno Holzknecht and Captain Winny<\/span><span class=\"title\">Show jumping and dressage rider, state-certified professional rider<\/span><\/blockquote><\/div><\/div>\n\t\t\t<\/div> \n\t\t<\/div>\n\t<\/div> \n<\/div><\/div>","protected":false},"excerpt":{"rendered":"Coachings sind wie ein Personaltraining f\u00fcr Sie und Ihr Pferd. Dank unseres Ansatzes, der auf einem besonderen Verst\u00e4ndnis von Anatomie und Biomechanik basiert, k\u00f6nnen wir Ihnen Techniken beibringen, die h\u00e4ufigen...","protected":false},"author":1,"featured_media":0,"parent":6290,"menu_order":0,"comment_status":"closed","ping_status":"closed","template":"","meta":{"footnotes":""},"class_list":["post-6365","page","type-page","status-publish"],"yoast_head":"<!-- This site is optimized with the Yoast SEO Premium plugin v26.9 (Yoast SEO v27.4) - https:\/\/yoast.com\/product\/yoast-seo-premium-wordpress\/ -->\n<title>Sports Coaching - Impuls Methode<\/title>\n<meta name=\"robots\" content=\"index, follow, max-snippet:-1, max-image-preview:large, max-video-preview:-1\" \/>\n<link rel=\"canonical\" href=\"https:\/\/impulsmethode.at\/en\/services\/sports-coaching\/\" \/>\n<meta property=\"og:locale\" content=\"en_US\" \/>\n<meta property=\"og:type\" content=\"article\" \/>\n<meta property=\"og:title\" content=\"Sports Coaching\" \/>\n<meta property=\"og:url\" content=\"https:\/\/impulsmethode.at\/en\/services\/sports-coaching\/\" \/>\n<meta property=\"og:site_name\" content=\"Impuls Methode\" \/>\n<meta property=\"article:publisher\" content=\"https:\/\/www.facebook.com\/ImPulsMethode\" \/>\n<meta property=\"article:modified_time\" content=\"2024-03-18T09:44:37+00:00\" \/>\n<meta name=\"twitter:card\" content=\"summary_large_image\" \/>\n<meta name=\"twitter:label1\" content=\"Est. reading time\" \/>\n\t<meta name=\"twitter:data1\" content=\"6 minutes\" \/>\n<script type=\"application\/ld+json\" class=\"yoast-schema-graph\">{\"@context\":\"https:\\\/\\\/schema.org\",\"@graph\":[{\"@type\":\"WebPage\",\"@id\":\"https:\\\/\\\/impulsmethode.at\\\/leistungen\\\/sports-coaching\\\/\",\"url\":\"https:\\\/\\\/impulsmethode.at\\\/leistungen\\\/sports-coaching\\\/\",\"name\":\"Sports Coaching - Impuls Methode\",\"isPartOf\":{\"@id\":\"https:\\\/\\\/impulsmethode.at\\\/#website\"},\"datePublished\":\"2022-05-20T05:19:16+00:00\",\"dateModified\":\"2024-03-18T09:44:37+00:00\",\"breadcrumb\":{\"@id\":\"https:\\\/\\\/impulsmethode.at\\\/leistungen\\\/sports-coaching\\\/#breadcrumb\"},\"inLanguage\":\"en-AU\",\"potentialAction\":[{\"@type\":\"ReadAction\",\"target\":[\"https:\\\/\\\/impulsmethode.at\\\/leistungen\\\/sports-coaching\\\/\"]}]},{\"@type\":\"BreadcrumbList\",\"@id\":\"https:\\\/\\\/impulsmethode.at\\\/leistungen\\\/sports-coaching\\\/#breadcrumb\",\"itemListElement\":[{\"@type\":\"ListItem\",\"position\":1,\"name\":\"Home\",\"item\":\"https:\\\/\\\/impulsmethode.at\\\/\"},{\"@type\":\"ListItem\",\"position\":2,\"name\":\"Leistungen\",\"item\":\"https:\\\/\\\/impulsmethode.at\\\/leistungen\\\/\"},{\"@type\":\"ListItem\",\"position\":3,\"name\":\"Sports Coaching\"}]},{\"@type\":\"WebSite\",\"@id\":\"https:\\\/\\\/impulsmethode.at\\\/#website\",\"url\":\"https:\\\/\\\/impulsmethode.at\\\/\",\"name\":\"ImPuls Methode\",\"description\":\"Weil du dein Pferd liebst\",\"publisher\":{\"@id\":\"https:\\\/\\\/impulsmethode.at\\\/#organization\"},\"potentialAction\":[{\"@type\":\"SearchAction\",\"target\":{\"@type\":\"EntryPoint\",\"urlTemplate\":\"https:\\\/\\\/impulsmethode.at\\\/?s={search_term_string}\"},\"query-input\":{\"@type\":\"PropertyValueSpecification\",\"valueRequired\":true,\"valueName\":\"search_term_string\"}}],\"inLanguage\":\"en-AU\"},{\"@type\":[\"Organization\",\"Place\"],\"@id\":\"https:\\\/\\\/impulsmethode.at\\\/#organization\",\"name\":\"ImPuls Methode\",\"url\":\"https:\\\/\\\/impulsmethode.at\\\/\",\"logo\":{\"@id\":\"https:\\\/\\\/impulsmethode.at\\\/leistungen\\\/sports-coaching\\\/#local-main-organization-logo\"},\"image\":{\"@id\":\"https:\\\/\\\/impulsmethode.at\\\/leistungen\\\/sports-coaching\\\/#local-main-organization-logo\"},\"sameAs\":[\"https:\\\/\\\/www.facebook.com\\\/ImPulsMethode\",\"https:\\\/\\\/www.instagram.com\\\/impulsmethode\\\/\",\"https:\\\/\\\/www.linkedin.com\\\/in\\\/adrienne-t-98349299\\\/\",\"https:\\\/\\\/www.youtube.com\\\/@impulsmethode768\",\"https:\\\/\\\/www.tiktok.com\\\/@impulsmethode\"],\"telephone\":[],\"openingHoursSpecification\":[{\"@type\":\"OpeningHoursSpecification\",\"dayOfWeek\":[\"Monday\",\"Tuesday\",\"Wednesday\",\"Thursday\",\"Friday\",\"Saturday\",\"Sunday\"],\"opens\":\"09:00\",\"closes\":\"17:00\"}]},{\"@type\":\"ImageObject\",\"inLanguage\":\"en-AU\",\"@id\":\"https:\\\/\\\/impulsmethode.at\\\/leistungen\\\/sports-coaching\\\/#local-main-organization-logo\",\"url\":\"https:\\\/\\\/impulsmethode.at\\\/wp-content\\\/uploads\\\/2022\\\/04\\\/impuls_methode_logo_dark.png\",\"contentUrl\":\"https:\\\/\\\/impulsmethode.at\\\/wp-content\\\/uploads\\\/2022\\\/04\\\/impuls_methode_logo_dark.png\",\"width\":750,\"height\":278,\"caption\":\"ImPuls Methode\"}]}<\/script>\n<!-- \/ Yoast SEO Premium plugin. -->","yoast_head_json":{"title":"Sports Coaching - Impulse Method","robots":{"index":"index","follow":"follow","max-snippet":"max-snippet:-1","max-image-preview":"max-image-preview:large","max-video-preview":"max-video-preview:-1"},"canonical":"https:\/\/impulsmethode.at\/en\/services\/sports-coaching\/","og_locale":"en_US","og_type":"article","og_title":"Sports Coaching","og_url":"https:\/\/impulsmethode.at\/en\/services\/sports-coaching\/","og_site_name":"Impuls Methode","article_publisher":"https:\/\/www.facebook.com\/ImPulsMethode","article_modified_time":"2024-03-18T09:44:37+00:00","twitter_card":"summary_large_image","twitter_misc":{"Est. reading time":"6 minutes"},"schema":{"@context":"https:\/\/schema.org","@graph":[{"@type":"WebPage","@id":"https:\/\/impulsmethode.at\/leistungen\/sports-coaching\/","url":"https:\/\/impulsmethode.at\/leistungen\/sports-coaching\/","name":"Sports Coaching - Impulse Method","isPartOf":{"@id":"https:\/\/impulsmethode.at\/#website"},"datePublished":"2022-05-20T05:19:16+00:00","dateModified":"2024-03-18T09:44:37+00:00","breadcrumb":{"@id":"https:\/\/impulsmethode.at\/leistungen\/sports-coaching\/#breadcrumb"},"inLanguage":"en-AU","potentialAction":[{"@type":"ReadAction","target":["https:\/\/impulsmethode.at\/leistungen\/sports-coaching\/"]}]},{"@type":"BreadcrumbList","@id":"https:\/\/impulsmethode.at\/leistungen\/sports-coaching\/#breadcrumb","itemListElement":[{"@type":"ListItem","position":1,"name":"Home","item":"https:\/\/impulsmethode.at\/"},{"@type":"ListItem","position":2,"name":"Leistungen","item":"https:\/\/impulsmethode.at\/leistungen\/"},{"@type":"ListItem","position":3,"name":"Sports Coaching"}]},{"@type":"WebSite","@id":"https:\/\/impulsmethode.at\/#website","url":"https:\/\/impulsmethode.at\/","name":"ImPuls method","description":"Because you love your horse","publisher":{"@id":"https:\/\/impulsmethode.at\/#organization"},"potentialAction":[{"@type":"SearchAction","target":{"@type":"EntryPoint","urlTemplate":"https:\/\/impulsmethode.at\/?s={search_term_string}"},"query-input":{"@type":"PropertyValueSpecification","valueRequired":true,"valueName":"search_term_string"}}],"inLanguage":"en-AU"},{"@type":["Organization","Place"],"@id":"https:\/\/impulsmethode.at\/#organization","name":"ImPuls method","url":"https:\/\/impulsmethode.at\/","logo":{"@id":"https:\/\/impulsmethode.at\/leistungen\/sports-coaching\/#local-main-organization-logo"},"image":{"@id":"https:\/\/impulsmethode.at\/leistungen\/sports-coaching\/#local-main-organization-logo"},"sameAs":["https:\/\/www.facebook.com\/ImPulsMethode","https:\/\/www.instagram.com\/impulsmethode\/","https:\/\/www.linkedin.com\/in\/adrienne-t-98349299\/","https:\/\/www.youtube.com\/@impulsmethode768","https:\/\/www.tiktok.com\/@impulsmethode"],"telephone":[],"openingHoursSpecification":[{"@type":"OpeningHoursSpecification","dayOfWeek":["Monday","Tuesday","Wednesday","Thursday","Friday","Saturday","Sunday"],"opens":"09:00","closes":"17:00"}]},{"@type":"ImageObject","inLanguage":"en-AU","@id":"https:\/\/impulsmethode.at\/leistungen\/sports-coaching\/#local-main-organization-logo","url":"https:\/\/impulsmethode.at\/wp-content\/uploads\/2022\/04\/impuls_methode_logo_dark.png","contentUrl":"https:\/\/impulsmethode.at\/wp-content\/uploads\/2022\/04\/impuls_methode_logo_dark.png","width":750,"height":278,"caption":"ImPuls Methode"}]}},"jetpack_sharing_enabled":true,"_links":{"self":[{"href":"https:\/\/impulsmethode.at\/en\/wp-json\/wp\/v2\/pages\/6365","targetHints":{"allow":["GET"]}}],"collection":[{"href":"https:\/\/impulsmethode.at\/en\/wp-json\/wp\/v2\/pages"}],"about":[{"href":"https:\/\/impulsmethode.at\/en\/wp-json\/wp\/v2\/types\/page"}],"author":[{"embeddable":true,"href":"https:\/\/impulsmethode.at\/en\/wp-json\/wp\/v2\/users\/1"}],"replies":[{"embeddable":true,"href":"https:\/\/impulsmethode.at\/en\/wp-json\/wp\/v2\/comments?post=6365"}],"version-history":[{"count":2,"href":"https:\/\/impulsmethode.at\/en\/wp-json\/wp\/v2\/pages\/6365\/revisions"}],"predecessor-version":[{"id":6952,"href":"https:\/\/impulsmethode.at\/en\/wp-json\/wp\/v2\/pages\/6365\/revisions\/6952"}],"up":[{"embeddable":true,"href":"https:\/\/impulsmethode.at\/en\/wp-json\/wp\/v2\/pages\/6290"}],"wp:attachment":[{"href":"https:\/\/impulsmethode.at\/en\/wp-json\/wp\/v2\/media?parent=6365"}],"curies":[{"name":"wp","href":"https:\/\/api.w.org\/{rel}","templated":true}]}}